{"id":3835,"date":"2023-10-12T10:25:33","date_gmt":"2023-10-12T09:25:33","guid":{"rendered":"https:\/\/www.hydrotruck.eu\/sklep\/?post_type=product&#038;p=3835"},"modified":"2024-04-25T10:55:01","modified_gmt":"2024-04-25T09:55:01","slug":"uszczelnienia-storz-a-110","status":"publish","type":"product","link":"https:\/\/www.hydrotruck.eu\/sklep\/produkt\/uszczelnienia-storz-a-110\/","title":{"rendered":"Uszczelnienia STORZ A 110"},"content":{"rendered":"<p><strong>Uszczelnienia STORZ: Rozmiar A 110 , Materia\u0142 :Bia\u0142e<\/strong><\/p>\n<p>Uszczelnienia STORZ A 110 to wysokiej jako\u015bci uszczelki stosowane w systemach po\u0142\u0105cze\u0144 Storz. S\u0105 one szeroko wykorzystywane w bran\u017cy stra\u017cackiej i przemys\u0142owej do \u0142\u0105czenia i uszczelniania rur, w\u0119\u017c\u00f3w, sprz\u0119tu ga\u015bniczego i innych element\u00f3w. Uszczelnienia STORZ s\u0105 wykonane z wytrzyma\u0142ych materia\u0142\u00f3w, takich jak gumy syntetyczne, kt\u00f3re zapewniaj\u0105 skuteczne uszczelnienie i ochron\u0119 przed wyciekami. Dzi\u0119ki swojej solidnej konstrukcji i \u0142atwo\u015bci monta\u017cu, uszczelnienia STORZ s\u0105 niezawodne i trwa\u0142e, co czyni je popularnym wyborem w wielu zastosowaniach.<\/p>\n<p><a href=\"https:\/\/www.hydrotruck.eu\/sklep\/kategoria\/czesci-do-silonaczep\/zlacza-do-wezy\/storz\/\">Sprawd\u017a wi\u0119cej naszych z\u0142\u0105czy do w\u0119\u017cy Storz.<\/a><\/p>\n","protected":false},"excerpt":{"rendered":"<p><strong>Rozmiar A(110) , Materia\u0142 :Bia\u0142e<\/strong><\/p>\n<p>Uszczelnienia STORZ to wysokiej jako\u015bci uszczelki stosowane w systemach po\u0142\u0105cze\u0144 Storz. S\u0105 one szeroko wykorzystywane w bran\u017cy stra\u017cackiej i przemys\u0142owej do \u0142\u0105czenia i uszczelniania rur, w\u0119\u017c\u00f3w, sprz\u0119tu ga\u015bniczego i innych element\u00f3w.<\/p>\n","protected":false},"featured_media":4226,"template":"","meta":{"inline_featured_image":false},"product_cat":[92,84],"product_tag":[],"class_list":{"0":"post-3835","1":"product","2":"type-product","3":"status-publish","4":"has-post-thumbnail","6":"product_cat-storz","7":"product_cat-zlacza-do-wezy","9":"first","10":"instock","11":"shipping-taxable","12":"purchasable","13":"product-type-simple"},"yoast_head":"<!-- This site is optimized with the Yoast SEO plugin v26.9 - https:\/\/yoast.com\/product\/yoast-seo-wordpress\/ -->\n<title>Uszczelnienia STORZ A 110 - Hydrotruck<\/title>\n<meta name=\"description\" content=\"Uszczelnienia STORZ A 110 to wysokiej jako\u015bci uszczelki stosowane w systemach po\u0142\u0105cze\u0144 Storz. Wykonane z wytrzyma\u0142ych materia\u0142\u00f3w, takich....A\" \/>\n<meta name=\"robots\" content=\"index, follow, max-snippet:-1, max-image-preview:large, max-video-preview:-1\" \/>\n<link rel=\"canonical\" href=\"https:\/\/www.hydrotruck.eu\/sklep\/produkt\/uszczelnienia-storz-a-110\/\" \/>\n<meta property=\"og:locale\" content=\"pl_PL\" \/>\n<meta property=\"og:type\" content=\"article\" \/>\n<meta property=\"og:title\" content=\"Uszczelnienia STORZ A 110 - Hydrotruck\" \/>\n<meta property=\"og:description\" content=\"Uszczelnienia STORZ A 110 to wysokiej jako\u015bci uszczelki stosowane w systemach po\u0142\u0105cze\u0144 Storz. Wykonane z wytrzyma\u0142ych materia\u0142\u00f3w, takich....A\" \/>\n<meta property=\"og:url\" content=\"https:\/\/www.hydrotruck.eu\/sklep\/produkt\/uszczelnienia-storz-a-110\/\" \/>\n<meta property=\"og:site_name\" content=\"Hydrotruck\" \/>\n<meta property=\"article:modified_time\" content=\"2024-04-25T09:55:01+00:00\" \/>\n<meta property=\"og:image\" content=\"https:\/\/www.hydrotruck.eu\/sklep\/wp-content\/uploads\/2023\/12\/Uszczelnienia-STORZ-A-110.png\" \/>\n\t<meta property=\"og:image:width\" content=\"1080\" \/>\n\t<meta property=\"og:image:height\" content=\"1080\" \/>\n\t<meta property=\"og:image:type\" content=\"image\/png\" \/>\n<meta name=\"twitter:card\" content=\"summary_large_image\" \/>\n<meta name=\"twitter:label1\" content=\"Szacowany czas czytania\" \/>\n\t<meta name=\"twitter:data1\" content=\"1 minuta\" \/>\n<script type=\"application\/ld+json\" class=\"yoast-schema-graph\">{\"@context\":\"https:\/\/schema.org\",\"@graph\":[{\"@type\":\"WebPage\",\"@id\":\"https:\/\/www.hydrotruck.eu\/sklep\/produkt\/uszczelnienia-storz-a-110\/\",\"url\":\"https:\/\/www.hydrotruck.eu\/sklep\/produkt\/uszczelnienia-storz-a-110\/\",\"name\":\"Uszczelnienia STORZ A 110 - Hydrotruck\",\"isPartOf\":{\"@id\":\"https:\/\/www.hydrotruck.eu\/sklep\/#website\"},\"primaryImageOfPage\":{\"@id\":\"https:\/\/www.hydrotruck.eu\/sklep\/produkt\/uszczelnienia-storz-a-110\/#primaryimage\"},\"image\":{\"@id\":\"https:\/\/www.hydrotruck.eu\/sklep\/produkt\/uszczelnienia-storz-a-110\/#primaryimage\"},\"thumbnailUrl\":\"https:\/\/www.hydrotruck.eu\/sklep\/wp-content\/uploads\/2023\/12\/Uszczelnienia-STORZ-A-110.png\",\"datePublished\":\"2023-10-12T09:25:33+00:00\",\"dateModified\":\"2024-04-25T09:55:01+00:00\",\"description\":\"Uszczelnienia STORZ A 110 to wysokiej jako\u015bci uszczelki stosowane w systemach po\u0142\u0105cze\u0144 Storz. Wykonane z wytrzyma\u0142ych materia\u0142\u00f3w, takich....A\",\"breadcrumb\":{\"@id\":\"https:\/\/www.hydrotruck.eu\/sklep\/produkt\/uszczelnienia-storz-a-110\/#breadcrumb\"},\"inLanguage\":\"pl-PL\",\"potentialAction\":[{\"@type\":\"ReadAction\",\"target\":[\"https:\/\/www.hydrotruck.eu\/sklep\/produkt\/uszczelnienia-storz-a-110\/\"]}]},{\"@type\":\"ImageObject\",\"inLanguage\":\"pl-PL\",\"@id\":\"https:\/\/www.hydrotruck.eu\/sklep\/produkt\/uszczelnienia-storz-a-110\/#primaryimage\",\"url\":\"https:\/\/www.hydrotruck.eu\/sklep\/wp-content\/uploads\/2023\/12\/Uszczelnienia-STORZ-A-110.png\",\"contentUrl\":\"https:\/\/www.hydrotruck.eu\/sklep\/wp-content\/uploads\/2023\/12\/Uszczelnienia-STORZ-A-110.png\",\"width\":1080,\"height\":1080,\"caption\":\"Z\u0142\u0105cza do w\u0119\u017cy uszczelnienia STORZ A (110)\"},{\"@type\":\"BreadcrumbList\",\"@id\":\"https:\/\/www.hydrotruck.eu\/sklep\/produkt\/uszczelnienia-storz-a-110\/#breadcrumb\",\"itemListElement\":[{\"@type\":\"ListItem\",\"position\":1,\"name\":\"Strona g\u0142\u00f3wna\",\"item\":\"https:\/\/www.hydrotruck.eu\/sklep\/\"},{\"@type\":\"ListItem\",\"position\":2,\"name\":\"Sklep\",\"item\":\"https:\/\/www.hydrotruck.eu\/sklep\/sklep\/\"},{\"@type\":\"ListItem\",\"position\":3,\"name\":\"Uszczelnienia STORZ A 110\"}]},{\"@type\":\"WebSite\",\"@id\":\"https:\/\/www.hydrotruck.eu\/sklep\/#website\",\"url\":\"https:\/\/www.hydrotruck.eu\/sklep\/\",\"name\":\"R\u0119czniki bawe\u0142niane, kapielowe do domu i do hoteli spa\",\"description\":\"Hydrotruck\",\"publisher\":{\"@id\":\"https:\/\/www.hydrotruck.eu\/sklep\/#organization\"},\"potentialAction\":[{\"@type\":\"SearchAction\",\"target\":{\"@type\":\"EntryPoint\",\"urlTemplate\":\"https:\/\/www.hydrotruck.eu\/sklep\/?s={search_term_string}\"},\"query-input\":{\"@type\":\"PropertyValueSpecification\",\"valueRequired\":true,\"valueName\":\"search_term_string\"}}],\"inLanguage\":\"pl-PL\"},{\"@type\":\"Organization\",\"@id\":\"https:\/\/www.hydrotruck.eu\/sklep\/#organization\",\"name\":\"R\u0119czniki bawe\u0142niane, kapielowe do domu i do hoteli spa\",\"url\":\"https:\/\/www.hydrotruck.eu\/sklep\/\",\"logo\":{\"@type\":\"ImageObject\",\"inLanguage\":\"pl-PL\",\"@id\":\"https:\/\/www.hydrotruck.eu\/sklep\/#\/schema\/logo\/image\/\",\"url\":\"https:\/\/www.hydrotruck.eu\/sklep\/wp-content\/uploads\/2023\/08\/logo_200.png\",\"contentUrl\":\"https:\/\/www.hydrotruck.eu\/sklep\/wp-content\/uploads\/2023\/08\/logo_200.png\",\"width\":200,\"height\":84,\"caption\":\"R\u0119czniki bawe\u0142niane, kapielowe do domu i do hoteli spa\"},\"image\":{\"@id\":\"https:\/\/www.hydrotruck.eu\/sklep\/#\/schema\/logo\/image\/\"}}]}<\/script>\n<!-- \/ Yoast SEO plugin. -->","yoast_head_json":{"title":"Uszczelnienia STORZ A 110 - Hydrotruck","description":"Uszczelnienia STORZ A 110 to wysokiej jako\u015bci uszczelki stosowane w systemach po\u0142\u0105cze\u0144 Storz. Wykonane z wytrzyma\u0142ych materia\u0142\u00f3w, takich....A","robots":{"index":"index","follow":"follow","max-snippet":"max-snippet:-1","max-image-preview":"max-image-preview:large","max-video-preview":"max-video-preview:-1"},"canonical":"https:\/\/www.hydrotruck.eu\/sklep\/produkt\/uszczelnienia-storz-a-110\/","og_locale":"pl_PL","og_type":"article","og_title":"Uszczelnienia STORZ A 110 - Hydrotruck","og_description":"Uszczelnienia STORZ A 110 to wysokiej jako\u015bci uszczelki stosowane w systemach po\u0142\u0105cze\u0144 Storz. Wykonane z wytrzyma\u0142ych materia\u0142\u00f3w, takich....A","og_url":"https:\/\/www.hydrotruck.eu\/sklep\/produkt\/uszczelnienia-storz-a-110\/","og_site_name":"Hydrotruck","article_modified_time":"2024-04-25T09:55:01+00:00","og_image":[{"width":1080,"height":1080,"url":"https:\/\/www.hydrotruck.eu\/sklep\/wp-content\/uploads\/2023\/12\/Uszczelnienia-STORZ-A-110.png","type":"image\/png"}],"twitter_card":"summary_large_image","twitter_misc":{"Szacowany czas czytania":"1 minuta"},"schema":{"@context":"https:\/\/schema.org","@graph":[{"@type":"WebPage","@id":"https:\/\/www.hydrotruck.eu\/sklep\/produkt\/uszczelnienia-storz-a-110\/","url":"https:\/\/www.hydrotruck.eu\/sklep\/produkt\/uszczelnienia-storz-a-110\/","name":"Uszczelnienia STORZ A 110 - Hydrotruck","isPartOf":{"@id":"https:\/\/www.hydrotruck.eu\/sklep\/#website"},"primaryImageOfPage":{"@id":"https:\/\/www.hydrotruck.eu\/sklep\/produkt\/uszczelnienia-storz-a-110\/#primaryimage"},"image":{"@id":"https:\/\/www.hydrotruck.eu\/sklep\/produkt\/uszczelnienia-storz-a-110\/#primaryimage"},"thumbnailUrl":"https:\/\/www.hydrotruck.eu\/sklep\/wp-content\/uploads\/2023\/12\/Uszczelnienia-STORZ-A-110.png","datePublished":"2023-10-12T09:25:33+00:00","dateModified":"2024-04-25T09:55:01+00:00","description":"Uszczelnienia STORZ A 110 to wysokiej jako\u015bci uszczelki stosowane w systemach po\u0142\u0105cze\u0144 Storz. Wykonane z wytrzyma\u0142ych materia\u0142\u00f3w, takich....A","breadcrumb":{"@id":"https:\/\/www.hydrotruck.eu\/sklep\/produkt\/uszczelnienia-storz-a-110\/#breadcrumb"},"inLanguage":"pl-PL","potentialAction":[{"@type":"ReadAction","target":["https:\/\/www.hydrotruck.eu\/sklep\/produkt\/uszczelnienia-storz-a-110\/"]}]},{"@type":"ImageObject","inLanguage":"pl-PL","@id":"https:\/\/www.hydrotruck.eu\/sklep\/produkt\/uszczelnienia-storz-a-110\/#primaryimage","url":"https:\/\/www.hydrotruck.eu\/sklep\/wp-content\/uploads\/2023\/12\/Uszczelnienia-STORZ-A-110.png","contentUrl":"https:\/\/www.hydrotruck.eu\/sklep\/wp-content\/uploads\/2023\/12\/Uszczelnienia-STORZ-A-110.png","width":1080,"height":1080,"caption":"Z\u0142\u0105cza do w\u0119\u017cy uszczelnienia STORZ A (110)"},{"@type":"BreadcrumbList","@id":"https:\/\/www.hydrotruck.eu\/sklep\/produkt\/uszczelnienia-storz-a-110\/#breadcrumb","itemListElement":[{"@type":"ListItem","position":1,"name":"Strona g\u0142\u00f3wna","item":"https:\/\/www.hydrotruck.eu\/sklep\/"},{"@type":"ListItem","position":2,"name":"Sklep","item":"https:\/\/www.hydrotruck.eu\/sklep\/sklep\/"},{"@type":"ListItem","position":3,"name":"Uszczelnienia STORZ A 110"}]},{"@type":"WebSite","@id":"https:\/\/www.hydrotruck.eu\/sklep\/#website","url":"https:\/\/www.hydrotruck.eu\/sklep\/","name":"R\u0119czniki bawe\u0142niane, kapielowe do domu i do hoteli spa","description":"Hydrotruck","publisher":{"@id":"https:\/\/www.hydrotruck.eu\/sklep\/#organization"},"potentialAction":[{"@type":"SearchAction","target":{"@type":"EntryPoint","urlTemplate":"https:\/\/www.hydrotruck.eu\/sklep\/?s={search_term_string}"},"query-input":{"@type":"PropertyValueSpecification","valueRequired":true,"valueName":"search_term_string"}}],"inLanguage":"pl-PL"},{"@type":"Organization","@id":"https:\/\/www.hydrotruck.eu\/sklep\/#organization","name":"R\u0119czniki bawe\u0142niane, kapielowe do domu i do hoteli spa","url":"https:\/\/www.hydrotruck.eu\/sklep\/","logo":{"@type":"ImageObject","inLanguage":"pl-PL","@id":"https:\/\/www.hydrotruck.eu\/sklep\/#\/schema\/logo\/image\/","url":"https:\/\/www.hydrotruck.eu\/sklep\/wp-content\/uploads\/2023\/08\/logo_200.png","contentUrl":"https:\/\/www.hydrotruck.eu\/sklep\/wp-content\/uploads\/2023\/08\/logo_200.png","width":200,"height":84,"caption":"R\u0119czniki bawe\u0142niane, kapielowe do domu i do hoteli spa"},"image":{"@id":"https:\/\/www.hydrotruck.eu\/sklep\/#\/schema\/logo\/image\/"}}]}},"acf":[],"_links":{"self":[{"href":"https:\/\/www.hydrotruck.eu\/sklep\/wp-json\/wp\/v2\/product\/3835","targetHints":{"allow":["GET"]}}],"collection":[{"href":"https:\/\/www.hydrotruck.eu\/sklep\/wp-json\/wp\/v2\/product"}],"about":[{"href":"https:\/\/www.hydrotruck.eu\/sklep\/wp-json\/wp\/v2\/types\/product"}],"wp:featuredmedia":[{"embeddable":true,"href":"https:\/\/www.hydrotruck.eu\/sklep\/wp-json\/wp\/v2\/media\/4226"}],"wp:attachment":[{"href":"https:\/\/www.hydrotruck.eu\/sklep\/wp-json\/wp\/v2\/media?parent=3835"}],"wp:term":[{"taxonomy":"product_cat","embeddable":true,"href":"https:\/\/www.hydrotruck.eu\/sklep\/wp-json\/wp\/v2\/product_cat?post=3835"},{"taxonomy":"product_tag","embeddable":true,"href":"https:\/\/www.hydrotruck.eu\/sklep\/wp-json\/wp\/v2\/product_tag?post=3835"}],"curies":[{"name":"wp","href":"https:\/\/api.w.org\/{rel}","templated":true}]}}