{"id":3414,"date":"2023-09-13T16:07:33","date_gmt":"2023-09-13T15:07:33","guid":{"rendered":"https:\/\/www.hydrotruck.eu\/sklep\/?post_type=product&#038;p=3414"},"modified":"2024-04-24T12:11:35","modified_gmt":"2024-04-24T11:11:35","slug":"waz-temperaturowy-sluzacy-do-polaczenia-magistrali-powietrznej-z-lejem-50mm","status":"publish","type":"product","link":"https:\/\/www.hydrotruck.eu\/sklep\/produkt\/waz-temperaturowy-sluzacy-do-polaczenia-magistrali-powietrznej-z-lejem-50mm\/","title":{"rendered":"W\u0105\u017c temperaturowy s\u0142u\u017c\u0105cy do po\u0142\u0105czenia magistrali powietrznej z lejem 50mm"},"content":{"rendered":"<p><strong>\u015arednica wew. 50 mm , grubo\u015b\u0107 \u015bciany: 8mm, temperatura MAX: 80&#8217;C <\/strong>W\u0105\u017c temperaturowy s\u0142u\u017c\u0105cy do po\u0142\u0105czenia magistrali powietrznej z lejem (tzw. podmuch). Dost\u0119pne r\u00f3\u017cne rozmiary<\/p>\n<p><strong>CENA ZA 1 METR<\/strong><\/p>\n<p><a href=\"https:\/\/www.hydrotruck.eu\/sklep\/kategoria\/czesci-do-silonaczep\/weze\/temperaturowe\/\">Sprawd\u017a wi\u0119cej naszych w\u0119\u017cy temperaturowych.<\/a><\/p>\n","protected":false},"excerpt":{"rendered":"<p><strong>CENA ZA 1 METR<\/strong><\/p>\n<p><strong>\u015arednica wew. 50 mm , grubo\u015b\u0107 \u015bciany: 8mm, temperatura MAX: 80&#8217;C <\/strong>W\u0105\u017c temperaturowy s\u0142u\u017c\u0105cy do po\u0142\u0105czenia magistrali powietrznej z lejem (tzw. podmuch). Dost\u0119pne r\u00f3\u017cne rozmiary<\/p>\n","protected":false},"featured_media":4267,"template":"","meta":{"inline_featured_image":false},"product_cat":[110,108],"product_tag":[],"class_list":{"0":"post-3414","1":"product","2":"type-product","3":"status-publish","4":"has-post-thumbnail","6":"product_cat-temperaturowe","7":"product_cat-weze","9":"first","10":"instock","11":"shipping-taxable","12":"product-type-simple"},"yoast_head":"<!-- This site is optimized with the Yoast SEO plugin v26.9 - https:\/\/yoast.com\/product\/yoast-seo-wordpress\/ -->\n<title>W\u0105\u017c temperaturowy do po\u0142\u0105cze\u0144 magistrali powietrznej z lejem - Hydrotruck<\/title>\n<meta name=\"description\" content=\"W\u0105\u017c temperaturowy s\u0142u\u017c\u0105cy do po\u0142\u0105czenia magistrali powietrznej z lejem 50mm dost\u0119pny w r\u00f3\u017cnych rozmiarach, perfekcyjnie zaprojektowany.\" \/>\n<meta name=\"robots\" content=\"index, follow, max-snippet:-1, max-image-preview:large, max-video-preview:-1\" \/>\n<link rel=\"canonical\" href=\"https:\/\/www.hydrotruck.eu\/sklep\/produkt\/waz-temperaturowy-sluzacy-do-polaczenia-magistrali-powietrznej-z-lejem-50mm\/\" \/>\n<meta property=\"og:locale\" content=\"pl_PL\" \/>\n<meta property=\"og:type\" content=\"article\" \/>\n<meta property=\"og:title\" content=\"W\u0105\u017c temperaturowy do po\u0142\u0105cze\u0144 magistrali powietrznej z lejem - Hydrotruck\" \/>\n<meta property=\"og:description\" content=\"W\u0105\u017c temperaturowy s\u0142u\u017c\u0105cy do po\u0142\u0105czenia magistrali powietrznej z lejem 50mm dost\u0119pny w r\u00f3\u017cnych rozmiarach, perfekcyjnie zaprojektowany.\" \/>\n<meta property=\"og:url\" content=\"https:\/\/www.hydrotruck.eu\/sklep\/produkt\/waz-temperaturowy-sluzacy-do-polaczenia-magistrali-powietrznej-z-lejem-50mm\/\" \/>\n<meta property=\"og:site_name\" content=\"Hydrotruck\" \/>\n<meta property=\"article:modified_time\" content=\"2024-04-24T11:11:35+00:00\" \/>\n<meta property=\"og:image\" content=\"https:\/\/www.hydrotruck.eu\/sklep\/wp-content\/uploads\/2023\/12\/Waz-temperaturowy-sluzacy-do-polaczenia-magistrali-powietrznej-z-lejem-50mm.jpg\" \/>\n\t<meta property=\"og:image:width\" content=\"1080\" \/>\n\t<meta property=\"og:image:height\" content=\"1080\" \/>\n\t<meta property=\"og:image:type\" content=\"image\/jpeg\" \/>\n<meta name=\"twitter:card\" content=\"summary_large_image\" \/>\n<meta name=\"twitter:label1\" content=\"Szacowany czas czytania\" \/>\n\t<meta name=\"twitter:data1\" content=\"1 minuta\" \/>\n<script type=\"application\/ld+json\" class=\"yoast-schema-graph\">{\"@context\":\"https:\/\/schema.org\",\"@graph\":[{\"@type\":\"WebPage\",\"@id\":\"https:\/\/www.hydrotruck.eu\/sklep\/produkt\/waz-temperaturowy-sluzacy-do-polaczenia-magistrali-powietrznej-z-lejem-50mm\/\",\"url\":\"https:\/\/www.hydrotruck.eu\/sklep\/produkt\/waz-temperaturowy-sluzacy-do-polaczenia-magistrali-powietrznej-z-lejem-50mm\/\",\"name\":\"W\u0105\u017c temperaturowy do po\u0142\u0105cze\u0144 magistrali powietrznej z lejem - Hydrotruck\",\"isPartOf\":{\"@id\":\"https:\/\/www.hydrotruck.eu\/sklep\/#website\"},\"primaryImageOfPage\":{\"@id\":\"https:\/\/www.hydrotruck.eu\/sklep\/produkt\/waz-temperaturowy-sluzacy-do-polaczenia-magistrali-powietrznej-z-lejem-50mm\/#primaryimage\"},\"image\":{\"@id\":\"https:\/\/www.hydrotruck.eu\/sklep\/produkt\/waz-temperaturowy-sluzacy-do-polaczenia-magistrali-powietrznej-z-lejem-50mm\/#primaryimage\"},\"thumbnailUrl\":\"https:\/\/www.hydrotruck.eu\/sklep\/wp-content\/uploads\/2023\/12\/Waz-temperaturowy-sluzacy-do-polaczenia-magistrali-powietrznej-z-lejem-50mm.jpg\",\"datePublished\":\"2023-09-13T15:07:33+00:00\",\"dateModified\":\"2024-04-24T11:11:35+00:00\",\"description\":\"W\u0105\u017c temperaturowy s\u0142u\u017c\u0105cy do po\u0142\u0105czenia magistrali powietrznej z lejem 50mm dost\u0119pny w r\u00f3\u017cnych rozmiarach, perfekcyjnie zaprojektowany.\",\"breadcrumb\":{\"@id\":\"https:\/\/www.hydrotruck.eu\/sklep\/produkt\/waz-temperaturowy-sluzacy-do-polaczenia-magistrali-powietrznej-z-lejem-50mm\/#breadcrumb\"},\"inLanguage\":\"pl-PL\",\"potentialAction\":[{\"@type\":\"ReadAction\",\"target\":[\"https:\/\/www.hydrotruck.eu\/sklep\/produkt\/waz-temperaturowy-sluzacy-do-polaczenia-magistrali-powietrznej-z-lejem-50mm\/\"]}]},{\"@type\":\"ImageObject\",\"inLanguage\":\"pl-PL\",\"@id\":\"https:\/\/www.hydrotruck.eu\/sklep\/produkt\/waz-temperaturowy-sluzacy-do-polaczenia-magistrali-powietrznej-z-lejem-50mm\/#primaryimage\",\"url\":\"https:\/\/www.hydrotruck.eu\/sklep\/wp-content\/uploads\/2023\/12\/Waz-temperaturowy-sluzacy-do-polaczenia-magistrali-powietrznej-z-lejem-50mm.jpg\",\"contentUrl\":\"https:\/\/www.hydrotruck.eu\/sklep\/wp-content\/uploads\/2023\/12\/Waz-temperaturowy-sluzacy-do-polaczenia-magistrali-powietrznej-z-lejem-50mm.jpg\",\"width\":1080,\"height\":1080,\"caption\":\"W\u0105\u017c temperaturowy s\u0142u\u017c\u0105cy do po\u0142\u0105czenia magistrali powietrznej z lejem 50mm\"},{\"@type\":\"BreadcrumbList\",\"@id\":\"https:\/\/www.hydrotruck.eu\/sklep\/produkt\/waz-temperaturowy-sluzacy-do-polaczenia-magistrali-powietrznej-z-lejem-50mm\/#breadcrumb\",\"itemListElement\":[{\"@type\":\"ListItem\",\"position\":1,\"name\":\"Strona g\u0142\u00f3wna\",\"item\":\"https:\/\/www.hydrotruck.eu\/sklep\/\"},{\"@type\":\"ListItem\",\"position\":2,\"name\":\"Sklep\",\"item\":\"https:\/\/www.hydrotruck.eu\/sklep\/sklep\/\"},{\"@type\":\"ListItem\",\"position\":3,\"name\":\"W\u0105\u017c temperaturowy s\u0142u\u017c\u0105cy do po\u0142\u0105czenia magistrali powietrznej z lejem 50mm\"}]},{\"@type\":\"WebSite\",\"@id\":\"https:\/\/www.hydrotruck.eu\/sklep\/#website\",\"url\":\"https:\/\/www.hydrotruck.eu\/sklep\/\",\"name\":\"R\u0119czniki bawe\u0142niane, kapielowe do domu i do hoteli spa\",\"description\":\"Hydrotruck\",\"publisher\":{\"@id\":\"https:\/\/www.hydrotruck.eu\/sklep\/#organization\"},\"potentialAction\":[{\"@type\":\"SearchAction\",\"target\":{\"@type\":\"EntryPoint\",\"urlTemplate\":\"https:\/\/www.hydrotruck.eu\/sklep\/?s={search_term_string}\"},\"query-input\":{\"@type\":\"PropertyValueSpecification\",\"valueRequired\":true,\"valueName\":\"search_term_string\"}}],\"inLanguage\":\"pl-PL\"},{\"@type\":\"Organization\",\"@id\":\"https:\/\/www.hydrotruck.eu\/sklep\/#organization\",\"name\":\"R\u0119czniki bawe\u0142niane, kapielowe do domu i do hoteli spa\",\"url\":\"https:\/\/www.hydrotruck.eu\/sklep\/\",\"logo\":{\"@type\":\"ImageObject\",\"inLanguage\":\"pl-PL\",\"@id\":\"https:\/\/www.hydrotruck.eu\/sklep\/#\/schema\/logo\/image\/\",\"url\":\"https:\/\/www.hydrotruck.eu\/sklep\/wp-content\/uploads\/2023\/08\/logo_200.png\",\"contentUrl\":\"https:\/\/www.hydrotruck.eu\/sklep\/wp-content\/uploads\/2023\/08\/logo_200.png\",\"width\":200,\"height\":84,\"caption\":\"R\u0119czniki bawe\u0142niane, kapielowe do domu i do hoteli spa\"},\"image\":{\"@id\":\"https:\/\/www.hydrotruck.eu\/sklep\/#\/schema\/logo\/image\/\"}}]}<\/script>\n<!-- \/ Yoast SEO plugin. -->","yoast_head_json":{"title":"W\u0105\u017c temperaturowy do po\u0142\u0105cze\u0144 magistrali powietrznej z lejem - Hydrotruck","description":"W\u0105\u017c temperaturowy s\u0142u\u017c\u0105cy do po\u0142\u0105czenia magistrali powietrznej z lejem 50mm dost\u0119pny w r\u00f3\u017cnych rozmiarach, perfekcyjnie zaprojektowany.","robots":{"index":"index","follow":"follow","max-snippet":"max-snippet:-1","max-image-preview":"max-image-preview:large","max-video-preview":"max-video-preview:-1"},"canonical":"https:\/\/www.hydrotruck.eu\/sklep\/produkt\/waz-temperaturowy-sluzacy-do-polaczenia-magistrali-powietrznej-z-lejem-50mm\/","og_locale":"pl_PL","og_type":"article","og_title":"W\u0105\u017c temperaturowy do po\u0142\u0105cze\u0144 magistrali powietrznej z lejem - Hydrotruck","og_description":"W\u0105\u017c temperaturowy s\u0142u\u017c\u0105cy do po\u0142\u0105czenia magistrali powietrznej z lejem 50mm dost\u0119pny w r\u00f3\u017cnych rozmiarach, perfekcyjnie zaprojektowany.","og_url":"https:\/\/www.hydrotruck.eu\/sklep\/produkt\/waz-temperaturowy-sluzacy-do-polaczenia-magistrali-powietrznej-z-lejem-50mm\/","og_site_name":"Hydrotruck","article_modified_time":"2024-04-24T11:11:35+00:00","og_image":[{"width":1080,"height":1080,"url":"https:\/\/www.hydrotruck.eu\/sklep\/wp-content\/uploads\/2023\/12\/Waz-temperaturowy-sluzacy-do-polaczenia-magistrali-powietrznej-z-lejem-50mm.jpg","type":"image\/jpeg"}],"twitter_card":"summary_large_image","twitter_misc":{"Szacowany czas czytania":"1 minuta"},"schema":{"@context":"https:\/\/schema.org","@graph":[{"@type":"WebPage","@id":"https:\/\/www.hydrotruck.eu\/sklep\/produkt\/waz-temperaturowy-sluzacy-do-polaczenia-magistrali-powietrznej-z-lejem-50mm\/","url":"https:\/\/www.hydrotruck.eu\/sklep\/produkt\/waz-temperaturowy-sluzacy-do-polaczenia-magistrali-powietrznej-z-lejem-50mm\/","name":"W\u0105\u017c temperaturowy do po\u0142\u0105cze\u0144 magistrali powietrznej z lejem - Hydrotruck","isPartOf":{"@id":"https:\/\/www.hydrotruck.eu\/sklep\/#website"},"primaryImageOfPage":{"@id":"https:\/\/www.hydrotruck.eu\/sklep\/produkt\/waz-temperaturowy-sluzacy-do-polaczenia-magistrali-powietrznej-z-lejem-50mm\/#primaryimage"},"image":{"@id":"https:\/\/www.hydrotruck.eu\/sklep\/produkt\/waz-temperaturowy-sluzacy-do-polaczenia-magistrali-powietrznej-z-lejem-50mm\/#primaryimage"},"thumbnailUrl":"https:\/\/www.hydrotruck.eu\/sklep\/wp-content\/uploads\/2023\/12\/Waz-temperaturowy-sluzacy-do-polaczenia-magistrali-powietrznej-z-lejem-50mm.jpg","datePublished":"2023-09-13T15:07:33+00:00","dateModified":"2024-04-24T11:11:35+00:00","description":"W\u0105\u017c temperaturowy s\u0142u\u017c\u0105cy do po\u0142\u0105czenia magistrali powietrznej z lejem 50mm dost\u0119pny w r\u00f3\u017cnych rozmiarach, perfekcyjnie zaprojektowany.","breadcrumb":{"@id":"https:\/\/www.hydrotruck.eu\/sklep\/produkt\/waz-temperaturowy-sluzacy-do-polaczenia-magistrali-powietrznej-z-lejem-50mm\/#breadcrumb"},"inLanguage":"pl-PL","potentialAction":[{"@type":"ReadAction","target":["https:\/\/www.hydrotruck.eu\/sklep\/produkt\/waz-temperaturowy-sluzacy-do-polaczenia-magistrali-powietrznej-z-lejem-50mm\/"]}]},{"@type":"ImageObject","inLanguage":"pl-PL","@id":"https:\/\/www.hydrotruck.eu\/sklep\/produkt\/waz-temperaturowy-sluzacy-do-polaczenia-magistrali-powietrznej-z-lejem-50mm\/#primaryimage","url":"https:\/\/www.hydrotruck.eu\/sklep\/wp-content\/uploads\/2023\/12\/Waz-temperaturowy-sluzacy-do-polaczenia-magistrali-powietrznej-z-lejem-50mm.jpg","contentUrl":"https:\/\/www.hydrotruck.eu\/sklep\/wp-content\/uploads\/2023\/12\/Waz-temperaturowy-sluzacy-do-polaczenia-magistrali-powietrznej-z-lejem-50mm.jpg","width":1080,"height":1080,"caption":"W\u0105\u017c temperaturowy s\u0142u\u017c\u0105cy do po\u0142\u0105czenia magistrali powietrznej z lejem 50mm"},{"@type":"BreadcrumbList","@id":"https:\/\/www.hydrotruck.eu\/sklep\/produkt\/waz-temperaturowy-sluzacy-do-polaczenia-magistrali-powietrznej-z-lejem-50mm\/#breadcrumb","itemListElement":[{"@type":"ListItem","position":1,"name":"Strona g\u0142\u00f3wna","item":"https:\/\/www.hydrotruck.eu\/sklep\/"},{"@type":"ListItem","position":2,"name":"Sklep","item":"https:\/\/www.hydrotruck.eu\/sklep\/sklep\/"},{"@type":"ListItem","position":3,"name":"W\u0105\u017c temperaturowy s\u0142u\u017c\u0105cy do po\u0142\u0105czenia magistrali powietrznej z lejem 50mm"}]},{"@type":"WebSite","@id":"https:\/\/www.hydrotruck.eu\/sklep\/#website","url":"https:\/\/www.hydrotruck.eu\/sklep\/","name":"R\u0119czniki bawe\u0142niane, kapielowe do domu i do hoteli spa","description":"Hydrotruck","publisher":{"@id":"https:\/\/www.hydrotruck.eu\/sklep\/#organization"},"potentialAction":[{"@type":"SearchAction","target":{"@type":"EntryPoint","urlTemplate":"https:\/\/www.hydrotruck.eu\/sklep\/?s={search_term_string}"},"query-input":{"@type":"PropertyValueSpecification","valueRequired":true,"valueName":"search_term_string"}}],"inLanguage":"pl-PL"},{"@type":"Organization","@id":"https:\/\/www.hydrotruck.eu\/sklep\/#organization","name":"R\u0119czniki bawe\u0142niane, kapielowe do domu i do hoteli spa","url":"https:\/\/www.hydrotruck.eu\/sklep\/","logo":{"@type":"ImageObject","inLanguage":"pl-PL","@id":"https:\/\/www.hydrotruck.eu\/sklep\/#\/schema\/logo\/image\/","url":"https:\/\/www.hydrotruck.eu\/sklep\/wp-content\/uploads\/2023\/08\/logo_200.png","contentUrl":"https:\/\/www.hydrotruck.eu\/sklep\/wp-content\/uploads\/2023\/08\/logo_200.png","width":200,"height":84,"caption":"R\u0119czniki bawe\u0142niane, kapielowe do domu i do hoteli spa"},"image":{"@id":"https:\/\/www.hydrotruck.eu\/sklep\/#\/schema\/logo\/image\/"}}]}},"acf":[],"_links":{"self":[{"href":"https:\/\/www.hydrotruck.eu\/sklep\/wp-json\/wp\/v2\/product\/3414","targetHints":{"allow":["GET"]}}],"collection":[{"href":"https:\/\/www.hydrotruck.eu\/sklep\/wp-json\/wp\/v2\/product"}],"about":[{"href":"https:\/\/www.hydrotruck.eu\/sklep\/wp-json\/wp\/v2\/types\/product"}],"wp:featuredmedia":[{"embeddable":true,"href":"https:\/\/www.hydrotruck.eu\/sklep\/wp-json\/wp\/v2\/media\/4267"}],"wp:attachment":[{"href":"https:\/\/www.hydrotruck.eu\/sklep\/wp-json\/wp\/v2\/media?parent=3414"}],"wp:term":[{"taxonomy":"product_cat","embeddable":true,"href":"https:\/\/www.hydrotruck.eu\/sklep\/wp-json\/wp\/v2\/product_cat?post=3414"},{"taxonomy":"product_tag","embeddable":true,"href":"https:\/\/www.hydrotruck.eu\/sklep\/wp-json\/wp\/v2\/product_tag?post=3414"}],"curies":[{"name":"wp","href":"https:\/\/api.w.org\/{rel}","templated":true}]}}