{"id":3369,"date":"2023-09-12T10:42:31","date_gmt":"2023-09-12T09:42:31","guid":{"rendered":"https:\/\/www.hydrotruck.eu\/sklep\/?post_type=product&#038;p=3369"},"modified":"2024-05-15T19:05:32","modified_gmt":"2024-05-15T18:05:32","slug":"zlacza-z-gwintem-zewnetrznym-storz-b75-3","status":"publish","type":"product","link":"https:\/\/www.hydrotruck.eu\/sklep\/produkt\/zlacza-z-gwintem-zewnetrznym-storz-b75-3\/","title":{"rendered":"Z\u0142\u0105cza STORZ B(75) 3 &#8221; z gwintem zewn\u0119trznym"},"content":{"rendered":"<p><strong>Z\u0142\u0105cza STORZ Rozmiar B(75), Odleg\u0142o\u015b\u0107 w k\u0142ach 89 mm , \u015brednica 3 &#8221;, Materia\u0142 :aluminium<\/strong><\/p>\n<p>Z\u0142\u0105cza z gwintem zewn\u0119trznym STORZ to specjalne z\u0142\u0105cza u\u017cywane w przemy\u015ble stra\u017cackim, medycznym i innych bran\u017cach. Charakteryzuj\u0105 si\u0119 one gwintem zewn\u0119trznym, kt\u00f3ry pozwala na \u0142\u0105czenie z\u0142\u0105czy z gwintem wewn\u0119trznym STORZ lub innymi zewn\u0119trznymi elementami. Z\u0142\u0105cza STORZ z gwintem zewn\u0119trznym s\u0105 zaprojektowane w taki spos\u00f3b, aby umo\u017cliwi\u0107 pewne i trwa\u0142e po\u0142\u0105czenie, kt\u00f3re jest odporne na wibracje, wstrz\u0105sy i dzia\u0142anie si\u0142 zewn\u0119trznych. S\u0105 one \u0142atwe w obs\u0142udze i umo\u017cliwiaj\u0105 szybkie montowanie i demontowanie r\u00f3\u017cnych element\u00f3w bez konieczno\u015bci skr\u0119cania. Z\u0142\u0105cza STORZ B(75) 3 &#8221; z gwintem zewn\u0119trznym s\u0105 szeroko stosowane w miejscach, gdzie wymaga si\u0119 efektywnego i niezawodnego \u0142\u0105czenia r\u00f3\u017cnych urz\u0105dze\u0144.<\/p>\n<p><a href=\"https:\/\/www.hydrotruck.eu\/sklep\/kategoria\/czesci-do-silonaczep\/zlacza-do-wezy\/storz\/\">Sprawd\u017a wi\u0119cej naszych z\u0142\u0105czy do w\u0119\u017cy STORZ.<\/a><\/p>\n","protected":false},"excerpt":{"rendered":"<p><strong>Rozmiar B 75, Odleg\u0142o\u015b\u0107 w k\u0142ach 89 mm , \u015brednica 3&#8221;, Materia\u0142 :aluminium<\/strong><\/p>\n","protected":false},"featured_media":4289,"template":"","meta":{"inline_featured_image":false},"product_cat":[92,84],"product_tag":[],"class_list":{"0":"post-3369","1":"product","2":"type-product","3":"status-publish","4":"has-post-thumbnail","6":"product_cat-storz","7":"product_cat-zlacza-do-wezy","9":"first","10":"instock","11":"shipping-taxable","12":"purchasable","13":"product-type-simple"},"yoast_head":"<!-- This site is optimized with the Yoast SEO plugin v26.9 - https:\/\/yoast.com\/product\/yoast-seo-wordpress\/ -->\n<title>Z\u0142\u0105cza STORZ B(75) 3 &#039;&#039; z gwintem zewn\u0119trznym - Hydrotruck<\/title>\n<meta name=\"description\" content=\"Z\u0142\u0105cza STORZ B(75) 3 &#039;&#039; z gwintem zewn\u0119trznym. Wytrzyma\u0142e, niezawodne i \u0142atwe w instalacji, idealne do zastosowa\u0144 przemys\u0142owych i system\u00f3w...\" \/>\n<meta name=\"robots\" content=\"index, follow, max-snippet:-1, max-image-preview:large, max-video-preview:-1\" \/>\n<link rel=\"canonical\" href=\"https:\/\/www.hydrotruck.eu\/sklep\/produkt\/zlacza-z-gwintem-zewnetrznym-storz-b75-3\/\" \/>\n<meta property=\"og:locale\" content=\"pl_PL\" \/>\n<meta property=\"og:type\" content=\"article\" \/>\n<meta property=\"og:title\" content=\"Z\u0142\u0105cza STORZ B(75) 3 &#039;&#039; z gwintem zewn\u0119trznym - Hydrotruck\" \/>\n<meta property=\"og:description\" content=\"Z\u0142\u0105cza STORZ B(75) 3 &#039;&#039; z gwintem zewn\u0119trznym. Wytrzyma\u0142e, niezawodne i \u0142atwe w instalacji, idealne do zastosowa\u0144 przemys\u0142owych i system\u00f3w...\" \/>\n<meta property=\"og:url\" content=\"https:\/\/www.hydrotruck.eu\/sklep\/produkt\/zlacza-z-gwintem-zewnetrznym-storz-b75-3\/\" \/>\n<meta property=\"og:site_name\" content=\"Hydrotruck\" \/>\n<meta property=\"article:modified_time\" content=\"2024-05-15T18:05:32+00:00\" \/>\n<meta property=\"og:image\" content=\"https:\/\/www.hydrotruck.eu\/sklep\/wp-content\/uploads\/2023\/12\/Zlacza-z-gwintem-zewnetrznym-STORZ-B75-3.jpg\" \/>\n\t<meta property=\"og:image:width\" content=\"1080\" \/>\n\t<meta property=\"og:image:height\" content=\"1080\" \/>\n\t<meta property=\"og:image:type\" content=\"image\/jpeg\" \/>\n<meta name=\"twitter:card\" content=\"summary_large_image\" \/>\n<meta name=\"twitter:label1\" content=\"Szacowany czas czytania\" \/>\n\t<meta name=\"twitter:data1\" content=\"1 minuta\" \/>\n<script type=\"application\/ld+json\" class=\"yoast-schema-graph\">{\"@context\":\"https:\/\/schema.org\",\"@graph\":[{\"@type\":\"WebPage\",\"@id\":\"https:\/\/www.hydrotruck.eu\/sklep\/produkt\/zlacza-z-gwintem-zewnetrznym-storz-b75-3\/\",\"url\":\"https:\/\/www.hydrotruck.eu\/sklep\/produkt\/zlacza-z-gwintem-zewnetrznym-storz-b75-3\/\",\"name\":\"Z\u0142\u0105cza STORZ B(75) 3 '' z gwintem zewn\u0119trznym - Hydrotruck\",\"isPartOf\":{\"@id\":\"https:\/\/www.hydrotruck.eu\/sklep\/#website\"},\"primaryImageOfPage\":{\"@id\":\"https:\/\/www.hydrotruck.eu\/sklep\/produkt\/zlacza-z-gwintem-zewnetrznym-storz-b75-3\/#primaryimage\"},\"image\":{\"@id\":\"https:\/\/www.hydrotruck.eu\/sklep\/produkt\/zlacza-z-gwintem-zewnetrznym-storz-b75-3\/#primaryimage\"},\"thumbnailUrl\":\"https:\/\/www.hydrotruck.eu\/sklep\/wp-content\/uploads\/2023\/12\/Zlacza-z-gwintem-zewnetrznym-STORZ-B75-3.jpg\",\"datePublished\":\"2023-09-12T09:42:31+00:00\",\"dateModified\":\"2024-05-15T18:05:32+00:00\",\"description\":\"Z\u0142\u0105cza STORZ B(75) 3 '' z gwintem zewn\u0119trznym. Wytrzyma\u0142e, niezawodne i \u0142atwe w instalacji, idealne do zastosowa\u0144 przemys\u0142owych i system\u00f3w...\",\"breadcrumb\":{\"@id\":\"https:\/\/www.hydrotruck.eu\/sklep\/produkt\/zlacza-z-gwintem-zewnetrznym-storz-b75-3\/#breadcrumb\"},\"inLanguage\":\"pl-PL\",\"potentialAction\":[{\"@type\":\"ReadAction\",\"target\":[\"https:\/\/www.hydrotruck.eu\/sklep\/produkt\/zlacza-z-gwintem-zewnetrznym-storz-b75-3\/\"]}]},{\"@type\":\"ImageObject\",\"inLanguage\":\"pl-PL\",\"@id\":\"https:\/\/www.hydrotruck.eu\/sklep\/produkt\/zlacza-z-gwintem-zewnetrznym-storz-b75-3\/#primaryimage\",\"url\":\"https:\/\/www.hydrotruck.eu\/sklep\/wp-content\/uploads\/2023\/12\/Zlacza-z-gwintem-zewnetrznym-STORZ-B75-3.jpg\",\"contentUrl\":\"https:\/\/www.hydrotruck.eu\/sklep\/wp-content\/uploads\/2023\/12\/Zlacza-z-gwintem-zewnetrznym-STORZ-B75-3.jpg\",\"width\":1080,\"height\":1080,\"caption\":\"Z\u0142\u0105cza do w\u0119\u017cy z gwintem zewn\u0119trznym STORZ B(75) 3\u201d\"},{\"@type\":\"BreadcrumbList\",\"@id\":\"https:\/\/www.hydrotruck.eu\/sklep\/produkt\/zlacza-z-gwintem-zewnetrznym-storz-b75-3\/#breadcrumb\",\"itemListElement\":[{\"@type\":\"ListItem\",\"position\":1,\"name\":\"Strona g\u0142\u00f3wna\",\"item\":\"https:\/\/www.hydrotruck.eu\/sklep\/\"},{\"@type\":\"ListItem\",\"position\":2,\"name\":\"Sklep\",\"item\":\"https:\/\/www.hydrotruck.eu\/sklep\/sklep\/\"},{\"@type\":\"ListItem\",\"position\":3,\"name\":\"Z\u0142\u0105cza STORZ B(75) 3 &#8221; z gwintem zewn\u0119trznym\"}]},{\"@type\":\"WebSite\",\"@id\":\"https:\/\/www.hydrotruck.eu\/sklep\/#website\",\"url\":\"https:\/\/www.hydrotruck.eu\/sklep\/\",\"name\":\"R\u0119czniki bawe\u0142niane, kapielowe do domu i do hoteli spa\",\"description\":\"Hydrotruck\",\"publisher\":{\"@id\":\"https:\/\/www.hydrotruck.eu\/sklep\/#organization\"},\"potentialAction\":[{\"@type\":\"SearchAction\",\"target\":{\"@type\":\"EntryPoint\",\"urlTemplate\":\"https:\/\/www.hydrotruck.eu\/sklep\/?s={search_term_string}\"},\"query-input\":{\"@type\":\"PropertyValueSpecification\",\"valueRequired\":true,\"valueName\":\"search_term_string\"}}],\"inLanguage\":\"pl-PL\"},{\"@type\":\"Organization\",\"@id\":\"https:\/\/www.hydrotruck.eu\/sklep\/#organization\",\"name\":\"R\u0119czniki bawe\u0142niane, kapielowe do domu i do hoteli spa\",\"url\":\"https:\/\/www.hydrotruck.eu\/sklep\/\",\"logo\":{\"@type\":\"ImageObject\",\"inLanguage\":\"pl-PL\",\"@id\":\"https:\/\/www.hydrotruck.eu\/sklep\/#\/schema\/logo\/image\/\",\"url\":\"https:\/\/www.hydrotruck.eu\/sklep\/wp-content\/uploads\/2023\/08\/logo_200.png\",\"contentUrl\":\"https:\/\/www.hydrotruck.eu\/sklep\/wp-content\/uploads\/2023\/08\/logo_200.png\",\"width\":200,\"height\":84,\"caption\":\"R\u0119czniki bawe\u0142niane, kapielowe do domu i do hoteli spa\"},\"image\":{\"@id\":\"https:\/\/www.hydrotruck.eu\/sklep\/#\/schema\/logo\/image\/\"}}]}<\/script>\n<!-- \/ Yoast SEO plugin. -->","yoast_head_json":{"title":"Z\u0142\u0105cza STORZ B(75) 3 '' z gwintem zewn\u0119trznym - Hydrotruck","description":"Z\u0142\u0105cza STORZ B(75) 3 '' z gwintem zewn\u0119trznym. Wytrzyma\u0142e, niezawodne i \u0142atwe w instalacji, idealne do zastosowa\u0144 przemys\u0142owych i system\u00f3w...","robots":{"index":"index","follow":"follow","max-snippet":"max-snippet:-1","max-image-preview":"max-image-preview:large","max-video-preview":"max-video-preview:-1"},"canonical":"https:\/\/www.hydrotruck.eu\/sklep\/produkt\/zlacza-z-gwintem-zewnetrznym-storz-b75-3\/","og_locale":"pl_PL","og_type":"article","og_title":"Z\u0142\u0105cza STORZ B(75) 3 '' z gwintem zewn\u0119trznym - Hydrotruck","og_description":"Z\u0142\u0105cza STORZ B(75) 3 '' z gwintem zewn\u0119trznym. Wytrzyma\u0142e, niezawodne i \u0142atwe w instalacji, idealne do zastosowa\u0144 przemys\u0142owych i system\u00f3w...","og_url":"https:\/\/www.hydrotruck.eu\/sklep\/produkt\/zlacza-z-gwintem-zewnetrznym-storz-b75-3\/","og_site_name":"Hydrotruck","article_modified_time":"2024-05-15T18:05:32+00:00","og_image":[{"width":1080,"height":1080,"url":"https:\/\/www.hydrotruck.eu\/sklep\/wp-content\/uploads\/2023\/12\/Zlacza-z-gwintem-zewnetrznym-STORZ-B75-3.jpg","type":"image\/jpeg"}],"twitter_card":"summary_large_image","twitter_misc":{"Szacowany czas czytania":"1 minuta"},"schema":{"@context":"https:\/\/schema.org","@graph":[{"@type":"WebPage","@id":"https:\/\/www.hydrotruck.eu\/sklep\/produkt\/zlacza-z-gwintem-zewnetrznym-storz-b75-3\/","url":"https:\/\/www.hydrotruck.eu\/sklep\/produkt\/zlacza-z-gwintem-zewnetrznym-storz-b75-3\/","name":"Z\u0142\u0105cza STORZ B(75) 3 '' z gwintem zewn\u0119trznym - Hydrotruck","isPartOf":{"@id":"https:\/\/www.hydrotruck.eu\/sklep\/#website"},"primaryImageOfPage":{"@id":"https:\/\/www.hydrotruck.eu\/sklep\/produkt\/zlacza-z-gwintem-zewnetrznym-storz-b75-3\/#primaryimage"},"image":{"@id":"https:\/\/www.hydrotruck.eu\/sklep\/produkt\/zlacza-z-gwintem-zewnetrznym-storz-b75-3\/#primaryimage"},"thumbnailUrl":"https:\/\/www.hydrotruck.eu\/sklep\/wp-content\/uploads\/2023\/12\/Zlacza-z-gwintem-zewnetrznym-STORZ-B75-3.jpg","datePublished":"2023-09-12T09:42:31+00:00","dateModified":"2024-05-15T18:05:32+00:00","description":"Z\u0142\u0105cza STORZ B(75) 3 '' z gwintem zewn\u0119trznym. Wytrzyma\u0142e, niezawodne i \u0142atwe w instalacji, idealne do zastosowa\u0144 przemys\u0142owych i system\u00f3w...","breadcrumb":{"@id":"https:\/\/www.hydrotruck.eu\/sklep\/produkt\/zlacza-z-gwintem-zewnetrznym-storz-b75-3\/#breadcrumb"},"inLanguage":"pl-PL","potentialAction":[{"@type":"ReadAction","target":["https:\/\/www.hydrotruck.eu\/sklep\/produkt\/zlacza-z-gwintem-zewnetrznym-storz-b75-3\/"]}]},{"@type":"ImageObject","inLanguage":"pl-PL","@id":"https:\/\/www.hydrotruck.eu\/sklep\/produkt\/zlacza-z-gwintem-zewnetrznym-storz-b75-3\/#primaryimage","url":"https:\/\/www.hydrotruck.eu\/sklep\/wp-content\/uploads\/2023\/12\/Zlacza-z-gwintem-zewnetrznym-STORZ-B75-3.jpg","contentUrl":"https:\/\/www.hydrotruck.eu\/sklep\/wp-content\/uploads\/2023\/12\/Zlacza-z-gwintem-zewnetrznym-STORZ-B75-3.jpg","width":1080,"height":1080,"caption":"Z\u0142\u0105cza do w\u0119\u017cy z gwintem zewn\u0119trznym STORZ B(75) 3\u201d"},{"@type":"BreadcrumbList","@id":"https:\/\/www.hydrotruck.eu\/sklep\/produkt\/zlacza-z-gwintem-zewnetrznym-storz-b75-3\/#breadcrumb","itemListElement":[{"@type":"ListItem","position":1,"name":"Strona g\u0142\u00f3wna","item":"https:\/\/www.hydrotruck.eu\/sklep\/"},{"@type":"ListItem","position":2,"name":"Sklep","item":"https:\/\/www.hydrotruck.eu\/sklep\/sklep\/"},{"@type":"ListItem","position":3,"name":"Z\u0142\u0105cza STORZ B(75) 3 &#8221; z gwintem zewn\u0119trznym"}]},{"@type":"WebSite","@id":"https:\/\/www.hydrotruck.eu\/sklep\/#website","url":"https:\/\/www.hydrotruck.eu\/sklep\/","name":"R\u0119czniki bawe\u0142niane, kapielowe do domu i do hoteli spa","description":"Hydrotruck","publisher":{"@id":"https:\/\/www.hydrotruck.eu\/sklep\/#organization"},"potentialAction":[{"@type":"SearchAction","target":{"@type":"EntryPoint","urlTemplate":"https:\/\/www.hydrotruck.eu\/sklep\/?s={search_term_string}"},"query-input":{"@type":"PropertyValueSpecification","valueRequired":true,"valueName":"search_term_string"}}],"inLanguage":"pl-PL"},{"@type":"Organization","@id":"https:\/\/www.hydrotruck.eu\/sklep\/#organization","name":"R\u0119czniki bawe\u0142niane, kapielowe do domu i do hoteli spa","url":"https:\/\/www.hydrotruck.eu\/sklep\/","logo":{"@type":"ImageObject","inLanguage":"pl-PL","@id":"https:\/\/www.hydrotruck.eu\/sklep\/#\/schema\/logo\/image\/","url":"https:\/\/www.hydrotruck.eu\/sklep\/wp-content\/uploads\/2023\/08\/logo_200.png","contentUrl":"https:\/\/www.hydrotruck.eu\/sklep\/wp-content\/uploads\/2023\/08\/logo_200.png","width":200,"height":84,"caption":"R\u0119czniki bawe\u0142niane, kapielowe do domu i do hoteli spa"},"image":{"@id":"https:\/\/www.hydrotruck.eu\/sklep\/#\/schema\/logo\/image\/"}}]}},"acf":[],"_links":{"self":[{"href":"https:\/\/www.hydrotruck.eu\/sklep\/wp-json\/wp\/v2\/product\/3369","targetHints":{"allow":["GET"]}}],"collection":[{"href":"https:\/\/www.hydrotruck.eu\/sklep\/wp-json\/wp\/v2\/product"}],"about":[{"href":"https:\/\/www.hydrotruck.eu\/sklep\/wp-json\/wp\/v2\/types\/product"}],"wp:featuredmedia":[{"embeddable":true,"href":"https:\/\/www.hydrotruck.eu\/sklep\/wp-json\/wp\/v2\/media\/4289"}],"wp:attachment":[{"href":"https:\/\/www.hydrotruck.eu\/sklep\/wp-json\/wp\/v2\/media?parent=3369"}],"wp:term":[{"taxonomy":"product_cat","embeddable":true,"href":"https:\/\/www.hydrotruck.eu\/sklep\/wp-json\/wp\/v2\/product_cat?post=3369"},{"taxonomy":"product_tag","embeddable":true,"href":"https:\/\/www.hydrotruck.eu\/sklep\/wp-json\/wp\/v2\/product_tag?post=3369"}],"curies":[{"name":"wp","href":"https:\/\/api.w.org\/{rel}","templated":true}]}}