{"id":3359,"date":"2023-09-12T09:49:15","date_gmt":"2023-09-12T08:49:15","guid":{"rendered":"https:\/\/www.hydrotruck.eu\/sklep\/?post_type=product&#038;p=3359"},"modified":"2024-05-15T22:02:00","modified_gmt":"2024-05-15T21:02:00","slug":"zlacza-storz-a110-4-obrotowe-z-gwintem-obrotowym","status":"publish","type":"product","link":"https:\/\/www.hydrotruck.eu\/sklep\/produkt\/zlacza-storz-a110-4-obrotowe-z-gwintem-obrotowym\/","title":{"rendered":"Z\u0142\u0105cza obrotowe STORZ A(110) 4&#8221; z gwintem obrotowym"},"content":{"rendered":"<p><strong>Z\u0142\u0105cza obrotowe STORZ Rozmiar A(110), Odleg\u0142o\u015b\u0107 w k\u0142ach 133 mm, Rozmiar gwintu wew. 4&#8221; OBROTOWE, materia\u0142: aluminium\u00a0<\/strong><br \/>\nZ\u0142\u0105cze z gwintem obrotowym STORZ to rodzaj standardowego z\u0142\u0105cza stosowanego g\u0142\u00f3wnie w przemy\u015ble stra\u017cackim i medycznym. Jest zaprojektowane do szybkiego i pewnego \u0142\u0105czenia r\u00f3\u017cnych urz\u0105dze\u0144, takich jak w\u0119\u017ce, dysze, ssawy czy rury. Z\u0142\u0105cze STORZ charakteryzuje si\u0119 specjalnym gwintem o symetrycznym kszta\u0142cie, kt\u00f3ry umo\u017cliwia \u0142atwe i szybkie po\u0142\u0105czenie bez konieczno\u015bci skr\u0119cania. Dzi\u0119ki temu, z\u0142\u0105cza obrotowe STORZ A(110) s\u0105 bardzo efektywne i oszcz\u0119dzaj\u0105 czas podczas operacji \u0142\u0105czenia i roz\u0142\u0105czania. Jest to popularne z\u0142\u0105cze, kt\u00f3re zapewnia niezawodne po\u0142\u0105czenie i jest szeroko stosowane w bran\u017cach wymagaj\u0105cych szybkiego i bezpiecznego \u0142\u0105czenia r\u00f3\u017cnych urz\u0105dze\u0144.<\/p>\n<p><a href=\"https:\/\/www.hydrotruck.eu\/sklep\/kategoria\/czesci-do-silonaczep\/zlacza-do-wezy\/storz\/\">Sprawd\u017a wi\u0119cej naszych z\u0142\u0105czy do w\u0119\u017cy STORZ.<\/a><\/p>\n","protected":false},"excerpt":{"rendered":"<p><strong>Rozmiar A 110, Odleg\u0142o\u015b\u0107 w k\u0142ach 133 mm, Rozmiar gwintu wew. 4&#8221; OBROTOWE, materia\u0142: aluminium\u00a0<\/strong><br \/>\nZ\u0142\u0105cze z gwintem obrotowym STORZ to rodzaj standardowego z\u0142\u0105cza stosowanego g\u0142\u00f3wnie w przemy\u015ble stra\u017cackim i medycznym. Jest zaprojektowane do szybkiego i pewnego \u0142\u0105czenia r\u00f3\u017cnych urz\u0105dze\u0144, takich jak w\u0119\u017ce, dysze, ssawy czy rury.<\/p>\n","protected":false},"featured_media":4302,"template":"","meta":{"inline_featured_image":false},"product_cat":[92,84],"product_tag":[],"class_list":{"0":"post-3359","1":"product","2":"type-product","3":"status-publish","4":"has-post-thumbnail","6":"product_cat-storz","7":"product_cat-zlacza-do-wezy","9":"first","10":"instock","11":"shipping-taxable","12":"purchasable","13":"product-type-simple"},"yoast_head":"<!-- This site is optimized with the Yoast SEO plugin v26.9 - https:\/\/yoast.com\/product\/yoast-seo-wordpress\/ -->\n<title>Z\u0142\u0105cza obrotowe STORZ A(110) 4&#039;&#039; z gwintem obrotowym - Hydrotruck<\/title>\n<meta name=\"description\" content=\"Z\u0142\u0105cza obrotowe STORZ A(110) 4&#039;&#039; z gwintem obrotowym. Solidne, niezawodne i \u0142atwe w instalacji, idealne do zastosowa\u0144 przemys\u0142owych i system\u00f3w...\" \/>\n<meta name=\"robots\" content=\"index, follow, max-snippet:-1, max-image-preview:large, max-video-preview:-1\" \/>\n<link rel=\"canonical\" href=\"https:\/\/www.hydrotruck.eu\/sklep\/produkt\/zlacza-storz-a110-4-obrotowe-z-gwintem-obrotowym\/\" \/>\n<meta property=\"og:locale\" content=\"pl_PL\" \/>\n<meta property=\"og:type\" content=\"article\" \/>\n<meta property=\"og:title\" content=\"Z\u0142\u0105cza obrotowe STORZ A(110) 4&#039;&#039; z gwintem obrotowym - Hydrotruck\" \/>\n<meta property=\"og:description\" content=\"Z\u0142\u0105cza obrotowe STORZ A(110) 4&#039;&#039; z gwintem obrotowym. Solidne, niezawodne i \u0142atwe w instalacji, idealne do zastosowa\u0144 przemys\u0142owych i system\u00f3w...\" \/>\n<meta property=\"og:url\" content=\"https:\/\/www.hydrotruck.eu\/sklep\/produkt\/zlacza-storz-a110-4-obrotowe-z-gwintem-obrotowym\/\" \/>\n<meta property=\"og:site_name\" content=\"Hydrotruck\" \/>\n<meta property=\"article:modified_time\" content=\"2024-05-15T21:02:00+00:00\" \/>\n<meta property=\"og:image\" content=\"https:\/\/www.hydrotruck.eu\/sklep\/wp-content\/uploads\/2023\/12\/Zlacza-z-gwintem-obrotowym-A110-4-obrotowe.jpg\" \/>\n\t<meta property=\"og:image:width\" content=\"1080\" \/>\n\t<meta property=\"og:image:height\" content=\"1080\" \/>\n\t<meta property=\"og:image:type\" content=\"image\/jpeg\" \/>\n<meta name=\"twitter:card\" content=\"summary_large_image\" \/>\n<meta name=\"twitter:label1\" content=\"Szacowany czas czytania\" \/>\n\t<meta name=\"twitter:data1\" content=\"1 minuta\" \/>\n<script type=\"application\/ld+json\" class=\"yoast-schema-graph\">{\"@context\":\"https:\/\/schema.org\",\"@graph\":[{\"@type\":\"WebPage\",\"@id\":\"https:\/\/www.hydrotruck.eu\/sklep\/produkt\/zlacza-storz-a110-4-obrotowe-z-gwintem-obrotowym\/\",\"url\":\"https:\/\/www.hydrotruck.eu\/sklep\/produkt\/zlacza-storz-a110-4-obrotowe-z-gwintem-obrotowym\/\",\"name\":\"Z\u0142\u0105cza obrotowe STORZ A(110) 4'' z gwintem obrotowym - Hydrotruck\",\"isPartOf\":{\"@id\":\"https:\/\/www.hydrotruck.eu\/sklep\/#website\"},\"primaryImageOfPage\":{\"@id\":\"https:\/\/www.hydrotruck.eu\/sklep\/produkt\/zlacza-storz-a110-4-obrotowe-z-gwintem-obrotowym\/#primaryimage\"},\"image\":{\"@id\":\"https:\/\/www.hydrotruck.eu\/sklep\/produkt\/zlacza-storz-a110-4-obrotowe-z-gwintem-obrotowym\/#primaryimage\"},\"thumbnailUrl\":\"https:\/\/www.hydrotruck.eu\/sklep\/wp-content\/uploads\/2023\/12\/Zlacza-z-gwintem-obrotowym-A110-4-obrotowe.jpg\",\"datePublished\":\"2023-09-12T08:49:15+00:00\",\"dateModified\":\"2024-05-15T21:02:00+00:00\",\"description\":\"Z\u0142\u0105cza obrotowe STORZ A(110) 4'' z gwintem obrotowym. Solidne, niezawodne i \u0142atwe w instalacji, idealne do zastosowa\u0144 przemys\u0142owych i system\u00f3w...\",\"breadcrumb\":{\"@id\":\"https:\/\/www.hydrotruck.eu\/sklep\/produkt\/zlacza-storz-a110-4-obrotowe-z-gwintem-obrotowym\/#breadcrumb\"},\"inLanguage\":\"pl-PL\",\"potentialAction\":[{\"@type\":\"ReadAction\",\"target\":[\"https:\/\/www.hydrotruck.eu\/sklep\/produkt\/zlacza-storz-a110-4-obrotowe-z-gwintem-obrotowym\/\"]}]},{\"@type\":\"ImageObject\",\"inLanguage\":\"pl-PL\",\"@id\":\"https:\/\/www.hydrotruck.eu\/sklep\/produkt\/zlacza-storz-a110-4-obrotowe-z-gwintem-obrotowym\/#primaryimage\",\"url\":\"https:\/\/www.hydrotruck.eu\/sklep\/wp-content\/uploads\/2023\/12\/Zlacza-z-gwintem-obrotowym-A110-4-obrotowe.jpg\",\"contentUrl\":\"https:\/\/www.hydrotruck.eu\/sklep\/wp-content\/uploads\/2023\/12\/Zlacza-z-gwintem-obrotowym-A110-4-obrotowe.jpg\",\"width\":1080,\"height\":1080,\"caption\":\"Z\u0142\u0105cza do w\u0119\u017cy z gwintem obrotowym A(110) 4\u201d obrotowe\"},{\"@type\":\"BreadcrumbList\",\"@id\":\"https:\/\/www.hydrotruck.eu\/sklep\/produkt\/zlacza-storz-a110-4-obrotowe-z-gwintem-obrotowym\/#breadcrumb\",\"itemListElement\":[{\"@type\":\"ListItem\",\"position\":1,\"name\":\"Strona g\u0142\u00f3wna\",\"item\":\"https:\/\/www.hydrotruck.eu\/sklep\/\"},{\"@type\":\"ListItem\",\"position\":2,\"name\":\"Sklep\",\"item\":\"https:\/\/www.hydrotruck.eu\/sklep\/sklep\/\"},{\"@type\":\"ListItem\",\"position\":3,\"name\":\"Z\u0142\u0105cza obrotowe STORZ A(110) 4&#8221; z gwintem obrotowym\"}]},{\"@type\":\"WebSite\",\"@id\":\"https:\/\/www.hydrotruck.eu\/sklep\/#website\",\"url\":\"https:\/\/www.hydrotruck.eu\/sklep\/\",\"name\":\"R\u0119czniki bawe\u0142niane, kapielowe do domu i do hoteli spa\",\"description\":\"Hydrotruck\",\"publisher\":{\"@id\":\"https:\/\/www.hydrotruck.eu\/sklep\/#organization\"},\"potentialAction\":[{\"@type\":\"SearchAction\",\"target\":{\"@type\":\"EntryPoint\",\"urlTemplate\":\"https:\/\/www.hydrotruck.eu\/sklep\/?s={search_term_string}\"},\"query-input\":{\"@type\":\"PropertyValueSpecification\",\"valueRequired\":true,\"valueName\":\"search_term_string\"}}],\"inLanguage\":\"pl-PL\"},{\"@type\":\"Organization\",\"@id\":\"https:\/\/www.hydrotruck.eu\/sklep\/#organization\",\"name\":\"R\u0119czniki bawe\u0142niane, kapielowe do domu i do hoteli spa\",\"url\":\"https:\/\/www.hydrotruck.eu\/sklep\/\",\"logo\":{\"@type\":\"ImageObject\",\"inLanguage\":\"pl-PL\",\"@id\":\"https:\/\/www.hydrotruck.eu\/sklep\/#\/schema\/logo\/image\/\",\"url\":\"https:\/\/www.hydrotruck.eu\/sklep\/wp-content\/uploads\/2023\/08\/logo_200.png\",\"contentUrl\":\"https:\/\/www.hydrotruck.eu\/sklep\/wp-content\/uploads\/2023\/08\/logo_200.png\",\"width\":200,\"height\":84,\"caption\":\"R\u0119czniki bawe\u0142niane, kapielowe do domu i do hoteli spa\"},\"image\":{\"@id\":\"https:\/\/www.hydrotruck.eu\/sklep\/#\/schema\/logo\/image\/\"}}]}<\/script>\n<!-- \/ Yoast SEO plugin. -->","yoast_head_json":{"title":"Z\u0142\u0105cza obrotowe STORZ A(110) 4'' z gwintem obrotowym - Hydrotruck","description":"Z\u0142\u0105cza obrotowe STORZ A(110) 4'' z gwintem obrotowym. Solidne, niezawodne i \u0142atwe w instalacji, idealne do zastosowa\u0144 przemys\u0142owych i system\u00f3w...","robots":{"index":"index","follow":"follow","max-snippet":"max-snippet:-1","max-image-preview":"max-image-preview:large","max-video-preview":"max-video-preview:-1"},"canonical":"https:\/\/www.hydrotruck.eu\/sklep\/produkt\/zlacza-storz-a110-4-obrotowe-z-gwintem-obrotowym\/","og_locale":"pl_PL","og_type":"article","og_title":"Z\u0142\u0105cza obrotowe STORZ A(110) 4'' z gwintem obrotowym - Hydrotruck","og_description":"Z\u0142\u0105cza obrotowe STORZ A(110) 4'' z gwintem obrotowym. Solidne, niezawodne i \u0142atwe w instalacji, idealne do zastosowa\u0144 przemys\u0142owych i system\u00f3w...","og_url":"https:\/\/www.hydrotruck.eu\/sklep\/produkt\/zlacza-storz-a110-4-obrotowe-z-gwintem-obrotowym\/","og_site_name":"Hydrotruck","article_modified_time":"2024-05-15T21:02:00+00:00","og_image":[{"width":1080,"height":1080,"url":"https:\/\/www.hydrotruck.eu\/sklep\/wp-content\/uploads\/2023\/12\/Zlacza-z-gwintem-obrotowym-A110-4-obrotowe.jpg","type":"image\/jpeg"}],"twitter_card":"summary_large_image","twitter_misc":{"Szacowany czas czytania":"1 minuta"},"schema":{"@context":"https:\/\/schema.org","@graph":[{"@type":"WebPage","@id":"https:\/\/www.hydrotruck.eu\/sklep\/produkt\/zlacza-storz-a110-4-obrotowe-z-gwintem-obrotowym\/","url":"https:\/\/www.hydrotruck.eu\/sklep\/produkt\/zlacza-storz-a110-4-obrotowe-z-gwintem-obrotowym\/","name":"Z\u0142\u0105cza obrotowe STORZ A(110) 4'' z gwintem obrotowym - Hydrotruck","isPartOf":{"@id":"https:\/\/www.hydrotruck.eu\/sklep\/#website"},"primaryImageOfPage":{"@id":"https:\/\/www.hydrotruck.eu\/sklep\/produkt\/zlacza-storz-a110-4-obrotowe-z-gwintem-obrotowym\/#primaryimage"},"image":{"@id":"https:\/\/www.hydrotruck.eu\/sklep\/produkt\/zlacza-storz-a110-4-obrotowe-z-gwintem-obrotowym\/#primaryimage"},"thumbnailUrl":"https:\/\/www.hydrotruck.eu\/sklep\/wp-content\/uploads\/2023\/12\/Zlacza-z-gwintem-obrotowym-A110-4-obrotowe.jpg","datePublished":"2023-09-12T08:49:15+00:00","dateModified":"2024-05-15T21:02:00+00:00","description":"Z\u0142\u0105cza obrotowe STORZ A(110) 4'' z gwintem obrotowym. Solidne, niezawodne i \u0142atwe w instalacji, idealne do zastosowa\u0144 przemys\u0142owych i system\u00f3w...","breadcrumb":{"@id":"https:\/\/www.hydrotruck.eu\/sklep\/produkt\/zlacza-storz-a110-4-obrotowe-z-gwintem-obrotowym\/#breadcrumb"},"inLanguage":"pl-PL","potentialAction":[{"@type":"ReadAction","target":["https:\/\/www.hydrotruck.eu\/sklep\/produkt\/zlacza-storz-a110-4-obrotowe-z-gwintem-obrotowym\/"]}]},{"@type":"ImageObject","inLanguage":"pl-PL","@id":"https:\/\/www.hydrotruck.eu\/sklep\/produkt\/zlacza-storz-a110-4-obrotowe-z-gwintem-obrotowym\/#primaryimage","url":"https:\/\/www.hydrotruck.eu\/sklep\/wp-content\/uploads\/2023\/12\/Zlacza-z-gwintem-obrotowym-A110-4-obrotowe.jpg","contentUrl":"https:\/\/www.hydrotruck.eu\/sklep\/wp-content\/uploads\/2023\/12\/Zlacza-z-gwintem-obrotowym-A110-4-obrotowe.jpg","width":1080,"height":1080,"caption":"Z\u0142\u0105cza do w\u0119\u017cy z gwintem obrotowym A(110) 4\u201d obrotowe"},{"@type":"BreadcrumbList","@id":"https:\/\/www.hydrotruck.eu\/sklep\/produkt\/zlacza-storz-a110-4-obrotowe-z-gwintem-obrotowym\/#breadcrumb","itemListElement":[{"@type":"ListItem","position":1,"name":"Strona g\u0142\u00f3wna","item":"https:\/\/www.hydrotruck.eu\/sklep\/"},{"@type":"ListItem","position":2,"name":"Sklep","item":"https:\/\/www.hydrotruck.eu\/sklep\/sklep\/"},{"@type":"ListItem","position":3,"name":"Z\u0142\u0105cza obrotowe STORZ A(110) 4&#8221; z gwintem obrotowym"}]},{"@type":"WebSite","@id":"https:\/\/www.hydrotruck.eu\/sklep\/#website","url":"https:\/\/www.hydrotruck.eu\/sklep\/","name":"R\u0119czniki bawe\u0142niane, kapielowe do domu i do hoteli spa","description":"Hydrotruck","publisher":{"@id":"https:\/\/www.hydrotruck.eu\/sklep\/#organization"},"potentialAction":[{"@type":"SearchAction","target":{"@type":"EntryPoint","urlTemplate":"https:\/\/www.hydrotruck.eu\/sklep\/?s={search_term_string}"},"query-input":{"@type":"PropertyValueSpecification","valueRequired":true,"valueName":"search_term_string"}}],"inLanguage":"pl-PL"},{"@type":"Organization","@id":"https:\/\/www.hydrotruck.eu\/sklep\/#organization","name":"R\u0119czniki bawe\u0142niane, kapielowe do domu i do hoteli spa","url":"https:\/\/www.hydrotruck.eu\/sklep\/","logo":{"@type":"ImageObject","inLanguage":"pl-PL","@id":"https:\/\/www.hydrotruck.eu\/sklep\/#\/schema\/logo\/image\/","url":"https:\/\/www.hydrotruck.eu\/sklep\/wp-content\/uploads\/2023\/08\/logo_200.png","contentUrl":"https:\/\/www.hydrotruck.eu\/sklep\/wp-content\/uploads\/2023\/08\/logo_200.png","width":200,"height":84,"caption":"R\u0119czniki bawe\u0142niane, kapielowe do domu i do hoteli spa"},"image":{"@id":"https:\/\/www.hydrotruck.eu\/sklep\/#\/schema\/logo\/image\/"}}]}},"acf":[],"_links":{"self":[{"href":"https:\/\/www.hydrotruck.eu\/sklep\/wp-json\/wp\/v2\/product\/3359","targetHints":{"allow":["GET"]}}],"collection":[{"href":"https:\/\/www.hydrotruck.eu\/sklep\/wp-json\/wp\/v2\/product"}],"about":[{"href":"https:\/\/www.hydrotruck.eu\/sklep\/wp-json\/wp\/v2\/types\/product"}],"wp:featuredmedia":[{"embeddable":true,"href":"https:\/\/www.hydrotruck.eu\/sklep\/wp-json\/wp\/v2\/media\/4302"}],"wp:attachment":[{"href":"https:\/\/www.hydrotruck.eu\/sklep\/wp-json\/wp\/v2\/media?parent=3359"}],"wp:term":[{"taxonomy":"product_cat","embeddable":true,"href":"https:\/\/www.hydrotruck.eu\/sklep\/wp-json\/wp\/v2\/product_cat?post=3359"},{"taxonomy":"product_tag","embeddable":true,"href":"https:\/\/www.hydrotruck.eu\/sklep\/wp-json\/wp\/v2\/product_tag?post=3359"}],"curies":[{"name":"wp","href":"https:\/\/api.w.org\/{rel}","templated":true}]}}