{"id":3213,"date":"2023-08-28T12:57:29","date_gmt":"2023-08-28T11:57:29","guid":{"rendered":"https:\/\/www.hydrotruck.eu\/sklep\/?post_type=product&#038;p=3213"},"modified":"2024-04-24T12:18:13","modified_gmt":"2024-04-24T11:18:13","slug":"sitko-stozkowe-do-wziernika-lub-przewodu-rozladunkowego-dn-100","status":"publish","type":"product","link":"https:\/\/www.hydrotruck.eu\/sklep\/produkt\/sitko-stozkowe-do-wziernika-lub-przewodu-rozladunkowego-dn-100\/","title":{"rendered":"Sitko sto\u017ckowe do wziernika lub przewodu roz\u0142adunkowego DN 100"},"content":{"rendered":"<p><strong>Sitko sto\u017ckowe do wziernika lub przewodu roz\u0142adunkowego: Rozmiar: DN 100, Sto\u017ckowe , Otwory: okr\u0105g\u0142e 5 mm, Materia\u0142 Stal nierdzewna<\/strong><\/p>\n<p>Sitko sto\u017ckowe do wziernika lub przewodu roz\u0142adunkowego to element, maj\u0105cy za zadanie zatrzymywa\u0107 cz\u0105stki sta\u0142e lub inne zanieczyszczenia, kt\u00f3re mog\u0105 znajdowa\u0107 si\u0119 w przep\u0142ywaj\u0105cym przez nie medium. Jest to sto\u017ckowa siatka wykonana z wytrzyma\u0142ego materia\u0142u, jak na przyk\u0142ad stali nierdzewnej. Sitko sto\u017ckowe posiada drobne otworki o okre\u015blonej \u015brednicy, kt\u00f3re umo\u017cliwiaj\u0105 swobodny przep\u0142yw cieczy lub gazu, jednocze\u015bnie zatrzymuj\u0105c wi\u0119ksze zanieczyszczenia. Dzi\u0119ki temu sitko sto\u017ckowe chroni wewn\u0119trzne elementy urz\u0105dzenia przed uszkodzeniem lub zapchaniem, co przyczynia si\u0119 do poprawy wydajno\u015bci i trwa\u0142o\u015bci ca\u0142ego systemu.<\/p>\n<p><a href=\"https:\/\/www.hydrotruck.eu\/sklep\/kategoria\/czesci-do-silonaczep\/wzierniki-i-kolana-rozladunkowe\/\">Sprawd\u017a wi\u0119cej naszych wziernik\u00f3w i kolan roz\u0142adunkowych.<\/a><\/p>\n","protected":false},"excerpt":{"rendered":"<p><strong>Rozmiar: DN 100, Sto\u017ckowe , Otwory: okr\u0105g\u0142e 5 mm, Materia\u0142 Stal nierdzewna<\/strong><\/p>\n<p>Sitko sto\u017ckowe to element u\u017cywany w wziernikach lub przewodach roz\u0142adunkowych, maj\u0105cy za zadanie zatrzymywa\u0107 cz\u0105stki sta\u0142e lub inne zanieczyszczenia, kt\u00f3re mog\u0105 znajdowa\u0107 si\u0119 w przep\u0142ywaj\u0105cym przez nie medium.<\/p>\n","protected":false},"featured_media":4312,"template":"","meta":{"inline_featured_image":false},"product_cat":[111],"product_tag":[],"class_list":{"0":"post-3213","1":"product","2":"type-product","3":"status-publish","4":"has-post-thumbnail","6":"product_cat-wzierniki-i-kolana-rozladunkowe","8":"first","9":"instock","10":"shipping-taxable","11":"purchasable","12":"product-type-simple"},"yoast_head":"<!-- This site is optimized with the Yoast SEO plugin v26.9 - https:\/\/yoast.com\/product\/yoast-seo-wordpress\/ -->\n<title>Sitko sto\u017ckowe do wziernika lub przewodu roz\u0142adunkowego DN 100 - Hydrotruck<\/title>\n<meta name=\"description\" content=\"Sitko sto\u017ckowe do wziernika lub przewodu roz\u0142adunkowego DN 100 wykonana z wytrzyma\u0142ego materia\u0142u - stali nierdzewnej zatrzymuje cz\u0105stki sta\u0142e lub...\" \/>\n<meta name=\"robots\" content=\"index, follow, max-snippet:-1, max-image-preview:large, max-video-preview:-1\" \/>\n<link rel=\"canonical\" href=\"https:\/\/www.hydrotruck.eu\/sklep\/produkt\/sitko-stozkowe-do-wziernika-lub-przewodu-rozladunkowego-dn-100\/\" \/>\n<meta property=\"og:locale\" content=\"pl_PL\" \/>\n<meta property=\"og:type\" content=\"article\" \/>\n<meta property=\"og:title\" content=\"Sitko sto\u017ckowe do wziernika lub przewodu roz\u0142adunkowego DN 100 - Hydrotruck\" \/>\n<meta property=\"og:description\" content=\"Sitko sto\u017ckowe do wziernika lub przewodu roz\u0142adunkowego DN 100 wykonana z wytrzyma\u0142ego materia\u0142u - stali nierdzewnej zatrzymuje cz\u0105stki sta\u0142e lub...\" \/>\n<meta property=\"og:url\" content=\"https:\/\/www.hydrotruck.eu\/sklep\/produkt\/sitko-stozkowe-do-wziernika-lub-przewodu-rozladunkowego-dn-100\/\" \/>\n<meta property=\"og:site_name\" content=\"Hydrotruck\" \/>\n<meta property=\"article:modified_time\" content=\"2024-04-24T11:18:13+00:00\" \/>\n<meta property=\"og:image\" content=\"https:\/\/www.hydrotruck.eu\/sklep\/wp-content\/uploads\/2023\/12\/Sitko-stozkowe-do-wziernika-lub-przewodu-rozladunkowego-DN-100.jpg\" \/>\n\t<meta property=\"og:image:width\" content=\"1080\" \/>\n\t<meta property=\"og:image:height\" content=\"1080\" \/>\n\t<meta property=\"og:image:type\" content=\"image\/jpeg\" \/>\n<meta name=\"twitter:card\" content=\"summary_large_image\" \/>\n<meta name=\"twitter:label1\" content=\"Szacowany czas czytania\" \/>\n\t<meta name=\"twitter:data1\" content=\"1 minuta\" \/>\n<script type=\"application\/ld+json\" class=\"yoast-schema-graph\">{\"@context\":\"https:\/\/schema.org\",\"@graph\":[{\"@type\":\"WebPage\",\"@id\":\"https:\/\/www.hydrotruck.eu\/sklep\/produkt\/sitko-stozkowe-do-wziernika-lub-przewodu-rozladunkowego-dn-100\/\",\"url\":\"https:\/\/www.hydrotruck.eu\/sklep\/produkt\/sitko-stozkowe-do-wziernika-lub-przewodu-rozladunkowego-dn-100\/\",\"name\":\"Sitko sto\u017ckowe do wziernika lub przewodu roz\u0142adunkowego DN 100 - Hydrotruck\",\"isPartOf\":{\"@id\":\"https:\/\/www.hydrotruck.eu\/sklep\/#website\"},\"primaryImageOfPage\":{\"@id\":\"https:\/\/www.hydrotruck.eu\/sklep\/produkt\/sitko-stozkowe-do-wziernika-lub-przewodu-rozladunkowego-dn-100\/#primaryimage\"},\"image\":{\"@id\":\"https:\/\/www.hydrotruck.eu\/sklep\/produkt\/sitko-stozkowe-do-wziernika-lub-przewodu-rozladunkowego-dn-100\/#primaryimage\"},\"thumbnailUrl\":\"https:\/\/www.hydrotruck.eu\/sklep\/wp-content\/uploads\/2023\/12\/Sitko-stozkowe-do-wziernika-lub-przewodu-rozladunkowego-DN-100.jpg\",\"datePublished\":\"2023-08-28T11:57:29+00:00\",\"dateModified\":\"2024-04-24T11:18:13+00:00\",\"description\":\"Sitko sto\u017ckowe do wziernika lub przewodu roz\u0142adunkowego DN 100 wykonana z wytrzyma\u0142ego materia\u0142u - stali nierdzewnej zatrzymuje cz\u0105stki sta\u0142e lub...\",\"breadcrumb\":{\"@id\":\"https:\/\/www.hydrotruck.eu\/sklep\/produkt\/sitko-stozkowe-do-wziernika-lub-przewodu-rozladunkowego-dn-100\/#breadcrumb\"},\"inLanguage\":\"pl-PL\",\"potentialAction\":[{\"@type\":\"ReadAction\",\"target\":[\"https:\/\/www.hydrotruck.eu\/sklep\/produkt\/sitko-stozkowe-do-wziernika-lub-przewodu-rozladunkowego-dn-100\/\"]}]},{\"@type\":\"ImageObject\",\"inLanguage\":\"pl-PL\",\"@id\":\"https:\/\/www.hydrotruck.eu\/sklep\/produkt\/sitko-stozkowe-do-wziernika-lub-przewodu-rozladunkowego-dn-100\/#primaryimage\",\"url\":\"https:\/\/www.hydrotruck.eu\/sklep\/wp-content\/uploads\/2023\/12\/Sitko-stozkowe-do-wziernika-lub-przewodu-rozladunkowego-DN-100.jpg\",\"contentUrl\":\"https:\/\/www.hydrotruck.eu\/sklep\/wp-content\/uploads\/2023\/12\/Sitko-stozkowe-do-wziernika-lub-przewodu-rozladunkowego-DN-100.jpg\",\"width\":1080,\"height\":1080,\"caption\":\"Sitko sto\u017ckowe do wziernika lub przewodu roz\u0142adunkowego DN 100\"},{\"@type\":\"BreadcrumbList\",\"@id\":\"https:\/\/www.hydrotruck.eu\/sklep\/produkt\/sitko-stozkowe-do-wziernika-lub-przewodu-rozladunkowego-dn-100\/#breadcrumb\",\"itemListElement\":[{\"@type\":\"ListItem\",\"position\":1,\"name\":\"Strona g\u0142\u00f3wna\",\"item\":\"https:\/\/www.hydrotruck.eu\/sklep\/\"},{\"@type\":\"ListItem\",\"position\":2,\"name\":\"Sklep\",\"item\":\"https:\/\/www.hydrotruck.eu\/sklep\/sklep\/\"},{\"@type\":\"ListItem\",\"position\":3,\"name\":\"Sitko sto\u017ckowe do wziernika lub przewodu roz\u0142adunkowego DN 100\"}]},{\"@type\":\"WebSite\",\"@id\":\"https:\/\/www.hydrotruck.eu\/sklep\/#website\",\"url\":\"https:\/\/www.hydrotruck.eu\/sklep\/\",\"name\":\"R\u0119czniki bawe\u0142niane, kapielowe do domu i do hoteli spa\",\"description\":\"Hydrotruck\",\"publisher\":{\"@id\":\"https:\/\/www.hydrotruck.eu\/sklep\/#organization\"},\"potentialAction\":[{\"@type\":\"SearchAction\",\"target\":{\"@type\":\"EntryPoint\",\"urlTemplate\":\"https:\/\/www.hydrotruck.eu\/sklep\/?s={search_term_string}\"},\"query-input\":{\"@type\":\"PropertyValueSpecification\",\"valueRequired\":true,\"valueName\":\"search_term_string\"}}],\"inLanguage\":\"pl-PL\"},{\"@type\":\"Organization\",\"@id\":\"https:\/\/www.hydrotruck.eu\/sklep\/#organization\",\"name\":\"R\u0119czniki bawe\u0142niane, kapielowe do domu i do hoteli spa\",\"url\":\"https:\/\/www.hydrotruck.eu\/sklep\/\",\"logo\":{\"@type\":\"ImageObject\",\"inLanguage\":\"pl-PL\",\"@id\":\"https:\/\/www.hydrotruck.eu\/sklep\/#\/schema\/logo\/image\/\",\"url\":\"https:\/\/www.hydrotruck.eu\/sklep\/wp-content\/uploads\/2023\/08\/logo_200.png\",\"contentUrl\":\"https:\/\/www.hydrotruck.eu\/sklep\/wp-content\/uploads\/2023\/08\/logo_200.png\",\"width\":200,\"height\":84,\"caption\":\"R\u0119czniki bawe\u0142niane, kapielowe do domu i do hoteli spa\"},\"image\":{\"@id\":\"https:\/\/www.hydrotruck.eu\/sklep\/#\/schema\/logo\/image\/\"}}]}<\/script>\n<!-- \/ Yoast SEO plugin. -->","yoast_head_json":{"title":"Sitko sto\u017ckowe do wziernika lub przewodu roz\u0142adunkowego DN 100 - Hydrotruck","description":"Sitko sto\u017ckowe do wziernika lub przewodu roz\u0142adunkowego DN 100 wykonana z wytrzyma\u0142ego materia\u0142u - stali nierdzewnej zatrzymuje cz\u0105stki sta\u0142e lub...","robots":{"index":"index","follow":"follow","max-snippet":"max-snippet:-1","max-image-preview":"max-image-preview:large","max-video-preview":"max-video-preview:-1"},"canonical":"https:\/\/www.hydrotruck.eu\/sklep\/produkt\/sitko-stozkowe-do-wziernika-lub-przewodu-rozladunkowego-dn-100\/","og_locale":"pl_PL","og_type":"article","og_title":"Sitko sto\u017ckowe do wziernika lub przewodu roz\u0142adunkowego DN 100 - Hydrotruck","og_description":"Sitko sto\u017ckowe do wziernika lub przewodu roz\u0142adunkowego DN 100 wykonana z wytrzyma\u0142ego materia\u0142u - stali nierdzewnej zatrzymuje cz\u0105stki sta\u0142e lub...","og_url":"https:\/\/www.hydrotruck.eu\/sklep\/produkt\/sitko-stozkowe-do-wziernika-lub-przewodu-rozladunkowego-dn-100\/","og_site_name":"Hydrotruck","article_modified_time":"2024-04-24T11:18:13+00:00","og_image":[{"width":1080,"height":1080,"url":"https:\/\/www.hydrotruck.eu\/sklep\/wp-content\/uploads\/2023\/12\/Sitko-stozkowe-do-wziernika-lub-przewodu-rozladunkowego-DN-100.jpg","type":"image\/jpeg"}],"twitter_card":"summary_large_image","twitter_misc":{"Szacowany czas czytania":"1 minuta"},"schema":{"@context":"https:\/\/schema.org","@graph":[{"@type":"WebPage","@id":"https:\/\/www.hydrotruck.eu\/sklep\/produkt\/sitko-stozkowe-do-wziernika-lub-przewodu-rozladunkowego-dn-100\/","url":"https:\/\/www.hydrotruck.eu\/sklep\/produkt\/sitko-stozkowe-do-wziernika-lub-przewodu-rozladunkowego-dn-100\/","name":"Sitko sto\u017ckowe do wziernika lub przewodu roz\u0142adunkowego DN 100 - Hydrotruck","isPartOf":{"@id":"https:\/\/www.hydrotruck.eu\/sklep\/#website"},"primaryImageOfPage":{"@id":"https:\/\/www.hydrotruck.eu\/sklep\/produkt\/sitko-stozkowe-do-wziernika-lub-przewodu-rozladunkowego-dn-100\/#primaryimage"},"image":{"@id":"https:\/\/www.hydrotruck.eu\/sklep\/produkt\/sitko-stozkowe-do-wziernika-lub-przewodu-rozladunkowego-dn-100\/#primaryimage"},"thumbnailUrl":"https:\/\/www.hydrotruck.eu\/sklep\/wp-content\/uploads\/2023\/12\/Sitko-stozkowe-do-wziernika-lub-przewodu-rozladunkowego-DN-100.jpg","datePublished":"2023-08-28T11:57:29+00:00","dateModified":"2024-04-24T11:18:13+00:00","description":"Sitko sto\u017ckowe do wziernika lub przewodu roz\u0142adunkowego DN 100 wykonana z wytrzyma\u0142ego materia\u0142u - stali nierdzewnej zatrzymuje cz\u0105stki sta\u0142e lub...","breadcrumb":{"@id":"https:\/\/www.hydrotruck.eu\/sklep\/produkt\/sitko-stozkowe-do-wziernika-lub-przewodu-rozladunkowego-dn-100\/#breadcrumb"},"inLanguage":"pl-PL","potentialAction":[{"@type":"ReadAction","target":["https:\/\/www.hydrotruck.eu\/sklep\/produkt\/sitko-stozkowe-do-wziernika-lub-przewodu-rozladunkowego-dn-100\/"]}]},{"@type":"ImageObject","inLanguage":"pl-PL","@id":"https:\/\/www.hydrotruck.eu\/sklep\/produkt\/sitko-stozkowe-do-wziernika-lub-przewodu-rozladunkowego-dn-100\/#primaryimage","url":"https:\/\/www.hydrotruck.eu\/sklep\/wp-content\/uploads\/2023\/12\/Sitko-stozkowe-do-wziernika-lub-przewodu-rozladunkowego-DN-100.jpg","contentUrl":"https:\/\/www.hydrotruck.eu\/sklep\/wp-content\/uploads\/2023\/12\/Sitko-stozkowe-do-wziernika-lub-przewodu-rozladunkowego-DN-100.jpg","width":1080,"height":1080,"caption":"Sitko sto\u017ckowe do wziernika lub przewodu roz\u0142adunkowego DN 100"},{"@type":"BreadcrumbList","@id":"https:\/\/www.hydrotruck.eu\/sklep\/produkt\/sitko-stozkowe-do-wziernika-lub-przewodu-rozladunkowego-dn-100\/#breadcrumb","itemListElement":[{"@type":"ListItem","position":1,"name":"Strona g\u0142\u00f3wna","item":"https:\/\/www.hydrotruck.eu\/sklep\/"},{"@type":"ListItem","position":2,"name":"Sklep","item":"https:\/\/www.hydrotruck.eu\/sklep\/sklep\/"},{"@type":"ListItem","position":3,"name":"Sitko sto\u017ckowe do wziernika lub przewodu roz\u0142adunkowego DN 100"}]},{"@type":"WebSite","@id":"https:\/\/www.hydrotruck.eu\/sklep\/#website","url":"https:\/\/www.hydrotruck.eu\/sklep\/","name":"R\u0119czniki bawe\u0142niane, kapielowe do domu i do hoteli spa","description":"Hydrotruck","publisher":{"@id":"https:\/\/www.hydrotruck.eu\/sklep\/#organization"},"potentialAction":[{"@type":"SearchAction","target":{"@type":"EntryPoint","urlTemplate":"https:\/\/www.hydrotruck.eu\/sklep\/?s={search_term_string}"},"query-input":{"@type":"PropertyValueSpecification","valueRequired":true,"valueName":"search_term_string"}}],"inLanguage":"pl-PL"},{"@type":"Organization","@id":"https:\/\/www.hydrotruck.eu\/sklep\/#organization","name":"R\u0119czniki bawe\u0142niane, kapielowe do domu i do hoteli spa","url":"https:\/\/www.hydrotruck.eu\/sklep\/","logo":{"@type":"ImageObject","inLanguage":"pl-PL","@id":"https:\/\/www.hydrotruck.eu\/sklep\/#\/schema\/logo\/image\/","url":"https:\/\/www.hydrotruck.eu\/sklep\/wp-content\/uploads\/2023\/08\/logo_200.png","contentUrl":"https:\/\/www.hydrotruck.eu\/sklep\/wp-content\/uploads\/2023\/08\/logo_200.png","width":200,"height":84,"caption":"R\u0119czniki bawe\u0142niane, kapielowe do domu i do hoteli spa"},"image":{"@id":"https:\/\/www.hydrotruck.eu\/sklep\/#\/schema\/logo\/image\/"}}]}},"acf":[],"_links":{"self":[{"href":"https:\/\/www.hydrotruck.eu\/sklep\/wp-json\/wp\/v2\/product\/3213","targetHints":{"allow":["GET"]}}],"collection":[{"href":"https:\/\/www.hydrotruck.eu\/sklep\/wp-json\/wp\/v2\/product"}],"about":[{"href":"https:\/\/www.hydrotruck.eu\/sklep\/wp-json\/wp\/v2\/types\/product"}],"wp:featuredmedia":[{"embeddable":true,"href":"https:\/\/www.hydrotruck.eu\/sklep\/wp-json\/wp\/v2\/media\/4312"}],"wp:attachment":[{"href":"https:\/\/www.hydrotruck.eu\/sklep\/wp-json\/wp\/v2\/media?parent=3213"}],"wp:term":[{"taxonomy":"product_cat","embeddable":true,"href":"https:\/\/www.hydrotruck.eu\/sklep\/wp-json\/wp\/v2\/product_cat?post=3213"},{"taxonomy":"product_tag","embeddable":true,"href":"https:\/\/www.hydrotruck.eu\/sklep\/wp-json\/wp\/v2\/product_tag?post=3213"}],"curies":[{"name":"wp","href":"https:\/\/api.w.org\/{rel}","templated":true}]}}