{"id":3207,"date":"2023-08-28T12:42:59","date_gmt":"2023-08-28T11:42:59","guid":{"rendered":"https:\/\/www.hydrotruck.eu\/sklep\/?post_type=product&#038;p=3207"},"modified":"2024-05-14T10:47:19","modified_gmt":"2024-05-14T09:47:19","slug":"czesci-zamienne-do-wziernikow-dn-100","status":"publish","type":"product","link":"https:\/\/www.hydrotruck.eu\/sklep\/produkt\/czesci-zamienne-do-wziernikow-dn-100\/","title":{"rendered":"Cz\u0119\u015bci zamienne do wziernik\u00f3w DN100"},"content":{"rendered":"<p><strong>Cz\u0119\u015bci zamienne do wziernik\u00f3w DN100<\/strong><\/p>\n<p><a href=\"https:\/\/www.hydrotruck.eu\/sklep\/kategoria\/czesci-do-silonaczep\/wzierniki-i-kolana-rozladunkowe\/\">Sprawd\u017a wi\u0119cej naszych wziernik\u00f3w i kolan roz\u0142adunkowych.<\/a><\/p>\n","protected":false},"excerpt":{"rendered":"<p><strong>Cz\u0119\u015bci zamienne do wziernik\u00f3w<\/strong><\/p>\n","protected":false},"featured_media":4326,"template":"","meta":{"inline_featured_image":false},"product_cat":[111],"product_tag":[],"class_list":{"0":"post-3207","1":"product","2":"type-product","3":"status-publish","4":"has-post-thumbnail","6":"product_cat-wzierniki-i-kolana-rozladunkowe","8":"first","9":"instock","10":"shipping-taxable","11":"purchasable","12":"product-type-simple"},"yoast_head":"<!-- This site is optimized with the Yoast SEO plugin v26.9 - https:\/\/yoast.com\/product\/yoast-seo-wordpress\/ -->\n<title>Cz\u0119\u015bci zamienne do wziernik\u00f3w DN100 - Hydrotruck<\/title>\n<meta name=\"description\" content=\"Wysokiej jako\u015bci cz\u0119\u015bci zamienne do wziernik\u00f3w DN100, w tym uszczelki, szk\u0142a i \u015bruby. Idealne do zastosowa\u0144 przemys\u0142owych.\" \/>\n<meta name=\"robots\" content=\"index, follow, max-snippet:-1, max-image-preview:large, max-video-preview:-1\" \/>\n<link rel=\"canonical\" href=\"https:\/\/www.hydrotruck.eu\/sklep\/produkt\/czesci-zamienne-do-wziernikow-dn-100\/\" \/>\n<meta property=\"og:locale\" content=\"pl_PL\" \/>\n<meta property=\"og:type\" content=\"article\" \/>\n<meta property=\"og:title\" content=\"Cz\u0119\u015bci zamienne do wziernik\u00f3w DN100 - Hydrotruck\" \/>\n<meta property=\"og:description\" content=\"Wysokiej jako\u015bci cz\u0119\u015bci zamienne do wziernik\u00f3w DN100, w tym uszczelki, szk\u0142a i \u015bruby. Idealne do zastosowa\u0144 przemys\u0142owych.\" \/>\n<meta property=\"og:url\" content=\"https:\/\/www.hydrotruck.eu\/sklep\/produkt\/czesci-zamienne-do-wziernikow-dn-100\/\" \/>\n<meta property=\"og:site_name\" content=\"Hydrotruck\" \/>\n<meta property=\"article:modified_time\" content=\"2024-05-14T09:47:19+00:00\" \/>\n<meta property=\"og:image\" content=\"https:\/\/www.hydrotruck.eu\/sklep\/wp-content\/uploads\/2023\/12\/Czesci-zamienne-do-wziernikow-DN-100.jpg\" \/>\n\t<meta property=\"og:image:width\" content=\"1080\" \/>\n\t<meta property=\"og:image:height\" content=\"1080\" \/>\n\t<meta property=\"og:image:type\" content=\"image\/jpeg\" \/>\n<meta name=\"twitter:card\" content=\"summary_large_image\" \/>\n<meta name=\"twitter:label1\" content=\"Szacowany czas czytania\" \/>\n\t<meta name=\"twitter:data1\" content=\"1 minuta\" \/>\n<script type=\"application\/ld+json\" class=\"yoast-schema-graph\">{\"@context\":\"https:\/\/schema.org\",\"@graph\":[{\"@type\":\"WebPage\",\"@id\":\"https:\/\/www.hydrotruck.eu\/sklep\/produkt\/czesci-zamienne-do-wziernikow-dn-100\/\",\"url\":\"https:\/\/www.hydrotruck.eu\/sklep\/produkt\/czesci-zamienne-do-wziernikow-dn-100\/\",\"name\":\"Cz\u0119\u015bci zamienne do wziernik\u00f3w DN100 - Hydrotruck\",\"isPartOf\":{\"@id\":\"https:\/\/www.hydrotruck.eu\/sklep\/#website\"},\"primaryImageOfPage\":{\"@id\":\"https:\/\/www.hydrotruck.eu\/sklep\/produkt\/czesci-zamienne-do-wziernikow-dn-100\/#primaryimage\"},\"image\":{\"@id\":\"https:\/\/www.hydrotruck.eu\/sklep\/produkt\/czesci-zamienne-do-wziernikow-dn-100\/#primaryimage\"},\"thumbnailUrl\":\"https:\/\/www.hydrotruck.eu\/sklep\/wp-content\/uploads\/2023\/12\/Czesci-zamienne-do-wziernikow-DN-100.jpg\",\"datePublished\":\"2023-08-28T11:42:59+00:00\",\"dateModified\":\"2024-05-14T09:47:19+00:00\",\"description\":\"Wysokiej jako\u015bci cz\u0119\u015bci zamienne do wziernik\u00f3w DN100, w tym uszczelki, szk\u0142a i \u015bruby. Idealne do zastosowa\u0144 przemys\u0142owych.\",\"breadcrumb\":{\"@id\":\"https:\/\/www.hydrotruck.eu\/sklep\/produkt\/czesci-zamienne-do-wziernikow-dn-100\/#breadcrumb\"},\"inLanguage\":\"pl-PL\",\"potentialAction\":[{\"@type\":\"ReadAction\",\"target\":[\"https:\/\/www.hydrotruck.eu\/sklep\/produkt\/czesci-zamienne-do-wziernikow-dn-100\/\"]}]},{\"@type\":\"ImageObject\",\"inLanguage\":\"pl-PL\",\"@id\":\"https:\/\/www.hydrotruck.eu\/sklep\/produkt\/czesci-zamienne-do-wziernikow-dn-100\/#primaryimage\",\"url\":\"https:\/\/www.hydrotruck.eu\/sklep\/wp-content\/uploads\/2023\/12\/Czesci-zamienne-do-wziernikow-DN-100.jpg\",\"contentUrl\":\"https:\/\/www.hydrotruck.eu\/sklep\/wp-content\/uploads\/2023\/12\/Czesci-zamienne-do-wziernikow-DN-100.jpg\",\"width\":1080,\"height\":1080,\"caption\":\"Cz\u0119\u015bci zamienne do wziernik\u00f3w DN 100\"},{\"@type\":\"BreadcrumbList\",\"@id\":\"https:\/\/www.hydrotruck.eu\/sklep\/produkt\/czesci-zamienne-do-wziernikow-dn-100\/#breadcrumb\",\"itemListElement\":[{\"@type\":\"ListItem\",\"position\":1,\"name\":\"Strona g\u0142\u00f3wna\",\"item\":\"https:\/\/www.hydrotruck.eu\/sklep\/\"},{\"@type\":\"ListItem\",\"position\":2,\"name\":\"Sklep\",\"item\":\"https:\/\/www.hydrotruck.eu\/sklep\/sklep\/\"},{\"@type\":\"ListItem\",\"position\":3,\"name\":\"Cz\u0119\u015bci zamienne do wziernik\u00f3w DN100\"}]},{\"@type\":\"WebSite\",\"@id\":\"https:\/\/www.hydrotruck.eu\/sklep\/#website\",\"url\":\"https:\/\/www.hydrotruck.eu\/sklep\/\",\"name\":\"R\u0119czniki bawe\u0142niane, kapielowe do domu i do hoteli spa\",\"description\":\"Hydrotruck\",\"publisher\":{\"@id\":\"https:\/\/www.hydrotruck.eu\/sklep\/#organization\"},\"potentialAction\":[{\"@type\":\"SearchAction\",\"target\":{\"@type\":\"EntryPoint\",\"urlTemplate\":\"https:\/\/www.hydrotruck.eu\/sklep\/?s={search_term_string}\"},\"query-input\":{\"@type\":\"PropertyValueSpecification\",\"valueRequired\":true,\"valueName\":\"search_term_string\"}}],\"inLanguage\":\"pl-PL\"},{\"@type\":\"Organization\",\"@id\":\"https:\/\/www.hydrotruck.eu\/sklep\/#organization\",\"name\":\"R\u0119czniki bawe\u0142niane, kapielowe do domu i do hoteli spa\",\"url\":\"https:\/\/www.hydrotruck.eu\/sklep\/\",\"logo\":{\"@type\":\"ImageObject\",\"inLanguage\":\"pl-PL\",\"@id\":\"https:\/\/www.hydrotruck.eu\/sklep\/#\/schema\/logo\/image\/\",\"url\":\"https:\/\/www.hydrotruck.eu\/sklep\/wp-content\/uploads\/2023\/08\/logo_200.png\",\"contentUrl\":\"https:\/\/www.hydrotruck.eu\/sklep\/wp-content\/uploads\/2023\/08\/logo_200.png\",\"width\":200,\"height\":84,\"caption\":\"R\u0119czniki bawe\u0142niane, kapielowe do domu i do hoteli spa\"},\"image\":{\"@id\":\"https:\/\/www.hydrotruck.eu\/sklep\/#\/schema\/logo\/image\/\"}}]}<\/script>\n<!-- \/ Yoast SEO plugin. -->","yoast_head_json":{"title":"Cz\u0119\u015bci zamienne do wziernik\u00f3w DN100 - Hydrotruck","description":"Wysokiej jako\u015bci cz\u0119\u015bci zamienne do wziernik\u00f3w DN100, w tym uszczelki, szk\u0142a i \u015bruby. Idealne do zastosowa\u0144 przemys\u0142owych.","robots":{"index":"index","follow":"follow","max-snippet":"max-snippet:-1","max-image-preview":"max-image-preview:large","max-video-preview":"max-video-preview:-1"},"canonical":"https:\/\/www.hydrotruck.eu\/sklep\/produkt\/czesci-zamienne-do-wziernikow-dn-100\/","og_locale":"pl_PL","og_type":"article","og_title":"Cz\u0119\u015bci zamienne do wziernik\u00f3w DN100 - Hydrotruck","og_description":"Wysokiej jako\u015bci cz\u0119\u015bci zamienne do wziernik\u00f3w DN100, w tym uszczelki, szk\u0142a i \u015bruby. Idealne do zastosowa\u0144 przemys\u0142owych.","og_url":"https:\/\/www.hydrotruck.eu\/sklep\/produkt\/czesci-zamienne-do-wziernikow-dn-100\/","og_site_name":"Hydrotruck","article_modified_time":"2024-05-14T09:47:19+00:00","og_image":[{"width":1080,"height":1080,"url":"https:\/\/www.hydrotruck.eu\/sklep\/wp-content\/uploads\/2023\/12\/Czesci-zamienne-do-wziernikow-DN-100.jpg","type":"image\/jpeg"}],"twitter_card":"summary_large_image","twitter_misc":{"Szacowany czas czytania":"1 minuta"},"schema":{"@context":"https:\/\/schema.org","@graph":[{"@type":"WebPage","@id":"https:\/\/www.hydrotruck.eu\/sklep\/produkt\/czesci-zamienne-do-wziernikow-dn-100\/","url":"https:\/\/www.hydrotruck.eu\/sklep\/produkt\/czesci-zamienne-do-wziernikow-dn-100\/","name":"Cz\u0119\u015bci zamienne do wziernik\u00f3w DN100 - Hydrotruck","isPartOf":{"@id":"https:\/\/www.hydrotruck.eu\/sklep\/#website"},"primaryImageOfPage":{"@id":"https:\/\/www.hydrotruck.eu\/sklep\/produkt\/czesci-zamienne-do-wziernikow-dn-100\/#primaryimage"},"image":{"@id":"https:\/\/www.hydrotruck.eu\/sklep\/produkt\/czesci-zamienne-do-wziernikow-dn-100\/#primaryimage"},"thumbnailUrl":"https:\/\/www.hydrotruck.eu\/sklep\/wp-content\/uploads\/2023\/12\/Czesci-zamienne-do-wziernikow-DN-100.jpg","datePublished":"2023-08-28T11:42:59+00:00","dateModified":"2024-05-14T09:47:19+00:00","description":"Wysokiej jako\u015bci cz\u0119\u015bci zamienne do wziernik\u00f3w DN100, w tym uszczelki, szk\u0142a i \u015bruby. Idealne do zastosowa\u0144 przemys\u0142owych.","breadcrumb":{"@id":"https:\/\/www.hydrotruck.eu\/sklep\/produkt\/czesci-zamienne-do-wziernikow-dn-100\/#breadcrumb"},"inLanguage":"pl-PL","potentialAction":[{"@type":"ReadAction","target":["https:\/\/www.hydrotruck.eu\/sklep\/produkt\/czesci-zamienne-do-wziernikow-dn-100\/"]}]},{"@type":"ImageObject","inLanguage":"pl-PL","@id":"https:\/\/www.hydrotruck.eu\/sklep\/produkt\/czesci-zamienne-do-wziernikow-dn-100\/#primaryimage","url":"https:\/\/www.hydrotruck.eu\/sklep\/wp-content\/uploads\/2023\/12\/Czesci-zamienne-do-wziernikow-DN-100.jpg","contentUrl":"https:\/\/www.hydrotruck.eu\/sklep\/wp-content\/uploads\/2023\/12\/Czesci-zamienne-do-wziernikow-DN-100.jpg","width":1080,"height":1080,"caption":"Cz\u0119\u015bci zamienne do wziernik\u00f3w DN 100"},{"@type":"BreadcrumbList","@id":"https:\/\/www.hydrotruck.eu\/sklep\/produkt\/czesci-zamienne-do-wziernikow-dn-100\/#breadcrumb","itemListElement":[{"@type":"ListItem","position":1,"name":"Strona g\u0142\u00f3wna","item":"https:\/\/www.hydrotruck.eu\/sklep\/"},{"@type":"ListItem","position":2,"name":"Sklep","item":"https:\/\/www.hydrotruck.eu\/sklep\/sklep\/"},{"@type":"ListItem","position":3,"name":"Cz\u0119\u015bci zamienne do wziernik\u00f3w DN100"}]},{"@type":"WebSite","@id":"https:\/\/www.hydrotruck.eu\/sklep\/#website","url":"https:\/\/www.hydrotruck.eu\/sklep\/","name":"R\u0119czniki bawe\u0142niane, kapielowe do domu i do hoteli spa","description":"Hydrotruck","publisher":{"@id":"https:\/\/www.hydrotruck.eu\/sklep\/#organization"},"potentialAction":[{"@type":"SearchAction","target":{"@type":"EntryPoint","urlTemplate":"https:\/\/www.hydrotruck.eu\/sklep\/?s={search_term_string}"},"query-input":{"@type":"PropertyValueSpecification","valueRequired":true,"valueName":"search_term_string"}}],"inLanguage":"pl-PL"},{"@type":"Organization","@id":"https:\/\/www.hydrotruck.eu\/sklep\/#organization","name":"R\u0119czniki bawe\u0142niane, kapielowe do domu i do hoteli spa","url":"https:\/\/www.hydrotruck.eu\/sklep\/","logo":{"@type":"ImageObject","inLanguage":"pl-PL","@id":"https:\/\/www.hydrotruck.eu\/sklep\/#\/schema\/logo\/image\/","url":"https:\/\/www.hydrotruck.eu\/sklep\/wp-content\/uploads\/2023\/08\/logo_200.png","contentUrl":"https:\/\/www.hydrotruck.eu\/sklep\/wp-content\/uploads\/2023\/08\/logo_200.png","width":200,"height":84,"caption":"R\u0119czniki bawe\u0142niane, kapielowe do domu i do hoteli spa"},"image":{"@id":"https:\/\/www.hydrotruck.eu\/sklep\/#\/schema\/logo\/image\/"}}]}},"acf":[],"_links":{"self":[{"href":"https:\/\/www.hydrotruck.eu\/sklep\/wp-json\/wp\/v2\/product\/3207","targetHints":{"allow":["GET"]}}],"collection":[{"href":"https:\/\/www.hydrotruck.eu\/sklep\/wp-json\/wp\/v2\/product"}],"about":[{"href":"https:\/\/www.hydrotruck.eu\/sklep\/wp-json\/wp\/v2\/types\/product"}],"wp:featuredmedia":[{"embeddable":true,"href":"https:\/\/www.hydrotruck.eu\/sklep\/wp-json\/wp\/v2\/media\/4326"}],"wp:attachment":[{"href":"https:\/\/www.hydrotruck.eu\/sklep\/wp-json\/wp\/v2\/media?parent=3207"}],"wp:term":[{"taxonomy":"product_cat","embeddable":true,"href":"https:\/\/www.hydrotruck.eu\/sklep\/wp-json\/wp\/v2\/product_cat?post=3207"},{"taxonomy":"product_tag","embeddable":true,"href":"https:\/\/www.hydrotruck.eu\/sklep\/wp-json\/wp\/v2\/product_tag?post=3207"}],"curies":[{"name":"wp","href":"https:\/\/api.w.org\/{rel}","templated":true}]}}