{"id":3181,"date":"2023-08-28T11:30:55","date_gmt":"2023-08-28T10:30:55","guid":{"rendered":"https:\/\/www.hydrotruck.eu\/sklep\/?post_type=product&#038;p=3181"},"modified":"2024-05-14T07:29:38","modified_gmt":"2024-05-14T06:29:38","slug":"opaska-za-stali-ocynkowanej-do-montazu-przewodu-64-67mm","status":"publish","type":"product","link":"https:\/\/www.hydrotruck.eu\/sklep\/produkt\/opaska-za-stali-ocynkowanej-do-montazu-przewodu-64-67mm\/","title":{"rendered":"Opaska za stali ocynkowanej do monta\u017cu przewodu 64-67mm"},"content":{"rendered":"<h2>Opaska za stali ocynkowanej 64-67 mm, materia\u0142 stal nierdzewna<\/h2>\n<div class=\"flex flex-grow flex-col max-w-full\">\n<div class=\"min-h-[20px] text-message flex flex-col items-start whitespace-pre-wrap break-words [.text-message+&amp;]:mt-5 juice:w-full juice:items-end overflow-x-auto gap-3\" dir=\"auto\" data-message-author-role=\"assistant\" data-message-id=\"0f7e8451-8f0c-44d9-ac4a-d2b99c48069b\">\n<div class=\"markdown prose w-full break-words dark:prose-invert dark\">\n<p>Opaska ze stali ocynkowanej 64-67 mm do monta\u017cu przewodu to element wykorzystywany w instalacjach do mocowania i stabilizowania przewod\u00f3w, rur lub kabli. Wykonana z trwa\u0142ej stali ocynkowanej, zapewnia odporno\u015b\u0107 na korozj\u0119 i d\u0142ugotrwa\u0142\u0105 wytrzyma\u0142o\u015b\u0107.<\/p>\n<p>Opaska sk\u0142ada si\u0119 z dw\u00f3ch g\u0142\u00f3wnych cz\u0119\u015bci: ta\u015bmy i zacisku. Ta\u015bma to elastyczny pas ze stali ocynkowanej, kt\u00f3ry mo\u017cna \u0142atwo dopasowa\u0107 i przymocowa\u0107 do przewodu. Zacisk mocuje ta\u015bm\u0119, umo\u017cliwiaj\u0105c jej regulacj\u0119 i solidne utrzymanie. Zazwyczaj zacisk wyposa\u017cony jest w \u015bruby lub klamry, kt\u00f3re umo\u017cliwiaj\u0105 \u0142atwe dopasowanie i dokr\u0119canie.<\/p>\n<p>Opaski ze stali ocynkowanej s\u0105 szeroko stosowane w r\u00f3\u017cnych bran\u017cach, takich jak instalacje sanitarno-kanalizacyjne, elektryczne, przemys\u0142 petrochemiczny, budownictwo i inne. S\u0105 skutecznym narz\u0119dziem do monta\u017cu i utrzymywania przewod\u00f3w w odpowiedniej pozycji, zapewniaj\u0105c ich stabilno\u015b\u0107 i bezpiecze\u0144stwo.<\/p>\n<\/div>\n<\/div>\n<\/div>\n","protected":false},"excerpt":{"rendered":"<p><strong>\u015aruba-Zakres: 64-67 mm , Materia\u0142 Stal Nierdzewna<\/strong><br \/>\nOpaska ze stali ocynkowanej do monta\u017cu przewodu to element stosowany w instalacjach do mocowania i utrzymania stabilno\u015bci przewod\u00f3w, rur lub kabli. Jest wykonana z trwa\u0142ej stali ocynkowanej, co zapewnia odporno\u015b\u0107 na korozj\u0119 i d\u0142ugotrwa\u0142\u0105 wytrzyma\u0142o\u015b\u0107.<\/p>\n","protected":false},"featured_media":3173,"template":"","meta":{"inline_featured_image":false},"product_cat":[99],"product_tag":[],"class_list":{"0":"post-3181","1":"product","2":"type-product","3":"status-publish","4":"has-post-thumbnail","6":"product_cat-akcesoria","8":"first","9":"instock","10":"shipping-taxable","11":"purchasable","12":"product-type-simple"},"yoast_head":"<!-- This site is optimized with the Yoast SEO plugin v26.9 - https:\/\/yoast.com\/product\/yoast-seo-wordpress\/ -->\n<title>Opaska za stali ocynkowanej do monta\u017cu przewodu 64-67mm - Hydrotruck<\/title>\n<meta name=\"description\" content=\"Opaska ze stali ocynkowanej 64-67 mm do monta\u017cu przewodu to element wykorzystywany w instalacjach do mocowania i stabilizowania przewod\u00f3w, rur lub kabli.\" \/>\n<meta name=\"robots\" content=\"index, follow, max-snippet:-1, max-image-preview:large, max-video-preview:-1\" \/>\n<link rel=\"canonical\" href=\"https:\/\/www.hydrotruck.eu\/sklep\/produkt\/opaska-za-stali-ocynkowanej-do-montazu-przewodu-64-67mm\/\" \/>\n<meta property=\"og:locale\" content=\"pl_PL\" \/>\n<meta property=\"og:type\" content=\"article\" \/>\n<meta property=\"og:title\" content=\"Opaska za stali ocynkowanej do monta\u017cu przewodu 64-67mm - Hydrotruck\" \/>\n<meta property=\"og:description\" content=\"Opaska ze stali ocynkowanej 64-67 mm do monta\u017cu przewodu to element wykorzystywany w instalacjach do mocowania i stabilizowania przewod\u00f3w, rur lub kabli.\" \/>\n<meta property=\"og:url\" content=\"https:\/\/www.hydrotruck.eu\/sklep\/produkt\/opaska-za-stali-ocynkowanej-do-montazu-przewodu-64-67mm\/\" \/>\n<meta property=\"og:site_name\" content=\"Hydrotruck\" \/>\n<meta property=\"article:modified_time\" content=\"2024-05-14T06:29:38+00:00\" \/>\n<meta property=\"og:image\" content=\"https:\/\/www.hydrotruck.eu\/sklep\/wp-content\/uploads\/2023\/08\/Projekt-bez-nazwy-48.jpg\" \/>\n\t<meta property=\"og:image:width\" content=\"1080\" \/>\n\t<meta property=\"og:image:height\" content=\"1080\" \/>\n\t<meta property=\"og:image:type\" content=\"image\/jpeg\" \/>\n<meta name=\"twitter:card\" content=\"summary_large_image\" \/>\n<meta name=\"twitter:label1\" content=\"Szacowany czas czytania\" \/>\n\t<meta name=\"twitter:data1\" content=\"1 minuta\" \/>\n<script type=\"application\/ld+json\" class=\"yoast-schema-graph\">{\"@context\":\"https:\/\/schema.org\",\"@graph\":[{\"@type\":\"WebPage\",\"@id\":\"https:\/\/www.hydrotruck.eu\/sklep\/produkt\/opaska-za-stali-ocynkowanej-do-montazu-przewodu-64-67mm\/\",\"url\":\"https:\/\/www.hydrotruck.eu\/sklep\/produkt\/opaska-za-stali-ocynkowanej-do-montazu-przewodu-64-67mm\/\",\"name\":\"Opaska za stali ocynkowanej do monta\u017cu przewodu 64-67mm - Hydrotruck\",\"isPartOf\":{\"@id\":\"https:\/\/www.hydrotruck.eu\/sklep\/#website\"},\"primaryImageOfPage\":{\"@id\":\"https:\/\/www.hydrotruck.eu\/sklep\/produkt\/opaska-za-stali-ocynkowanej-do-montazu-przewodu-64-67mm\/#primaryimage\"},\"image\":{\"@id\":\"https:\/\/www.hydrotruck.eu\/sklep\/produkt\/opaska-za-stali-ocynkowanej-do-montazu-przewodu-64-67mm\/#primaryimage\"},\"thumbnailUrl\":\"https:\/\/www.hydrotruck.eu\/sklep\/wp-content\/uploads\/2023\/08\/Projekt-bez-nazwy-48.jpg\",\"datePublished\":\"2023-08-28T10:30:55+00:00\",\"dateModified\":\"2024-05-14T06:29:38+00:00\",\"description\":\"Opaska ze stali ocynkowanej 64-67 mm do monta\u017cu przewodu to element wykorzystywany w instalacjach do mocowania i stabilizowania przewod\u00f3w, rur lub kabli.\",\"breadcrumb\":{\"@id\":\"https:\/\/www.hydrotruck.eu\/sklep\/produkt\/opaska-za-stali-ocynkowanej-do-montazu-przewodu-64-67mm\/#breadcrumb\"},\"inLanguage\":\"pl-PL\",\"potentialAction\":[{\"@type\":\"ReadAction\",\"target\":[\"https:\/\/www.hydrotruck.eu\/sklep\/produkt\/opaska-za-stali-ocynkowanej-do-montazu-przewodu-64-67mm\/\"]}]},{\"@type\":\"ImageObject\",\"inLanguage\":\"pl-PL\",\"@id\":\"https:\/\/www.hydrotruck.eu\/sklep\/produkt\/opaska-za-stali-ocynkowanej-do-montazu-przewodu-64-67mm\/#primaryimage\",\"url\":\"https:\/\/www.hydrotruck.eu\/sklep\/wp-content\/uploads\/2023\/08\/Projekt-bez-nazwy-48.jpg\",\"contentUrl\":\"https:\/\/www.hydrotruck.eu\/sklep\/wp-content\/uploads\/2023\/08\/Projekt-bez-nazwy-48.jpg\",\"width\":1080,\"height\":1080,\"caption\":\"Opaska ze stali ocynkowanej 73-79mm\"},{\"@type\":\"BreadcrumbList\",\"@id\":\"https:\/\/www.hydrotruck.eu\/sklep\/produkt\/opaska-za-stali-ocynkowanej-do-montazu-przewodu-64-67mm\/#breadcrumb\",\"itemListElement\":[{\"@type\":\"ListItem\",\"position\":1,\"name\":\"Strona g\u0142\u00f3wna\",\"item\":\"https:\/\/www.hydrotruck.eu\/sklep\/\"},{\"@type\":\"ListItem\",\"position\":2,\"name\":\"Sklep\",\"item\":\"https:\/\/www.hydrotruck.eu\/sklep\/sklep\/\"},{\"@type\":\"ListItem\",\"position\":3,\"name\":\"Opaska za stali ocynkowanej do monta\u017cu przewodu 64-67mm\"}]},{\"@type\":\"WebSite\",\"@id\":\"https:\/\/www.hydrotruck.eu\/sklep\/#website\",\"url\":\"https:\/\/www.hydrotruck.eu\/sklep\/\",\"name\":\"R\u0119czniki bawe\u0142niane, kapielowe do domu i do hoteli spa\",\"description\":\"Hydrotruck\",\"publisher\":{\"@id\":\"https:\/\/www.hydrotruck.eu\/sklep\/#organization\"},\"potentialAction\":[{\"@type\":\"SearchAction\",\"target\":{\"@type\":\"EntryPoint\",\"urlTemplate\":\"https:\/\/www.hydrotruck.eu\/sklep\/?s={search_term_string}\"},\"query-input\":{\"@type\":\"PropertyValueSpecification\",\"valueRequired\":true,\"valueName\":\"search_term_string\"}}],\"inLanguage\":\"pl-PL\"},{\"@type\":\"Organization\",\"@id\":\"https:\/\/www.hydrotruck.eu\/sklep\/#organization\",\"name\":\"R\u0119czniki bawe\u0142niane, kapielowe do domu i do hoteli spa\",\"url\":\"https:\/\/www.hydrotruck.eu\/sklep\/\",\"logo\":{\"@type\":\"ImageObject\",\"inLanguage\":\"pl-PL\",\"@id\":\"https:\/\/www.hydrotruck.eu\/sklep\/#\/schema\/logo\/image\/\",\"url\":\"https:\/\/www.hydrotruck.eu\/sklep\/wp-content\/uploads\/2023\/08\/logo_200.png\",\"contentUrl\":\"https:\/\/www.hydrotruck.eu\/sklep\/wp-content\/uploads\/2023\/08\/logo_200.png\",\"width\":200,\"height\":84,\"caption\":\"R\u0119czniki bawe\u0142niane, kapielowe do domu i do hoteli spa\"},\"image\":{\"@id\":\"https:\/\/www.hydrotruck.eu\/sklep\/#\/schema\/logo\/image\/\"}}]}<\/script>\n<!-- \/ Yoast SEO plugin. -->","yoast_head_json":{"title":"Opaska za stali ocynkowanej do monta\u017cu przewodu 64-67mm - Hydrotruck","description":"Opaska ze stali ocynkowanej 64-67 mm do monta\u017cu przewodu to element wykorzystywany w instalacjach do mocowania i stabilizowania przewod\u00f3w, rur lub kabli.","robots":{"index":"index","follow":"follow","max-snippet":"max-snippet:-1","max-image-preview":"max-image-preview:large","max-video-preview":"max-video-preview:-1"},"canonical":"https:\/\/www.hydrotruck.eu\/sklep\/produkt\/opaska-za-stali-ocynkowanej-do-montazu-przewodu-64-67mm\/","og_locale":"pl_PL","og_type":"article","og_title":"Opaska za stali ocynkowanej do monta\u017cu przewodu 64-67mm - Hydrotruck","og_description":"Opaska ze stali ocynkowanej 64-67 mm do monta\u017cu przewodu to element wykorzystywany w instalacjach do mocowania i stabilizowania przewod\u00f3w, rur lub kabli.","og_url":"https:\/\/www.hydrotruck.eu\/sklep\/produkt\/opaska-za-stali-ocynkowanej-do-montazu-przewodu-64-67mm\/","og_site_name":"Hydrotruck","article_modified_time":"2024-05-14T06:29:38+00:00","og_image":[{"width":1080,"height":1080,"url":"https:\/\/www.hydrotruck.eu\/sklep\/wp-content\/uploads\/2023\/08\/Projekt-bez-nazwy-48.jpg","type":"image\/jpeg"}],"twitter_card":"summary_large_image","twitter_misc":{"Szacowany czas czytania":"1 minuta"},"schema":{"@context":"https:\/\/schema.org","@graph":[{"@type":"WebPage","@id":"https:\/\/www.hydrotruck.eu\/sklep\/produkt\/opaska-za-stali-ocynkowanej-do-montazu-przewodu-64-67mm\/","url":"https:\/\/www.hydrotruck.eu\/sklep\/produkt\/opaska-za-stali-ocynkowanej-do-montazu-przewodu-64-67mm\/","name":"Opaska za stali ocynkowanej do monta\u017cu przewodu 64-67mm - Hydrotruck","isPartOf":{"@id":"https:\/\/www.hydrotruck.eu\/sklep\/#website"},"primaryImageOfPage":{"@id":"https:\/\/www.hydrotruck.eu\/sklep\/produkt\/opaska-za-stali-ocynkowanej-do-montazu-przewodu-64-67mm\/#primaryimage"},"image":{"@id":"https:\/\/www.hydrotruck.eu\/sklep\/produkt\/opaska-za-stali-ocynkowanej-do-montazu-przewodu-64-67mm\/#primaryimage"},"thumbnailUrl":"https:\/\/www.hydrotruck.eu\/sklep\/wp-content\/uploads\/2023\/08\/Projekt-bez-nazwy-48.jpg","datePublished":"2023-08-28T10:30:55+00:00","dateModified":"2024-05-14T06:29:38+00:00","description":"Opaska ze stali ocynkowanej 64-67 mm do monta\u017cu przewodu to element wykorzystywany w instalacjach do mocowania i stabilizowania przewod\u00f3w, rur lub kabli.","breadcrumb":{"@id":"https:\/\/www.hydrotruck.eu\/sklep\/produkt\/opaska-za-stali-ocynkowanej-do-montazu-przewodu-64-67mm\/#breadcrumb"},"inLanguage":"pl-PL","potentialAction":[{"@type":"ReadAction","target":["https:\/\/www.hydrotruck.eu\/sklep\/produkt\/opaska-za-stali-ocynkowanej-do-montazu-przewodu-64-67mm\/"]}]},{"@type":"ImageObject","inLanguage":"pl-PL","@id":"https:\/\/www.hydrotruck.eu\/sklep\/produkt\/opaska-za-stali-ocynkowanej-do-montazu-przewodu-64-67mm\/#primaryimage","url":"https:\/\/www.hydrotruck.eu\/sklep\/wp-content\/uploads\/2023\/08\/Projekt-bez-nazwy-48.jpg","contentUrl":"https:\/\/www.hydrotruck.eu\/sklep\/wp-content\/uploads\/2023\/08\/Projekt-bez-nazwy-48.jpg","width":1080,"height":1080,"caption":"Opaska ze stali ocynkowanej 73-79mm"},{"@type":"BreadcrumbList","@id":"https:\/\/www.hydrotruck.eu\/sklep\/produkt\/opaska-za-stali-ocynkowanej-do-montazu-przewodu-64-67mm\/#breadcrumb","itemListElement":[{"@type":"ListItem","position":1,"name":"Strona g\u0142\u00f3wna","item":"https:\/\/www.hydrotruck.eu\/sklep\/"},{"@type":"ListItem","position":2,"name":"Sklep","item":"https:\/\/www.hydrotruck.eu\/sklep\/sklep\/"},{"@type":"ListItem","position":3,"name":"Opaska za stali ocynkowanej do monta\u017cu przewodu 64-67mm"}]},{"@type":"WebSite","@id":"https:\/\/www.hydrotruck.eu\/sklep\/#website","url":"https:\/\/www.hydrotruck.eu\/sklep\/","name":"R\u0119czniki bawe\u0142niane, kapielowe do domu i do hoteli spa","description":"Hydrotruck","publisher":{"@id":"https:\/\/www.hydrotruck.eu\/sklep\/#organization"},"potentialAction":[{"@type":"SearchAction","target":{"@type":"EntryPoint","urlTemplate":"https:\/\/www.hydrotruck.eu\/sklep\/?s={search_term_string}"},"query-input":{"@type":"PropertyValueSpecification","valueRequired":true,"valueName":"search_term_string"}}],"inLanguage":"pl-PL"},{"@type":"Organization","@id":"https:\/\/www.hydrotruck.eu\/sklep\/#organization","name":"R\u0119czniki bawe\u0142niane, kapielowe do domu i do hoteli spa","url":"https:\/\/www.hydrotruck.eu\/sklep\/","logo":{"@type":"ImageObject","inLanguage":"pl-PL","@id":"https:\/\/www.hydrotruck.eu\/sklep\/#\/schema\/logo\/image\/","url":"https:\/\/www.hydrotruck.eu\/sklep\/wp-content\/uploads\/2023\/08\/logo_200.png","contentUrl":"https:\/\/www.hydrotruck.eu\/sklep\/wp-content\/uploads\/2023\/08\/logo_200.png","width":200,"height":84,"caption":"R\u0119czniki bawe\u0142niane, kapielowe do domu i do hoteli spa"},"image":{"@id":"https:\/\/www.hydrotruck.eu\/sklep\/#\/schema\/logo\/image\/"}}]}},"acf":[],"_links":{"self":[{"href":"https:\/\/www.hydrotruck.eu\/sklep\/wp-json\/wp\/v2\/product\/3181","targetHints":{"allow":["GET"]}}],"collection":[{"href":"https:\/\/www.hydrotruck.eu\/sklep\/wp-json\/wp\/v2\/product"}],"about":[{"href":"https:\/\/www.hydrotruck.eu\/sklep\/wp-json\/wp\/v2\/types\/product"}],"wp:featuredmedia":[{"embeddable":true,"href":"https:\/\/www.hydrotruck.eu\/sklep\/wp-json\/wp\/v2\/media\/3173"}],"wp:attachment":[{"href":"https:\/\/www.hydrotruck.eu\/sklep\/wp-json\/wp\/v2\/media?parent=3181"}],"wp:term":[{"taxonomy":"product_cat","embeddable":true,"href":"https:\/\/www.hydrotruck.eu\/sklep\/wp-json\/wp\/v2\/product_cat?post=3181"},{"taxonomy":"product_tag","embeddable":true,"href":"https:\/\/www.hydrotruck.eu\/sklep\/wp-json\/wp\/v2\/product_tag?post=3181"}],"curies":[{"name":"wp","href":"https:\/\/api.w.org\/{rel}","templated":true}]}}