{"id":3071,"date":"2023-08-23T09:32:39","date_gmt":"2023-08-23T08:32:39","guid":{"rendered":"https:\/\/www.hydrotruck.eu\/sklep\/?post_type=product&#038;p=3071"},"modified":"2024-05-14T11:50:10","modified_gmt":"2024-05-14T10:50:10","slug":"podmuch-do-zaworu-kulowego-dn100","status":"publish","type":"product","link":"https:\/\/www.hydrotruck.eu\/sklep\/produkt\/podmuch-do-zaworu-kulowego-dn100\/","title":{"rendered":"Podmuch do zaworu kulowego DN100"},"content":{"rendered":"<p><strong>Podmuch do zaworu kulowego DN100 , Materia\u0142 wykonania:STAL\/ALUMINIUM<\/strong><br \/>\nPodmuch do zaworu kulowego (DN80) to zjawisko, w kt\u00f3rym wyst\u0119puje gwa\u0142towny przep\u0142yw p\u0142ynu lub gazu przez zaw\u00f3r o \u015brednicy nominalnej 80 mm. Podmuch mo\u017ce powsta\u0107 w wyniku nag\u0142ego otwarcia lub zamkni\u0119cia zaworu lub zmiany warunk\u00f3w przep\u0142ywu. Mo\u017ce on prowadzi\u0107 do generowania wysokich si\u0142 dynamicznych, kt\u00f3re mog\u0105 wp\u0142ywa\u0107 na stabilno\u015b\u0107 i wytrzyma\u0142o\u015b\u0107 zaworu oraz powodowa\u0107 uszkodzenia lub wibracje w systemie. Dlatego wa\u017cne jest odpowiednie zaprojektowanie i dobranie zaworu oraz zastosowanie odpowiednich zabezpiecze\u0144, takich jak t\u0142umiki lub ograniczniki przep\u0142ywu, aby zminimalizowa\u0107 ryzyko wyst\u0105pienia podmuchu.<\/p>\n<p><a href=\"https:\/\/www.hydrotruck.eu\/sklep\/kategoria\/czesci-do-silonaczep\/zawory-do-towaru\/zawory-kulowe-do-towaru\/\">Sprawd\u017a wi\u0119cej naszych zawor\u00f3w kulowych do towaru<\/a>.<\/p>\n","protected":false},"excerpt":{"rendered":"<p><strong>Rozmiar DN100 , Materia\u0142 wykonania:STAL\/ALUMINIUM<\/strong><\/p>\n","protected":false},"featured_media":3070,"template":"","meta":{"inline_featured_image":false},"product_cat":[86,106],"product_tag":[],"class_list":{"0":"post-3071","1":"product","2":"type-product","3":"status-publish","4":"has-post-thumbnail","6":"product_cat-zawory-do-towaru","7":"product_cat-zawory-kulowe-do-towaru","9":"first","10":"instock","11":"shipping-taxable","12":"purchasable","13":"product-type-simple"},"yoast_head":"<!-- This site is optimized with the Yoast SEO plugin v26.9 - https:\/\/yoast.com\/product\/yoast-seo-wordpress\/ -->\n<title>Podmuch do zaworu kulowego DN100 - Hydrotruck<\/title>\n<meta name=\"description\" content=\"Podmuch do zaworu kulowego DN100. Wytrzyma\u0142y, niezawodny i efektywny, zapewnia skuteczne oczyszczanie ruroci\u0105g\u00f3w w r\u00f3\u017cnych zastosowaniach przemys\u0142owych.\" \/>\n<meta name=\"robots\" content=\"index, follow, max-snippet:-1, max-image-preview:large, max-video-preview:-1\" \/>\n<link rel=\"canonical\" href=\"https:\/\/www.hydrotruck.eu\/sklep\/produkt\/podmuch-do-zaworu-kulowego-dn100\/\" \/>\n<meta property=\"og:locale\" content=\"pl_PL\" \/>\n<meta property=\"og:type\" content=\"article\" \/>\n<meta property=\"og:title\" content=\"Podmuch do zaworu kulowego DN100 - Hydrotruck\" \/>\n<meta property=\"og:description\" content=\"Podmuch do zaworu kulowego DN100. Wytrzyma\u0142y, niezawodny i efektywny, zapewnia skuteczne oczyszczanie ruroci\u0105g\u00f3w w r\u00f3\u017cnych zastosowaniach przemys\u0142owych.\" \/>\n<meta property=\"og:url\" content=\"https:\/\/www.hydrotruck.eu\/sklep\/produkt\/podmuch-do-zaworu-kulowego-dn100\/\" \/>\n<meta property=\"og:site_name\" content=\"Hydrotruck\" \/>\n<meta property=\"article:modified_time\" content=\"2024-05-14T10:50:10+00:00\" \/>\n<meta property=\"og:image\" content=\"https:\/\/www.hydrotruck.eu\/sklep\/wp-content\/uploads\/2023\/08\/zawor_do_toaru_podmuch_do_zaworu_kulowego-na-Flansze.jpg\" \/>\n\t<meta property=\"og:image:width\" content=\"1600\" \/>\n\t<meta property=\"og:image:height\" content=\"1067\" \/>\n\t<meta property=\"og:image:type\" content=\"image\/jpeg\" \/>\n<meta name=\"twitter:card\" content=\"summary_large_image\" \/>\n<meta name=\"twitter:label1\" content=\"Szacowany czas czytania\" \/>\n\t<meta name=\"twitter:data1\" content=\"1 minuta\" \/>\n<script type=\"application\/ld+json\" class=\"yoast-schema-graph\">{\"@context\":\"https:\/\/schema.org\",\"@graph\":[{\"@type\":\"WebPage\",\"@id\":\"https:\/\/www.hydrotruck.eu\/sklep\/produkt\/podmuch-do-zaworu-kulowego-dn100\/\",\"url\":\"https:\/\/www.hydrotruck.eu\/sklep\/produkt\/podmuch-do-zaworu-kulowego-dn100\/\",\"name\":\"Podmuch do zaworu kulowego DN100 - Hydrotruck\",\"isPartOf\":{\"@id\":\"https:\/\/www.hydrotruck.eu\/sklep\/#website\"},\"primaryImageOfPage\":{\"@id\":\"https:\/\/www.hydrotruck.eu\/sklep\/produkt\/podmuch-do-zaworu-kulowego-dn100\/#primaryimage\"},\"image\":{\"@id\":\"https:\/\/www.hydrotruck.eu\/sklep\/produkt\/podmuch-do-zaworu-kulowego-dn100\/#primaryimage\"},\"thumbnailUrl\":\"https:\/\/www.hydrotruck.eu\/sklep\/wp-content\/uploads\/2023\/08\/zawor_do_toaru_podmuch_do_zaworu_kulowego-na-Flansze.jpg\",\"datePublished\":\"2023-08-23T08:32:39+00:00\",\"dateModified\":\"2024-05-14T10:50:10+00:00\",\"description\":\"Podmuch do zaworu kulowego DN100. Wytrzyma\u0142y, niezawodny i efektywny, zapewnia skuteczne oczyszczanie ruroci\u0105g\u00f3w w r\u00f3\u017cnych zastosowaniach przemys\u0142owych.\",\"breadcrumb\":{\"@id\":\"https:\/\/www.hydrotruck.eu\/sklep\/produkt\/podmuch-do-zaworu-kulowego-dn100\/#breadcrumb\"},\"inLanguage\":\"pl-PL\",\"potentialAction\":[{\"@type\":\"ReadAction\",\"target\":[\"https:\/\/www.hydrotruck.eu\/sklep\/produkt\/podmuch-do-zaworu-kulowego-dn100\/\"]}]},{\"@type\":\"ImageObject\",\"inLanguage\":\"pl-PL\",\"@id\":\"https:\/\/www.hydrotruck.eu\/sklep\/produkt\/podmuch-do-zaworu-kulowego-dn100\/#primaryimage\",\"url\":\"https:\/\/www.hydrotruck.eu\/sklep\/wp-content\/uploads\/2023\/08\/zawor_do_toaru_podmuch_do_zaworu_kulowego-na-Flansze.jpg\",\"contentUrl\":\"https:\/\/www.hydrotruck.eu\/sklep\/wp-content\/uploads\/2023\/08\/zawor_do_toaru_podmuch_do_zaworu_kulowego-na-Flansze.jpg\",\"width\":1600,\"height\":1067,\"caption\":\"Podmuch do zaworu kulowego (DN80)\"},{\"@type\":\"BreadcrumbList\",\"@id\":\"https:\/\/www.hydrotruck.eu\/sklep\/produkt\/podmuch-do-zaworu-kulowego-dn100\/#breadcrumb\",\"itemListElement\":[{\"@type\":\"ListItem\",\"position\":1,\"name\":\"Strona g\u0142\u00f3wna\",\"item\":\"https:\/\/www.hydrotruck.eu\/sklep\/\"},{\"@type\":\"ListItem\",\"position\":2,\"name\":\"Sklep\",\"item\":\"https:\/\/www.hydrotruck.eu\/sklep\/sklep\/\"},{\"@type\":\"ListItem\",\"position\":3,\"name\":\"Podmuch do zaworu kulowego DN100\"}]},{\"@type\":\"WebSite\",\"@id\":\"https:\/\/www.hydrotruck.eu\/sklep\/#website\",\"url\":\"https:\/\/www.hydrotruck.eu\/sklep\/\",\"name\":\"R\u0119czniki bawe\u0142niane, kapielowe do domu i do hoteli spa\",\"description\":\"Hydrotruck\",\"publisher\":{\"@id\":\"https:\/\/www.hydrotruck.eu\/sklep\/#organization\"},\"potentialAction\":[{\"@type\":\"SearchAction\",\"target\":{\"@type\":\"EntryPoint\",\"urlTemplate\":\"https:\/\/www.hydrotruck.eu\/sklep\/?s={search_term_string}\"},\"query-input\":{\"@type\":\"PropertyValueSpecification\",\"valueRequired\":true,\"valueName\":\"search_term_string\"}}],\"inLanguage\":\"pl-PL\"},{\"@type\":\"Organization\",\"@id\":\"https:\/\/www.hydrotruck.eu\/sklep\/#organization\",\"name\":\"R\u0119czniki bawe\u0142niane, kapielowe do domu i do hoteli spa\",\"url\":\"https:\/\/www.hydrotruck.eu\/sklep\/\",\"logo\":{\"@type\":\"ImageObject\",\"inLanguage\":\"pl-PL\",\"@id\":\"https:\/\/www.hydrotruck.eu\/sklep\/#\/schema\/logo\/image\/\",\"url\":\"https:\/\/www.hydrotruck.eu\/sklep\/wp-content\/uploads\/2023\/08\/logo_200.png\",\"contentUrl\":\"https:\/\/www.hydrotruck.eu\/sklep\/wp-content\/uploads\/2023\/08\/logo_200.png\",\"width\":200,\"height\":84,\"caption\":\"R\u0119czniki bawe\u0142niane, kapielowe do domu i do hoteli spa\"},\"image\":{\"@id\":\"https:\/\/www.hydrotruck.eu\/sklep\/#\/schema\/logo\/image\/\"}}]}<\/script>\n<!-- \/ Yoast SEO plugin. -->","yoast_head_json":{"title":"Podmuch do zaworu kulowego DN100 - Hydrotruck","description":"Podmuch do zaworu kulowego DN100. Wytrzyma\u0142y, niezawodny i efektywny, zapewnia skuteczne oczyszczanie ruroci\u0105g\u00f3w w r\u00f3\u017cnych zastosowaniach przemys\u0142owych.","robots":{"index":"index","follow":"follow","max-snippet":"max-snippet:-1","max-image-preview":"max-image-preview:large","max-video-preview":"max-video-preview:-1"},"canonical":"https:\/\/www.hydrotruck.eu\/sklep\/produkt\/podmuch-do-zaworu-kulowego-dn100\/","og_locale":"pl_PL","og_type":"article","og_title":"Podmuch do zaworu kulowego DN100 - Hydrotruck","og_description":"Podmuch do zaworu kulowego DN100. Wytrzyma\u0142y, niezawodny i efektywny, zapewnia skuteczne oczyszczanie ruroci\u0105g\u00f3w w r\u00f3\u017cnych zastosowaniach przemys\u0142owych.","og_url":"https:\/\/www.hydrotruck.eu\/sklep\/produkt\/podmuch-do-zaworu-kulowego-dn100\/","og_site_name":"Hydrotruck","article_modified_time":"2024-05-14T10:50:10+00:00","og_image":[{"width":1600,"height":1067,"url":"https:\/\/www.hydrotruck.eu\/sklep\/wp-content\/uploads\/2023\/08\/zawor_do_toaru_podmuch_do_zaworu_kulowego-na-Flansze.jpg","type":"image\/jpeg"}],"twitter_card":"summary_large_image","twitter_misc":{"Szacowany czas czytania":"1 minuta"},"schema":{"@context":"https:\/\/schema.org","@graph":[{"@type":"WebPage","@id":"https:\/\/www.hydrotruck.eu\/sklep\/produkt\/podmuch-do-zaworu-kulowego-dn100\/","url":"https:\/\/www.hydrotruck.eu\/sklep\/produkt\/podmuch-do-zaworu-kulowego-dn100\/","name":"Podmuch do zaworu kulowego DN100 - Hydrotruck","isPartOf":{"@id":"https:\/\/www.hydrotruck.eu\/sklep\/#website"},"primaryImageOfPage":{"@id":"https:\/\/www.hydrotruck.eu\/sklep\/produkt\/podmuch-do-zaworu-kulowego-dn100\/#primaryimage"},"image":{"@id":"https:\/\/www.hydrotruck.eu\/sklep\/produkt\/podmuch-do-zaworu-kulowego-dn100\/#primaryimage"},"thumbnailUrl":"https:\/\/www.hydrotruck.eu\/sklep\/wp-content\/uploads\/2023\/08\/zawor_do_toaru_podmuch_do_zaworu_kulowego-na-Flansze.jpg","datePublished":"2023-08-23T08:32:39+00:00","dateModified":"2024-05-14T10:50:10+00:00","description":"Podmuch do zaworu kulowego DN100. Wytrzyma\u0142y, niezawodny i efektywny, zapewnia skuteczne oczyszczanie ruroci\u0105g\u00f3w w r\u00f3\u017cnych zastosowaniach przemys\u0142owych.","breadcrumb":{"@id":"https:\/\/www.hydrotruck.eu\/sklep\/produkt\/podmuch-do-zaworu-kulowego-dn100\/#breadcrumb"},"inLanguage":"pl-PL","potentialAction":[{"@type":"ReadAction","target":["https:\/\/www.hydrotruck.eu\/sklep\/produkt\/podmuch-do-zaworu-kulowego-dn100\/"]}]},{"@type":"ImageObject","inLanguage":"pl-PL","@id":"https:\/\/www.hydrotruck.eu\/sklep\/produkt\/podmuch-do-zaworu-kulowego-dn100\/#primaryimage","url":"https:\/\/www.hydrotruck.eu\/sklep\/wp-content\/uploads\/2023\/08\/zawor_do_toaru_podmuch_do_zaworu_kulowego-na-Flansze.jpg","contentUrl":"https:\/\/www.hydrotruck.eu\/sklep\/wp-content\/uploads\/2023\/08\/zawor_do_toaru_podmuch_do_zaworu_kulowego-na-Flansze.jpg","width":1600,"height":1067,"caption":"Podmuch do zaworu kulowego (DN80)"},{"@type":"BreadcrumbList","@id":"https:\/\/www.hydrotruck.eu\/sklep\/produkt\/podmuch-do-zaworu-kulowego-dn100\/#breadcrumb","itemListElement":[{"@type":"ListItem","position":1,"name":"Strona g\u0142\u00f3wna","item":"https:\/\/www.hydrotruck.eu\/sklep\/"},{"@type":"ListItem","position":2,"name":"Sklep","item":"https:\/\/www.hydrotruck.eu\/sklep\/sklep\/"},{"@type":"ListItem","position":3,"name":"Podmuch do zaworu kulowego DN100"}]},{"@type":"WebSite","@id":"https:\/\/www.hydrotruck.eu\/sklep\/#website","url":"https:\/\/www.hydrotruck.eu\/sklep\/","name":"R\u0119czniki bawe\u0142niane, kapielowe do domu i do hoteli spa","description":"Hydrotruck","publisher":{"@id":"https:\/\/www.hydrotruck.eu\/sklep\/#organization"},"potentialAction":[{"@type":"SearchAction","target":{"@type":"EntryPoint","urlTemplate":"https:\/\/www.hydrotruck.eu\/sklep\/?s={search_term_string}"},"query-input":{"@type":"PropertyValueSpecification","valueRequired":true,"valueName":"search_term_string"}}],"inLanguage":"pl-PL"},{"@type":"Organization","@id":"https:\/\/www.hydrotruck.eu\/sklep\/#organization","name":"R\u0119czniki bawe\u0142niane, kapielowe do domu i do hoteli spa","url":"https:\/\/www.hydrotruck.eu\/sklep\/","logo":{"@type":"ImageObject","inLanguage":"pl-PL","@id":"https:\/\/www.hydrotruck.eu\/sklep\/#\/schema\/logo\/image\/","url":"https:\/\/www.hydrotruck.eu\/sklep\/wp-content\/uploads\/2023\/08\/logo_200.png","contentUrl":"https:\/\/www.hydrotruck.eu\/sklep\/wp-content\/uploads\/2023\/08\/logo_200.png","width":200,"height":84,"caption":"R\u0119czniki bawe\u0142niane, kapielowe do domu i do hoteli spa"},"image":{"@id":"https:\/\/www.hydrotruck.eu\/sklep\/#\/schema\/logo\/image\/"}}]}},"acf":[],"_links":{"self":[{"href":"https:\/\/www.hydrotruck.eu\/sklep\/wp-json\/wp\/v2\/product\/3071","targetHints":{"allow":["GET"]}}],"collection":[{"href":"https:\/\/www.hydrotruck.eu\/sklep\/wp-json\/wp\/v2\/product"}],"about":[{"href":"https:\/\/www.hydrotruck.eu\/sklep\/wp-json\/wp\/v2\/types\/product"}],"wp:featuredmedia":[{"embeddable":true,"href":"https:\/\/www.hydrotruck.eu\/sklep\/wp-json\/wp\/v2\/media\/3070"}],"wp:attachment":[{"href":"https:\/\/www.hydrotruck.eu\/sklep\/wp-json\/wp\/v2\/media?parent=3071"}],"wp:term":[{"taxonomy":"product_cat","embeddable":true,"href":"https:\/\/www.hydrotruck.eu\/sklep\/wp-json\/wp\/v2\/product_cat?post=3071"},{"taxonomy":"product_tag","embeddable":true,"href":"https:\/\/www.hydrotruck.eu\/sklep\/wp-json\/wp\/v2\/product_tag?post=3071"}],"curies":[{"name":"wp","href":"https:\/\/api.w.org\/{rel}","templated":true}]}}