{"id":2979,"date":"2023-08-16T12:19:51","date_gmt":"2023-08-16T11:19:51","guid":{"rendered":"https:\/\/www.hydrotruck.eu\/sklep\/?post_type=product&#038;p=2979"},"modified":"2024-05-14T07:34:46","modified_gmt":"2024-05-14T06:34:46","slug":"zapach-hydro-truck","status":"publish","type":"product","link":"https:\/\/www.hydrotruck.eu\/sklep\/produkt\/zapach-hydro-truck\/","title":{"rendered":"Zapach Hydro Truck"},"content":{"rendered":"<h2>Zapach do kabiny Hydro Truck<\/h2>\n<p>Zapach do kabiny tira czy\u00a0 samochodu <strong>Hydro Truck<\/strong> &#8211; 200 ml czystej magii zapachowej.\u00a0 Zapach starcza na 3 miesi\u0105ce stosowania. Ten flakonik pe\u0142en jest wyj\u0105tkowych aromat\u00f3w, kt\u00f3re przemieniaj\u0105 wn\u0119trze kabiny w krain\u0119 nieodkrytych dozna\u0144. Wystarczy jedno psikni\u0119cie, by zapach wype\u0142ni\u0142 powietrze, tworz\u0105c atmosfer\u0119 podr\u00f3\u017cy pe\u0142nej przygody i wolno\u015bci. Zamknij oczy, odetchnij g\u0142\u0119boko i pozw\u00f3l zapachowi poprowadzi\u0107 Ci\u0119 w niezapomniane podr\u00f3\u017ce.<\/p>\n<p><a href=\"https:\/\/www.hydrotruck.eu\/sklep\/kategoria\/akcesoria\/\">Sprawd\u017a wi\u0119cej naszych akcesori\u00f3w.<\/a><\/p>\n","protected":false},"excerpt":{"rendered":"<p>Zapach do kabiny tira czy\u00a0 samochodu Hydro Truck &#8211; 200 ml czystej magii zapachowej.<\/p>\n<p>Zapach starcza a\u017c na 3 miesi\u0105ce stosowania.<\/p>\n","protected":false},"featured_media":2980,"template":"","meta":{"inline_featured_image":false},"product_cat":[99],"product_tag":[],"class_list":{"0":"post-2979","1":"product","2":"type-product","3":"status-publish","4":"has-post-thumbnail","6":"product_cat-akcesoria","8":"first","9":"instock","10":"shipping-taxable","11":"purchasable","12":"product-type-simple"},"yoast_head":"<!-- This site is optimized with the Yoast SEO plugin v26.9 - https:\/\/yoast.com\/product\/yoast-seo-wordpress\/ -->\n<title>Zapach Hydro Truck - Hydrotruck<\/title>\n<meta name=\"description\" content=\"Zapach Hydro Truck pe\u0142en aromat\u00f3w, kt\u00f3re przemieniaj\u0105 wn\u0119trze pojazdu w krain\u0119 nieodkrytych dozna\u0144. Tworzy atmosfer\u0119 podr\u00f3\u017cy pe\u0142nej przygody i wolno\u015bci.\" \/>\n<meta name=\"robots\" content=\"index, follow, max-snippet:-1, max-image-preview:large, max-video-preview:-1\" \/>\n<link rel=\"canonical\" href=\"https:\/\/www.hydrotruck.eu\/sklep\/produkt\/zapach-hydro-truck\/\" \/>\n<meta property=\"og:locale\" content=\"pl_PL\" \/>\n<meta property=\"og:type\" content=\"article\" \/>\n<meta property=\"og:title\" content=\"Zapach Hydro Truck - Hydrotruck\" \/>\n<meta property=\"og:description\" content=\"Zapach Hydro Truck pe\u0142en aromat\u00f3w, kt\u00f3re przemieniaj\u0105 wn\u0119trze pojazdu w krain\u0119 nieodkrytych dozna\u0144. Tworzy atmosfer\u0119 podr\u00f3\u017cy pe\u0142nej przygody i wolno\u015bci.\" \/>\n<meta property=\"og:url\" content=\"https:\/\/www.hydrotruck.eu\/sklep\/produkt\/zapach-hydro-truck\/\" \/>\n<meta property=\"og:site_name\" content=\"Hydrotruck\" \/>\n<meta property=\"article:modified_time\" content=\"2024-05-14T06:34:46+00:00\" \/>\n<meta property=\"og:image\" content=\"https:\/\/www.hydrotruck.eu\/sklep\/wp-content\/uploads\/2023\/08\/Projekt-bez-nazwy-15-3.jpg\" \/>\n\t<meta property=\"og:image:width\" content=\"1080\" \/>\n\t<meta property=\"og:image:height\" content=\"1080\" \/>\n\t<meta property=\"og:image:type\" content=\"image\/jpeg\" \/>\n<meta name=\"twitter:card\" content=\"summary_large_image\" \/>\n<meta name=\"twitter:label1\" content=\"Szacowany czas czytania\" \/>\n\t<meta name=\"twitter:data1\" content=\"1 minuta\" \/>\n<script type=\"application\/ld+json\" class=\"yoast-schema-graph\">{\"@context\":\"https:\/\/schema.org\",\"@graph\":[{\"@type\":\"WebPage\",\"@id\":\"https:\/\/www.hydrotruck.eu\/sklep\/produkt\/zapach-hydro-truck\/\",\"url\":\"https:\/\/www.hydrotruck.eu\/sklep\/produkt\/zapach-hydro-truck\/\",\"name\":\"Zapach Hydro Truck - Hydrotruck\",\"isPartOf\":{\"@id\":\"https:\/\/www.hydrotruck.eu\/sklep\/#website\"},\"primaryImageOfPage\":{\"@id\":\"https:\/\/www.hydrotruck.eu\/sklep\/produkt\/zapach-hydro-truck\/#primaryimage\"},\"image\":{\"@id\":\"https:\/\/www.hydrotruck.eu\/sklep\/produkt\/zapach-hydro-truck\/#primaryimage\"},\"thumbnailUrl\":\"https:\/\/www.hydrotruck.eu\/sklep\/wp-content\/uploads\/2023\/08\/Projekt-bez-nazwy-15-3.jpg\",\"datePublished\":\"2023-08-16T11:19:51+00:00\",\"dateModified\":\"2024-05-14T06:34:46+00:00\",\"description\":\"Zapach Hydro Truck pe\u0142en aromat\u00f3w, kt\u00f3re przemieniaj\u0105 wn\u0119trze pojazdu w krain\u0119 nieodkrytych dozna\u0144. Tworzy atmosfer\u0119 podr\u00f3\u017cy pe\u0142nej przygody i wolno\u015bci.\",\"breadcrumb\":{\"@id\":\"https:\/\/www.hydrotruck.eu\/sklep\/produkt\/zapach-hydro-truck\/#breadcrumb\"},\"inLanguage\":\"pl-PL\",\"potentialAction\":[{\"@type\":\"ReadAction\",\"target\":[\"https:\/\/www.hydrotruck.eu\/sklep\/produkt\/zapach-hydro-truck\/\"]}]},{\"@type\":\"ImageObject\",\"inLanguage\":\"pl-PL\",\"@id\":\"https:\/\/www.hydrotruck.eu\/sklep\/produkt\/zapach-hydro-truck\/#primaryimage\",\"url\":\"https:\/\/www.hydrotruck.eu\/sklep\/wp-content\/uploads\/2023\/08\/Projekt-bez-nazwy-15-3.jpg\",\"contentUrl\":\"https:\/\/www.hydrotruck.eu\/sklep\/wp-content\/uploads\/2023\/08\/Projekt-bez-nazwy-15-3.jpg\",\"width\":1080,\"height\":1080,\"caption\":\"Zapach Hydro Truck - butelka\"},{\"@type\":\"BreadcrumbList\",\"@id\":\"https:\/\/www.hydrotruck.eu\/sklep\/produkt\/zapach-hydro-truck\/#breadcrumb\",\"itemListElement\":[{\"@type\":\"ListItem\",\"position\":1,\"name\":\"Strona g\u0142\u00f3wna\",\"item\":\"https:\/\/www.hydrotruck.eu\/sklep\/\"},{\"@type\":\"ListItem\",\"position\":2,\"name\":\"Sklep\",\"item\":\"https:\/\/www.hydrotruck.eu\/sklep\/sklep\/\"},{\"@type\":\"ListItem\",\"position\":3,\"name\":\"Zapach Hydro Truck\"}]},{\"@type\":\"WebSite\",\"@id\":\"https:\/\/www.hydrotruck.eu\/sklep\/#website\",\"url\":\"https:\/\/www.hydrotruck.eu\/sklep\/\",\"name\":\"R\u0119czniki bawe\u0142niane, kapielowe do domu i do hoteli spa\",\"description\":\"Hydrotruck\",\"publisher\":{\"@id\":\"https:\/\/www.hydrotruck.eu\/sklep\/#organization\"},\"potentialAction\":[{\"@type\":\"SearchAction\",\"target\":{\"@type\":\"EntryPoint\",\"urlTemplate\":\"https:\/\/www.hydrotruck.eu\/sklep\/?s={search_term_string}\"},\"query-input\":{\"@type\":\"PropertyValueSpecification\",\"valueRequired\":true,\"valueName\":\"search_term_string\"}}],\"inLanguage\":\"pl-PL\"},{\"@type\":\"Organization\",\"@id\":\"https:\/\/www.hydrotruck.eu\/sklep\/#organization\",\"name\":\"R\u0119czniki bawe\u0142niane, kapielowe do domu i do hoteli spa\",\"url\":\"https:\/\/www.hydrotruck.eu\/sklep\/\",\"logo\":{\"@type\":\"ImageObject\",\"inLanguage\":\"pl-PL\",\"@id\":\"https:\/\/www.hydrotruck.eu\/sklep\/#\/schema\/logo\/image\/\",\"url\":\"https:\/\/www.hydrotruck.eu\/sklep\/wp-content\/uploads\/2023\/08\/logo_200.png\",\"contentUrl\":\"https:\/\/www.hydrotruck.eu\/sklep\/wp-content\/uploads\/2023\/08\/logo_200.png\",\"width\":200,\"height\":84,\"caption\":\"R\u0119czniki bawe\u0142niane, kapielowe do domu i do hoteli spa\"},\"image\":{\"@id\":\"https:\/\/www.hydrotruck.eu\/sklep\/#\/schema\/logo\/image\/\"}}]}<\/script>\n<!-- \/ Yoast SEO plugin. -->","yoast_head_json":{"title":"Zapach Hydro Truck - Hydrotruck","description":"Zapach Hydro Truck pe\u0142en aromat\u00f3w, kt\u00f3re przemieniaj\u0105 wn\u0119trze pojazdu w krain\u0119 nieodkrytych dozna\u0144. Tworzy atmosfer\u0119 podr\u00f3\u017cy pe\u0142nej przygody i wolno\u015bci.","robots":{"index":"index","follow":"follow","max-snippet":"max-snippet:-1","max-image-preview":"max-image-preview:large","max-video-preview":"max-video-preview:-1"},"canonical":"https:\/\/www.hydrotruck.eu\/sklep\/produkt\/zapach-hydro-truck\/","og_locale":"pl_PL","og_type":"article","og_title":"Zapach Hydro Truck - Hydrotruck","og_description":"Zapach Hydro Truck pe\u0142en aromat\u00f3w, kt\u00f3re przemieniaj\u0105 wn\u0119trze pojazdu w krain\u0119 nieodkrytych dozna\u0144. Tworzy atmosfer\u0119 podr\u00f3\u017cy pe\u0142nej przygody i wolno\u015bci.","og_url":"https:\/\/www.hydrotruck.eu\/sklep\/produkt\/zapach-hydro-truck\/","og_site_name":"Hydrotruck","article_modified_time":"2024-05-14T06:34:46+00:00","og_image":[{"width":1080,"height":1080,"url":"https:\/\/www.hydrotruck.eu\/sklep\/wp-content\/uploads\/2023\/08\/Projekt-bez-nazwy-15-3.jpg","type":"image\/jpeg"}],"twitter_card":"summary_large_image","twitter_misc":{"Szacowany czas czytania":"1 minuta"},"schema":{"@context":"https:\/\/schema.org","@graph":[{"@type":"WebPage","@id":"https:\/\/www.hydrotruck.eu\/sklep\/produkt\/zapach-hydro-truck\/","url":"https:\/\/www.hydrotruck.eu\/sklep\/produkt\/zapach-hydro-truck\/","name":"Zapach Hydro Truck - Hydrotruck","isPartOf":{"@id":"https:\/\/www.hydrotruck.eu\/sklep\/#website"},"primaryImageOfPage":{"@id":"https:\/\/www.hydrotruck.eu\/sklep\/produkt\/zapach-hydro-truck\/#primaryimage"},"image":{"@id":"https:\/\/www.hydrotruck.eu\/sklep\/produkt\/zapach-hydro-truck\/#primaryimage"},"thumbnailUrl":"https:\/\/www.hydrotruck.eu\/sklep\/wp-content\/uploads\/2023\/08\/Projekt-bez-nazwy-15-3.jpg","datePublished":"2023-08-16T11:19:51+00:00","dateModified":"2024-05-14T06:34:46+00:00","description":"Zapach Hydro Truck pe\u0142en aromat\u00f3w, kt\u00f3re przemieniaj\u0105 wn\u0119trze pojazdu w krain\u0119 nieodkrytych dozna\u0144. Tworzy atmosfer\u0119 podr\u00f3\u017cy pe\u0142nej przygody i wolno\u015bci.","breadcrumb":{"@id":"https:\/\/www.hydrotruck.eu\/sklep\/produkt\/zapach-hydro-truck\/#breadcrumb"},"inLanguage":"pl-PL","potentialAction":[{"@type":"ReadAction","target":["https:\/\/www.hydrotruck.eu\/sklep\/produkt\/zapach-hydro-truck\/"]}]},{"@type":"ImageObject","inLanguage":"pl-PL","@id":"https:\/\/www.hydrotruck.eu\/sklep\/produkt\/zapach-hydro-truck\/#primaryimage","url":"https:\/\/www.hydrotruck.eu\/sklep\/wp-content\/uploads\/2023\/08\/Projekt-bez-nazwy-15-3.jpg","contentUrl":"https:\/\/www.hydrotruck.eu\/sklep\/wp-content\/uploads\/2023\/08\/Projekt-bez-nazwy-15-3.jpg","width":1080,"height":1080,"caption":"Zapach Hydro Truck - butelka"},{"@type":"BreadcrumbList","@id":"https:\/\/www.hydrotruck.eu\/sklep\/produkt\/zapach-hydro-truck\/#breadcrumb","itemListElement":[{"@type":"ListItem","position":1,"name":"Strona g\u0142\u00f3wna","item":"https:\/\/www.hydrotruck.eu\/sklep\/"},{"@type":"ListItem","position":2,"name":"Sklep","item":"https:\/\/www.hydrotruck.eu\/sklep\/sklep\/"},{"@type":"ListItem","position":3,"name":"Zapach Hydro Truck"}]},{"@type":"WebSite","@id":"https:\/\/www.hydrotruck.eu\/sklep\/#website","url":"https:\/\/www.hydrotruck.eu\/sklep\/","name":"R\u0119czniki bawe\u0142niane, kapielowe do domu i do hoteli spa","description":"Hydrotruck","publisher":{"@id":"https:\/\/www.hydrotruck.eu\/sklep\/#organization"},"potentialAction":[{"@type":"SearchAction","target":{"@type":"EntryPoint","urlTemplate":"https:\/\/www.hydrotruck.eu\/sklep\/?s={search_term_string}"},"query-input":{"@type":"PropertyValueSpecification","valueRequired":true,"valueName":"search_term_string"}}],"inLanguage":"pl-PL"},{"@type":"Organization","@id":"https:\/\/www.hydrotruck.eu\/sklep\/#organization","name":"R\u0119czniki bawe\u0142niane, kapielowe do domu i do hoteli spa","url":"https:\/\/www.hydrotruck.eu\/sklep\/","logo":{"@type":"ImageObject","inLanguage":"pl-PL","@id":"https:\/\/www.hydrotruck.eu\/sklep\/#\/schema\/logo\/image\/","url":"https:\/\/www.hydrotruck.eu\/sklep\/wp-content\/uploads\/2023\/08\/logo_200.png","contentUrl":"https:\/\/www.hydrotruck.eu\/sklep\/wp-content\/uploads\/2023\/08\/logo_200.png","width":200,"height":84,"caption":"R\u0119czniki bawe\u0142niane, kapielowe do domu i do hoteli spa"},"image":{"@id":"https:\/\/www.hydrotruck.eu\/sklep\/#\/schema\/logo\/image\/"}}]}},"acf":[],"_links":{"self":[{"href":"https:\/\/www.hydrotruck.eu\/sklep\/wp-json\/wp\/v2\/product\/2979","targetHints":{"allow":["GET"]}}],"collection":[{"href":"https:\/\/www.hydrotruck.eu\/sklep\/wp-json\/wp\/v2\/product"}],"about":[{"href":"https:\/\/www.hydrotruck.eu\/sklep\/wp-json\/wp\/v2\/types\/product"}],"wp:featuredmedia":[{"embeddable":true,"href":"https:\/\/www.hydrotruck.eu\/sklep\/wp-json\/wp\/v2\/media\/2980"}],"wp:attachment":[{"href":"https:\/\/www.hydrotruck.eu\/sklep\/wp-json\/wp\/v2\/media?parent=2979"}],"wp:term":[{"taxonomy":"product_cat","embeddable":true,"href":"https:\/\/www.hydrotruck.eu\/sklep\/wp-json\/wp\/v2\/product_cat?post=2979"},{"taxonomy":"product_tag","embeddable":true,"href":"https:\/\/www.hydrotruck.eu\/sklep\/wp-json\/wp\/v2\/product_tag?post=2979"}],"curies":[{"name":"wp","href":"https:\/\/api.w.org\/{rel}","templated":true}]}}