{"id":2941,"date":"2023-08-16T09:30:23","date_gmt":"2023-08-16T08:30:23","guid":{"rendered":"https:\/\/www.hydrotruck.eu\/sklep\/?post_type=product&#038;p=2941"},"modified":"2024-05-14T12:38:38","modified_gmt":"2024-05-14T11:38:38","slug":"redukcja-zlacza-storz-b-c-75","status":"publish","type":"product","link":"https:\/\/www.hydrotruck.eu\/sklep\/produkt\/redukcja-zlacza-storz-b-c-75\/","title":{"rendered":"Redukcja z\u0142\u0105cza STORZ B-C(75)"},"content":{"rendered":"<p><strong>\u00a0Redukcja z\u0142\u0105cza STORZ B-C(75) , Odleg\u0142o\u015b\u0107 w k\u0142ach 66-89 mm, Materia\u0142: Aluminium<\/strong><br \/>\nRedukcja z\u0142\u0105cza STORZ to specjalny element u\u017cywany do \u0142\u0105czenia z\u0142\u0105czy o r\u00f3\u017cnych rozmiarach w systemach, gdzie stosowane s\u0105 z\u0142\u0105cza STORZ. Z\u0142\u0105cza STORZ s\u0105 popularne w bran\u017cy przemys\u0142owej, stra\u017cy po\u017carnej i innych dziedzinach, gdzie niezawodne i bezpieczne po\u0142\u0105czenia s\u0105 kluczowe.<\/p>\n<p>Redukcja z\u0142\u0105cza STORZ B-C(75) jest wykonana z wysokiej jako\u015bci materia\u0142\u00f3w, kt\u00f3re zapewniaj\u0105 trwa\u0142o\u015b\u0107, odporno\u015b\u0107 na korozj\u0119 i d\u0142ugotrwa\u0142e u\u017cytkowanie. Jej g\u0142\u00f3wnym zadaniem jest umo\u017cliwienie po\u0142\u0105czenia z\u0142\u0105czy o r\u00f3\u017cnych rozmiarach, gdzie wi\u0119ksze z\u0142\u0105cze STORZ mo\u017ce by\u0107 zmniejszone do mniejszego rozmiaru.<\/p>\n<p>Dzi\u0119ki tej redukcji mo\u017cliwe jest elastyczne dostosowanie i po\u0142\u0105czenie r\u00f3\u017cnych typ\u00f3w w\u0119\u017cy, rur lub urz\u0105dze\u0144. Zapewnia ona pewne i szczelne po\u0142\u0105czenie, eliminuj\u0105c ryzyko przypadkowego roz\u0142\u0105czenia podczas intensywnego u\u017cytkowania lub pod wp\u0142ywem wibracji.<\/p>\n<p><a href=\"https:\/\/www.hydrotruck.eu\/sklep\/kategoria\/czesci-do-silonaczep\/zlacza-do-wezy\/storz\/\">Sprawd\u017a wi\u0119cej naszych z\u0142\u0105czy do w\u0119\u017cy Storz.<\/a><\/p>\n","protected":false},"excerpt":{"rendered":"<p>Rozmiar STORZ B-C(75) , Odleg\u0142o\u015b\u0107 w k\u0142ach 66-89 mm, Materia\u0142: Aluminium<br \/>\nRedukcja z\u0142\u0105cza STORZ to specjalny element u\u017cywany do \u0142\u0105czenia z\u0142\u0105czy o r\u00f3\u017cnych rozmiarach w systemach, gdzie stosowane s\u0105 z\u0142\u0105cza STORZ. Z\u0142\u0105cza STORZ s\u0105 popularne w bran\u017cy przemys\u0142owej, stra\u017cy po\u017carnej i innych dziedzinach, gdzie niezawodne i bezpieczne po\u0142\u0105czenia s\u0105 kluczowe.<\/p>\n<p>&nbsp;<\/p>\n","protected":false},"featured_media":2942,"template":"","meta":{"inline_featured_image":false},"product_cat":[92,84],"product_tag":[],"class_list":{"0":"post-2941","1":"product","2":"type-product","3":"status-publish","4":"has-post-thumbnail","6":"product_cat-storz","7":"product_cat-zlacza-do-wezy","9":"first","10":"instock","11":"shipping-taxable","12":"purchasable","13":"product-type-simple"},"yoast_head":"<!-- This site is optimized with the Yoast SEO plugin v26.9 - https:\/\/yoast.com\/product\/yoast-seo-wordpress\/ -->\n<title>Redukcja z\u0142\u0105cza STORZ B-C(75) - Hydrotruck<\/title>\n<meta name=\"description\" content=\"Redukcja z\u0142\u0105cza STORZ B-C(75). Wytrzyma\u0142a, niezawodna i szczelna, idealna do bezpiecznego po\u0142\u0105czenia w systemach przemys\u0142owych i stra\u017cackich.\" \/>\n<meta name=\"robots\" content=\"index, follow, max-snippet:-1, max-image-preview:large, max-video-preview:-1\" \/>\n<link rel=\"canonical\" href=\"https:\/\/www.hydrotruck.eu\/sklep\/produkt\/redukcja-zlacza-storz-b-c-75\/\" \/>\n<meta property=\"og:locale\" content=\"pl_PL\" \/>\n<meta property=\"og:type\" content=\"article\" \/>\n<meta property=\"og:title\" content=\"Redukcja z\u0142\u0105cza STORZ B-C(75) - Hydrotruck\" \/>\n<meta property=\"og:description\" content=\"Redukcja z\u0142\u0105cza STORZ B-C(75). Wytrzyma\u0142a, niezawodna i szczelna, idealna do bezpiecznego po\u0142\u0105czenia w systemach przemys\u0142owych i stra\u017cackich.\" \/>\n<meta property=\"og:url\" content=\"https:\/\/www.hydrotruck.eu\/sklep\/produkt\/redukcja-zlacza-storz-b-c-75\/\" \/>\n<meta property=\"og:site_name\" content=\"Hydrotruck\" \/>\n<meta property=\"article:modified_time\" content=\"2024-05-14T11:38:38+00:00\" \/>\n<meta property=\"og:image\" content=\"https:\/\/www.hydrotruck.eu\/sklep\/wp-content\/uploads\/2023\/08\/Projekt-bez-nazwy-11-1.jpg\" \/>\n\t<meta property=\"og:image:width\" content=\"1080\" \/>\n\t<meta property=\"og:image:height\" content=\"1080\" \/>\n\t<meta property=\"og:image:type\" content=\"image\/jpeg\" \/>\n<meta name=\"twitter:card\" content=\"summary_large_image\" \/>\n<meta name=\"twitter:label1\" content=\"Szacowany czas czytania\" \/>\n\t<meta name=\"twitter:data1\" content=\"1 minuta\" \/>\n<script type=\"application\/ld+json\" class=\"yoast-schema-graph\">{\"@context\":\"https:\/\/schema.org\",\"@graph\":[{\"@type\":\"WebPage\",\"@id\":\"https:\/\/www.hydrotruck.eu\/sklep\/produkt\/redukcja-zlacza-storz-b-c-75\/\",\"url\":\"https:\/\/www.hydrotruck.eu\/sklep\/produkt\/redukcja-zlacza-storz-b-c-75\/\",\"name\":\"Redukcja z\u0142\u0105cza STORZ B-C(75) - Hydrotruck\",\"isPartOf\":{\"@id\":\"https:\/\/www.hydrotruck.eu\/sklep\/#website\"},\"primaryImageOfPage\":{\"@id\":\"https:\/\/www.hydrotruck.eu\/sklep\/produkt\/redukcja-zlacza-storz-b-c-75\/#primaryimage\"},\"image\":{\"@id\":\"https:\/\/www.hydrotruck.eu\/sklep\/produkt\/redukcja-zlacza-storz-b-c-75\/#primaryimage\"},\"thumbnailUrl\":\"https:\/\/www.hydrotruck.eu\/sklep\/wp-content\/uploads\/2023\/08\/Projekt-bez-nazwy-11-1.jpg\",\"datePublished\":\"2023-08-16T08:30:23+00:00\",\"dateModified\":\"2024-05-14T11:38:38+00:00\",\"description\":\"Redukcja z\u0142\u0105cza STORZ B-C(75). Wytrzyma\u0142a, niezawodna i szczelna, idealna do bezpiecznego po\u0142\u0105czenia w systemach przemys\u0142owych i stra\u017cackich.\",\"breadcrumb\":{\"@id\":\"https:\/\/www.hydrotruck.eu\/sklep\/produkt\/redukcja-zlacza-storz-b-c-75\/#breadcrumb\"},\"inLanguage\":\"pl-PL\",\"potentialAction\":[{\"@type\":\"ReadAction\",\"target\":[\"https:\/\/www.hydrotruck.eu\/sklep\/produkt\/redukcja-zlacza-storz-b-c-75\/\"]}]},{\"@type\":\"ImageObject\",\"inLanguage\":\"pl-PL\",\"@id\":\"https:\/\/www.hydrotruck.eu\/sklep\/produkt\/redukcja-zlacza-storz-b-c-75\/#primaryimage\",\"url\":\"https:\/\/www.hydrotruck.eu\/sklep\/wp-content\/uploads\/2023\/08\/Projekt-bez-nazwy-11-1.jpg\",\"contentUrl\":\"https:\/\/www.hydrotruck.eu\/sklep\/wp-content\/uploads\/2023\/08\/Projekt-bez-nazwy-11-1.jpg\",\"width\":1080,\"height\":1080,\"caption\":\"Redukcja z\u0142\u0105cza STORZ A-B(110)\"},{\"@type\":\"BreadcrumbList\",\"@id\":\"https:\/\/www.hydrotruck.eu\/sklep\/produkt\/redukcja-zlacza-storz-b-c-75\/#breadcrumb\",\"itemListElement\":[{\"@type\":\"ListItem\",\"position\":1,\"name\":\"Strona g\u0142\u00f3wna\",\"item\":\"https:\/\/www.hydrotruck.eu\/sklep\/\"},{\"@type\":\"ListItem\",\"position\":2,\"name\":\"Sklep\",\"item\":\"https:\/\/www.hydrotruck.eu\/sklep\/sklep\/\"},{\"@type\":\"ListItem\",\"position\":3,\"name\":\"Redukcja z\u0142\u0105cza STORZ B-C(75)\"}]},{\"@type\":\"WebSite\",\"@id\":\"https:\/\/www.hydrotruck.eu\/sklep\/#website\",\"url\":\"https:\/\/www.hydrotruck.eu\/sklep\/\",\"name\":\"R\u0119czniki bawe\u0142niane, kapielowe do domu i do hoteli spa\",\"description\":\"Hydrotruck\",\"publisher\":{\"@id\":\"https:\/\/www.hydrotruck.eu\/sklep\/#organization\"},\"potentialAction\":[{\"@type\":\"SearchAction\",\"target\":{\"@type\":\"EntryPoint\",\"urlTemplate\":\"https:\/\/www.hydrotruck.eu\/sklep\/?s={search_term_string}\"},\"query-input\":{\"@type\":\"PropertyValueSpecification\",\"valueRequired\":true,\"valueName\":\"search_term_string\"}}],\"inLanguage\":\"pl-PL\"},{\"@type\":\"Organization\",\"@id\":\"https:\/\/www.hydrotruck.eu\/sklep\/#organization\",\"name\":\"R\u0119czniki bawe\u0142niane, kapielowe do domu i do hoteli spa\",\"url\":\"https:\/\/www.hydrotruck.eu\/sklep\/\",\"logo\":{\"@type\":\"ImageObject\",\"inLanguage\":\"pl-PL\",\"@id\":\"https:\/\/www.hydrotruck.eu\/sklep\/#\/schema\/logo\/image\/\",\"url\":\"https:\/\/www.hydrotruck.eu\/sklep\/wp-content\/uploads\/2023\/08\/logo_200.png\",\"contentUrl\":\"https:\/\/www.hydrotruck.eu\/sklep\/wp-content\/uploads\/2023\/08\/logo_200.png\",\"width\":200,\"height\":84,\"caption\":\"R\u0119czniki bawe\u0142niane, kapielowe do domu i do hoteli spa\"},\"image\":{\"@id\":\"https:\/\/www.hydrotruck.eu\/sklep\/#\/schema\/logo\/image\/\"}}]}<\/script>\n<!-- \/ Yoast SEO plugin. -->","yoast_head_json":{"title":"Redukcja z\u0142\u0105cza STORZ B-C(75) - Hydrotruck","description":"Redukcja z\u0142\u0105cza STORZ B-C(75). Wytrzyma\u0142a, niezawodna i szczelna, idealna do bezpiecznego po\u0142\u0105czenia w systemach przemys\u0142owych i stra\u017cackich.","robots":{"index":"index","follow":"follow","max-snippet":"max-snippet:-1","max-image-preview":"max-image-preview:large","max-video-preview":"max-video-preview:-1"},"canonical":"https:\/\/www.hydrotruck.eu\/sklep\/produkt\/redukcja-zlacza-storz-b-c-75\/","og_locale":"pl_PL","og_type":"article","og_title":"Redukcja z\u0142\u0105cza STORZ B-C(75) - Hydrotruck","og_description":"Redukcja z\u0142\u0105cza STORZ B-C(75). Wytrzyma\u0142a, niezawodna i szczelna, idealna do bezpiecznego po\u0142\u0105czenia w systemach przemys\u0142owych i stra\u017cackich.","og_url":"https:\/\/www.hydrotruck.eu\/sklep\/produkt\/redukcja-zlacza-storz-b-c-75\/","og_site_name":"Hydrotruck","article_modified_time":"2024-05-14T11:38:38+00:00","og_image":[{"width":1080,"height":1080,"url":"https:\/\/www.hydrotruck.eu\/sklep\/wp-content\/uploads\/2023\/08\/Projekt-bez-nazwy-11-1.jpg","type":"image\/jpeg"}],"twitter_card":"summary_large_image","twitter_misc":{"Szacowany czas czytania":"1 minuta"},"schema":{"@context":"https:\/\/schema.org","@graph":[{"@type":"WebPage","@id":"https:\/\/www.hydrotruck.eu\/sklep\/produkt\/redukcja-zlacza-storz-b-c-75\/","url":"https:\/\/www.hydrotruck.eu\/sklep\/produkt\/redukcja-zlacza-storz-b-c-75\/","name":"Redukcja z\u0142\u0105cza STORZ B-C(75) - Hydrotruck","isPartOf":{"@id":"https:\/\/www.hydrotruck.eu\/sklep\/#website"},"primaryImageOfPage":{"@id":"https:\/\/www.hydrotruck.eu\/sklep\/produkt\/redukcja-zlacza-storz-b-c-75\/#primaryimage"},"image":{"@id":"https:\/\/www.hydrotruck.eu\/sklep\/produkt\/redukcja-zlacza-storz-b-c-75\/#primaryimage"},"thumbnailUrl":"https:\/\/www.hydrotruck.eu\/sklep\/wp-content\/uploads\/2023\/08\/Projekt-bez-nazwy-11-1.jpg","datePublished":"2023-08-16T08:30:23+00:00","dateModified":"2024-05-14T11:38:38+00:00","description":"Redukcja z\u0142\u0105cza STORZ B-C(75). Wytrzyma\u0142a, niezawodna i szczelna, idealna do bezpiecznego po\u0142\u0105czenia w systemach przemys\u0142owych i stra\u017cackich.","breadcrumb":{"@id":"https:\/\/www.hydrotruck.eu\/sklep\/produkt\/redukcja-zlacza-storz-b-c-75\/#breadcrumb"},"inLanguage":"pl-PL","potentialAction":[{"@type":"ReadAction","target":["https:\/\/www.hydrotruck.eu\/sklep\/produkt\/redukcja-zlacza-storz-b-c-75\/"]}]},{"@type":"ImageObject","inLanguage":"pl-PL","@id":"https:\/\/www.hydrotruck.eu\/sklep\/produkt\/redukcja-zlacza-storz-b-c-75\/#primaryimage","url":"https:\/\/www.hydrotruck.eu\/sklep\/wp-content\/uploads\/2023\/08\/Projekt-bez-nazwy-11-1.jpg","contentUrl":"https:\/\/www.hydrotruck.eu\/sklep\/wp-content\/uploads\/2023\/08\/Projekt-bez-nazwy-11-1.jpg","width":1080,"height":1080,"caption":"Redukcja z\u0142\u0105cza STORZ A-B(110)"},{"@type":"BreadcrumbList","@id":"https:\/\/www.hydrotruck.eu\/sklep\/produkt\/redukcja-zlacza-storz-b-c-75\/#breadcrumb","itemListElement":[{"@type":"ListItem","position":1,"name":"Strona g\u0142\u00f3wna","item":"https:\/\/www.hydrotruck.eu\/sklep\/"},{"@type":"ListItem","position":2,"name":"Sklep","item":"https:\/\/www.hydrotruck.eu\/sklep\/sklep\/"},{"@type":"ListItem","position":3,"name":"Redukcja z\u0142\u0105cza STORZ B-C(75)"}]},{"@type":"WebSite","@id":"https:\/\/www.hydrotruck.eu\/sklep\/#website","url":"https:\/\/www.hydrotruck.eu\/sklep\/","name":"R\u0119czniki bawe\u0142niane, kapielowe do domu i do hoteli spa","description":"Hydrotruck","publisher":{"@id":"https:\/\/www.hydrotruck.eu\/sklep\/#organization"},"potentialAction":[{"@type":"SearchAction","target":{"@type":"EntryPoint","urlTemplate":"https:\/\/www.hydrotruck.eu\/sklep\/?s={search_term_string}"},"query-input":{"@type":"PropertyValueSpecification","valueRequired":true,"valueName":"search_term_string"}}],"inLanguage":"pl-PL"},{"@type":"Organization","@id":"https:\/\/www.hydrotruck.eu\/sklep\/#organization","name":"R\u0119czniki bawe\u0142niane, kapielowe do domu i do hoteli spa","url":"https:\/\/www.hydrotruck.eu\/sklep\/","logo":{"@type":"ImageObject","inLanguage":"pl-PL","@id":"https:\/\/www.hydrotruck.eu\/sklep\/#\/schema\/logo\/image\/","url":"https:\/\/www.hydrotruck.eu\/sklep\/wp-content\/uploads\/2023\/08\/logo_200.png","contentUrl":"https:\/\/www.hydrotruck.eu\/sklep\/wp-content\/uploads\/2023\/08\/logo_200.png","width":200,"height":84,"caption":"R\u0119czniki bawe\u0142niane, kapielowe do domu i do hoteli spa"},"image":{"@id":"https:\/\/www.hydrotruck.eu\/sklep\/#\/schema\/logo\/image\/"}}]}},"acf":[],"_links":{"self":[{"href":"https:\/\/www.hydrotruck.eu\/sklep\/wp-json\/wp\/v2\/product\/2941","targetHints":{"allow":["GET"]}}],"collection":[{"href":"https:\/\/www.hydrotruck.eu\/sklep\/wp-json\/wp\/v2\/product"}],"about":[{"href":"https:\/\/www.hydrotruck.eu\/sklep\/wp-json\/wp\/v2\/types\/product"}],"wp:featuredmedia":[{"embeddable":true,"href":"https:\/\/www.hydrotruck.eu\/sklep\/wp-json\/wp\/v2\/media\/2942"}],"wp:attachment":[{"href":"https:\/\/www.hydrotruck.eu\/sklep\/wp-json\/wp\/v2\/media?parent=2941"}],"wp:term":[{"taxonomy":"product_cat","embeddable":true,"href":"https:\/\/www.hydrotruck.eu\/sklep\/wp-json\/wp\/v2\/product_cat?post=2941"},{"taxonomy":"product_tag","embeddable":true,"href":"https:\/\/www.hydrotruck.eu\/sklep\/wp-json\/wp\/v2\/product_tag?post=2941"}],"curies":[{"name":"wp","href":"https:\/\/api.w.org\/{rel}","templated":true}]}}