{"id":2923,"date":"2023-08-16T07:37:36","date_gmt":"2023-08-16T06:37:36","guid":{"rendered":"https:\/\/www.hydrotruck.eu\/sklep\/?post_type=product&#038;p=2923"},"modified":"2024-05-14T12:58:10","modified_gmt":"2024-05-14T11:58:10","slug":"zlacze-geka-do-montazu-na-waz-dn-32","status":"publish","type":"product","link":"https:\/\/www.hydrotruck.eu\/sklep\/produkt\/zlacze-geka-do-montazu-na-waz-dn-32\/","title":{"rendered":"Z\u0142\u0105cze GEKA DN 32 do monta\u017cu na w\u0105\u017c"},"content":{"rendered":"<p><strong>Z\u0142\u0105cze GEKA DN 32 Materia\u0142: Mosi\u0105dz<\/strong><\/p>\n<p>Z\u0142\u0105cze GEKA to popularne rozwi\u0105zanie do monta\u017cu na w\u0105\u017c. Jest wyj\u0105tkowo \u0142atwe w u\u017cyciu i zapewnia solidne po\u0142\u0105czenie. Aby zamontowa\u0107 z\u0142\u0105cze GEKA na w\u0119\u017cu, wykonaj nast\u0119puj\u0105ce kroki:<\/p>\n<p>Upewnij si\u0119, \u017ce ko\u0144c\u00f3wka w\u0119\u017ca jest czysta i pozbawiona uszkodze\u0144. Je\u015bli konieczne, przyci\u0105\u0107 ko\u0144c\u00f3wk\u0119 w\u0119\u017ca, aby uzyska\u0107 czyst\u0105 i r\u00f3wn\u0105 powierzchni\u0119.<\/p>\n<p>Usu\u0144 pokryw\u0119 z\u0142\u0105cza: Je\u015bli z\u0142\u0105cze GEKA jest zaopatrzone w pokryw\u0119, odkr\u0119\u0107 j\u0105 lub zdejmij, aby ods\u0142oni\u0107 z\u0142\u0105cze.<\/p>\n<p>W\u0142\u00f3\u017c w\u0105\u017c: W\u0142\u00f3\u017c koniec w\u0119\u017ca do z\u0142\u0105cza GEKA. Upewnij si\u0119, \u017ce w\u0105\u017c jest r\u00f3wno i ca\u0142kowicie wsuni\u0119ty, a\u017c do oporu.<\/p>\n<p>Zamocuj z\u0142\u0105cze: Po wsuni\u0119ciu w\u0119\u017ca naci\u015bnij z\u0142\u0105cze GEKA w kierunku w\u0119\u017ca i jednocze\u015bnie obr\u00f3\u0107 je w prawo, a\u017c do zatrza\u015bni\u0119cia. Z\u0142\u0105cze powinno by\u0107 teraz pewnie zamocowane na w\u0119\u017cu.<\/p>\n<p>Sprawd\u017a po\u0142\u0105czenie: Upewnij si\u0119, \u017ce z\u0142\u0105cze GEKA jest prawid\u0142owo zamocowane, pr\u00f3buj\u0105c delikatnie poci\u0105gn\u0105\u0107 za w\u0105\u017c. Powinien by\u0107 pewny i nie powinien si\u0119 od\u0142\u0105czy\u0107.<\/p>\n<p>To wszystko! Teraz masz zamocowane z\u0142\u0105cze GEKA DN 32 na w\u0119\u017cu, gotowe do u\u017cycia. Pami\u0119taj, \u017ceby regularnie sprawdza\u0107 stan po\u0142\u0105czenia i konserwowa\u0107 z\u0142\u0105cze, aby zapewni\u0107 jego niezawodno\u015b\u0107 i trwa\u0142o\u015b\u0107.<\/p>\n<p><a href=\"https:\/\/www.hydrotruck.eu\/sklep\/kategoria\/czesci-do-silonaczep\/zlacza-do-wezy\/geka\/\">Sprawd\u017a wi\u0119cej naszych z\u0142\u0105czy do w\u0119\u017cy GEKA.<\/a><\/p>\n","protected":false},"excerpt":{"rendered":"<p>Materia\u0142: Mosi\u0105dz<\/p>\n<p>Z\u0142\u0105cze GEKA to popularne rozwi\u0105zanie do monta\u017cu na w\u0105\u017c<\/p>\n","protected":false},"featured_media":2921,"template":"","meta":{"inline_featured_image":false},"product_cat":[95,84],"product_tag":[],"class_list":{"0":"post-2923","1":"product","2":"type-product","3":"status-publish","4":"has-post-thumbnail","6":"product_cat-geka","7":"product_cat-zlacza-do-wezy","9":"first","10":"instock","11":"shipping-taxable","12":"purchasable","13":"product-type-simple"},"yoast_head":"<!-- This site is optimized with the Yoast SEO plugin v26.9 - https:\/\/yoast.com\/product\/yoast-seo-wordpress\/ -->\n<title>Z\u0142\u0105cze GEKA DN 32 do monta\u017cu na w\u0105\u017c - Hydrotruck<\/title>\n<meta name=\"description\" content=\"Z\u0142\u0105cze GEKA DN 32 do monta\u017cu na w\u0105\u017c. Wytrzyma\u0142e, niezawodne i \u0142atwe w instalacji, idealne do bezpiecznych po\u0142\u0105cze\u0144 w zastosowaniach przemys\u0142owych.\" \/>\n<meta name=\"robots\" content=\"index, follow, max-snippet:-1, max-image-preview:large, max-video-preview:-1\" \/>\n<link rel=\"canonical\" href=\"https:\/\/www.hydrotruck.eu\/sklep\/produkt\/zlacze-geka-do-montazu-na-waz-dn-32\/\" \/>\n<meta property=\"og:locale\" content=\"pl_PL\" \/>\n<meta property=\"og:type\" content=\"article\" \/>\n<meta property=\"og:title\" content=\"Z\u0142\u0105cze GEKA DN 32 do monta\u017cu na w\u0105\u017c - Hydrotruck\" \/>\n<meta property=\"og:description\" content=\"Z\u0142\u0105cze GEKA DN 32 do monta\u017cu na w\u0105\u017c. Wytrzyma\u0142e, niezawodne i \u0142atwe w instalacji, idealne do bezpiecznych po\u0142\u0105cze\u0144 w zastosowaniach przemys\u0142owych.\" \/>\n<meta property=\"og:url\" content=\"https:\/\/www.hydrotruck.eu\/sklep\/produkt\/zlacze-geka-do-montazu-na-waz-dn-32\/\" \/>\n<meta property=\"og:site_name\" content=\"Hydrotruck\" \/>\n<meta property=\"article:modified_time\" content=\"2024-05-14T11:58:10+00:00\" \/>\n<meta property=\"og:image\" content=\"https:\/\/www.hydrotruck.eu\/sklep\/wp-content\/uploads\/2023\/08\/Projekt-bez-nazwy-26.jpg\" \/>\n\t<meta property=\"og:image:width\" content=\"1080\" \/>\n\t<meta property=\"og:image:height\" content=\"1080\" \/>\n\t<meta property=\"og:image:type\" content=\"image\/jpeg\" \/>\n<meta name=\"twitter:card\" content=\"summary_large_image\" \/>\n<meta name=\"twitter:label1\" content=\"Szacowany czas czytania\" \/>\n\t<meta name=\"twitter:data1\" content=\"2 minuty\" \/>\n<script type=\"application\/ld+json\" class=\"yoast-schema-graph\">{\"@context\":\"https:\/\/schema.org\",\"@graph\":[{\"@type\":\"WebPage\",\"@id\":\"https:\/\/www.hydrotruck.eu\/sklep\/produkt\/zlacze-geka-do-montazu-na-waz-dn-32\/\",\"url\":\"https:\/\/www.hydrotruck.eu\/sklep\/produkt\/zlacze-geka-do-montazu-na-waz-dn-32\/\",\"name\":\"Z\u0142\u0105cze GEKA DN 32 do monta\u017cu na w\u0105\u017c - Hydrotruck\",\"isPartOf\":{\"@id\":\"https:\/\/www.hydrotruck.eu\/sklep\/#website\"},\"primaryImageOfPage\":{\"@id\":\"https:\/\/www.hydrotruck.eu\/sklep\/produkt\/zlacze-geka-do-montazu-na-waz-dn-32\/#primaryimage\"},\"image\":{\"@id\":\"https:\/\/www.hydrotruck.eu\/sklep\/produkt\/zlacze-geka-do-montazu-na-waz-dn-32\/#primaryimage\"},\"thumbnailUrl\":\"https:\/\/www.hydrotruck.eu\/sklep\/wp-content\/uploads\/2023\/08\/Projekt-bez-nazwy-26.jpg\",\"datePublished\":\"2023-08-16T06:37:36+00:00\",\"dateModified\":\"2024-05-14T11:58:10+00:00\",\"description\":\"Z\u0142\u0105cze GEKA DN 32 do monta\u017cu na w\u0105\u017c. Wytrzyma\u0142e, niezawodne i \u0142atwe w instalacji, idealne do bezpiecznych po\u0142\u0105cze\u0144 w zastosowaniach przemys\u0142owych.\",\"breadcrumb\":{\"@id\":\"https:\/\/www.hydrotruck.eu\/sklep\/produkt\/zlacze-geka-do-montazu-na-waz-dn-32\/#breadcrumb\"},\"inLanguage\":\"pl-PL\",\"potentialAction\":[{\"@type\":\"ReadAction\",\"target\":[\"https:\/\/www.hydrotruck.eu\/sklep\/produkt\/zlacze-geka-do-montazu-na-waz-dn-32\/\"]}]},{\"@type\":\"ImageObject\",\"inLanguage\":\"pl-PL\",\"@id\":\"https:\/\/www.hydrotruck.eu\/sklep\/produkt\/zlacze-geka-do-montazu-na-waz-dn-32\/#primaryimage\",\"url\":\"https:\/\/www.hydrotruck.eu\/sklep\/wp-content\/uploads\/2023\/08\/Projekt-bez-nazwy-26.jpg\",\"contentUrl\":\"https:\/\/www.hydrotruck.eu\/sklep\/wp-content\/uploads\/2023\/08\/Projekt-bez-nazwy-26.jpg\",\"width\":1080,\"height\":1080,\"caption\":\"Z\u0142\u0105cze GEKA DN 32 do monta\u017cu na w\u0105\u017c\"},{\"@type\":\"BreadcrumbList\",\"@id\":\"https:\/\/www.hydrotruck.eu\/sklep\/produkt\/zlacze-geka-do-montazu-na-waz-dn-32\/#breadcrumb\",\"itemListElement\":[{\"@type\":\"ListItem\",\"position\":1,\"name\":\"Strona g\u0142\u00f3wna\",\"item\":\"https:\/\/www.hydrotruck.eu\/sklep\/\"},{\"@type\":\"ListItem\",\"position\":2,\"name\":\"Sklep\",\"item\":\"https:\/\/www.hydrotruck.eu\/sklep\/sklep\/\"},{\"@type\":\"ListItem\",\"position\":3,\"name\":\"Z\u0142\u0105cze GEKA DN 32 do monta\u017cu na w\u0105\u017c\"}]},{\"@type\":\"WebSite\",\"@id\":\"https:\/\/www.hydrotruck.eu\/sklep\/#website\",\"url\":\"https:\/\/www.hydrotruck.eu\/sklep\/\",\"name\":\"R\u0119czniki bawe\u0142niane, kapielowe do domu i do hoteli spa\",\"description\":\"Hydrotruck\",\"publisher\":{\"@id\":\"https:\/\/www.hydrotruck.eu\/sklep\/#organization\"},\"potentialAction\":[{\"@type\":\"SearchAction\",\"target\":{\"@type\":\"EntryPoint\",\"urlTemplate\":\"https:\/\/www.hydrotruck.eu\/sklep\/?s={search_term_string}\"},\"query-input\":{\"@type\":\"PropertyValueSpecification\",\"valueRequired\":true,\"valueName\":\"search_term_string\"}}],\"inLanguage\":\"pl-PL\"},{\"@type\":\"Organization\",\"@id\":\"https:\/\/www.hydrotruck.eu\/sklep\/#organization\",\"name\":\"R\u0119czniki bawe\u0142niane, kapielowe do domu i do hoteli spa\",\"url\":\"https:\/\/www.hydrotruck.eu\/sklep\/\",\"logo\":{\"@type\":\"ImageObject\",\"inLanguage\":\"pl-PL\",\"@id\":\"https:\/\/www.hydrotruck.eu\/sklep\/#\/schema\/logo\/image\/\",\"url\":\"https:\/\/www.hydrotruck.eu\/sklep\/wp-content\/uploads\/2023\/08\/logo_200.png\",\"contentUrl\":\"https:\/\/www.hydrotruck.eu\/sklep\/wp-content\/uploads\/2023\/08\/logo_200.png\",\"width\":200,\"height\":84,\"caption\":\"R\u0119czniki bawe\u0142niane, kapielowe do domu i do hoteli spa\"},\"image\":{\"@id\":\"https:\/\/www.hydrotruck.eu\/sklep\/#\/schema\/logo\/image\/\"}}]}<\/script>\n<!-- \/ Yoast SEO plugin. -->","yoast_head_json":{"title":"Z\u0142\u0105cze GEKA DN 32 do monta\u017cu na w\u0105\u017c - Hydrotruck","description":"Z\u0142\u0105cze GEKA DN 32 do monta\u017cu na w\u0105\u017c. Wytrzyma\u0142e, niezawodne i \u0142atwe w instalacji, idealne do bezpiecznych po\u0142\u0105cze\u0144 w zastosowaniach przemys\u0142owych.","robots":{"index":"index","follow":"follow","max-snippet":"max-snippet:-1","max-image-preview":"max-image-preview:large","max-video-preview":"max-video-preview:-1"},"canonical":"https:\/\/www.hydrotruck.eu\/sklep\/produkt\/zlacze-geka-do-montazu-na-waz-dn-32\/","og_locale":"pl_PL","og_type":"article","og_title":"Z\u0142\u0105cze GEKA DN 32 do monta\u017cu na w\u0105\u017c - Hydrotruck","og_description":"Z\u0142\u0105cze GEKA DN 32 do monta\u017cu na w\u0105\u017c. Wytrzyma\u0142e, niezawodne i \u0142atwe w instalacji, idealne do bezpiecznych po\u0142\u0105cze\u0144 w zastosowaniach przemys\u0142owych.","og_url":"https:\/\/www.hydrotruck.eu\/sklep\/produkt\/zlacze-geka-do-montazu-na-waz-dn-32\/","og_site_name":"Hydrotruck","article_modified_time":"2024-05-14T11:58:10+00:00","og_image":[{"width":1080,"height":1080,"url":"https:\/\/www.hydrotruck.eu\/sklep\/wp-content\/uploads\/2023\/08\/Projekt-bez-nazwy-26.jpg","type":"image\/jpeg"}],"twitter_card":"summary_large_image","twitter_misc":{"Szacowany czas czytania":"2 minuty"},"schema":{"@context":"https:\/\/schema.org","@graph":[{"@type":"WebPage","@id":"https:\/\/www.hydrotruck.eu\/sklep\/produkt\/zlacze-geka-do-montazu-na-waz-dn-32\/","url":"https:\/\/www.hydrotruck.eu\/sklep\/produkt\/zlacze-geka-do-montazu-na-waz-dn-32\/","name":"Z\u0142\u0105cze GEKA DN 32 do monta\u017cu na w\u0105\u017c - Hydrotruck","isPartOf":{"@id":"https:\/\/www.hydrotruck.eu\/sklep\/#website"},"primaryImageOfPage":{"@id":"https:\/\/www.hydrotruck.eu\/sklep\/produkt\/zlacze-geka-do-montazu-na-waz-dn-32\/#primaryimage"},"image":{"@id":"https:\/\/www.hydrotruck.eu\/sklep\/produkt\/zlacze-geka-do-montazu-na-waz-dn-32\/#primaryimage"},"thumbnailUrl":"https:\/\/www.hydrotruck.eu\/sklep\/wp-content\/uploads\/2023\/08\/Projekt-bez-nazwy-26.jpg","datePublished":"2023-08-16T06:37:36+00:00","dateModified":"2024-05-14T11:58:10+00:00","description":"Z\u0142\u0105cze GEKA DN 32 do monta\u017cu na w\u0105\u017c. Wytrzyma\u0142e, niezawodne i \u0142atwe w instalacji, idealne do bezpiecznych po\u0142\u0105cze\u0144 w zastosowaniach przemys\u0142owych.","breadcrumb":{"@id":"https:\/\/www.hydrotruck.eu\/sklep\/produkt\/zlacze-geka-do-montazu-na-waz-dn-32\/#breadcrumb"},"inLanguage":"pl-PL","potentialAction":[{"@type":"ReadAction","target":["https:\/\/www.hydrotruck.eu\/sklep\/produkt\/zlacze-geka-do-montazu-na-waz-dn-32\/"]}]},{"@type":"ImageObject","inLanguage":"pl-PL","@id":"https:\/\/www.hydrotruck.eu\/sklep\/produkt\/zlacze-geka-do-montazu-na-waz-dn-32\/#primaryimage","url":"https:\/\/www.hydrotruck.eu\/sklep\/wp-content\/uploads\/2023\/08\/Projekt-bez-nazwy-26.jpg","contentUrl":"https:\/\/www.hydrotruck.eu\/sklep\/wp-content\/uploads\/2023\/08\/Projekt-bez-nazwy-26.jpg","width":1080,"height":1080,"caption":"Z\u0142\u0105cze GEKA DN 32 do monta\u017cu na w\u0105\u017c"},{"@type":"BreadcrumbList","@id":"https:\/\/www.hydrotruck.eu\/sklep\/produkt\/zlacze-geka-do-montazu-na-waz-dn-32\/#breadcrumb","itemListElement":[{"@type":"ListItem","position":1,"name":"Strona g\u0142\u00f3wna","item":"https:\/\/www.hydrotruck.eu\/sklep\/"},{"@type":"ListItem","position":2,"name":"Sklep","item":"https:\/\/www.hydrotruck.eu\/sklep\/sklep\/"},{"@type":"ListItem","position":3,"name":"Z\u0142\u0105cze GEKA DN 32 do monta\u017cu na w\u0105\u017c"}]},{"@type":"WebSite","@id":"https:\/\/www.hydrotruck.eu\/sklep\/#website","url":"https:\/\/www.hydrotruck.eu\/sklep\/","name":"R\u0119czniki bawe\u0142niane, kapielowe do domu i do hoteli spa","description":"Hydrotruck","publisher":{"@id":"https:\/\/www.hydrotruck.eu\/sklep\/#organization"},"potentialAction":[{"@type":"SearchAction","target":{"@type":"EntryPoint","urlTemplate":"https:\/\/www.hydrotruck.eu\/sklep\/?s={search_term_string}"},"query-input":{"@type":"PropertyValueSpecification","valueRequired":true,"valueName":"search_term_string"}}],"inLanguage":"pl-PL"},{"@type":"Organization","@id":"https:\/\/www.hydrotruck.eu\/sklep\/#organization","name":"R\u0119czniki bawe\u0142niane, kapielowe do domu i do hoteli spa","url":"https:\/\/www.hydrotruck.eu\/sklep\/","logo":{"@type":"ImageObject","inLanguage":"pl-PL","@id":"https:\/\/www.hydrotruck.eu\/sklep\/#\/schema\/logo\/image\/","url":"https:\/\/www.hydrotruck.eu\/sklep\/wp-content\/uploads\/2023\/08\/logo_200.png","contentUrl":"https:\/\/www.hydrotruck.eu\/sklep\/wp-content\/uploads\/2023\/08\/logo_200.png","width":200,"height":84,"caption":"R\u0119czniki bawe\u0142niane, kapielowe do domu i do hoteli spa"},"image":{"@id":"https:\/\/www.hydrotruck.eu\/sklep\/#\/schema\/logo\/image\/"}}]}},"acf":[],"_links":{"self":[{"href":"https:\/\/www.hydrotruck.eu\/sklep\/wp-json\/wp\/v2\/product\/2923","targetHints":{"allow":["GET"]}}],"collection":[{"href":"https:\/\/www.hydrotruck.eu\/sklep\/wp-json\/wp\/v2\/product"}],"about":[{"href":"https:\/\/www.hydrotruck.eu\/sklep\/wp-json\/wp\/v2\/types\/product"}],"wp:featuredmedia":[{"embeddable":true,"href":"https:\/\/www.hydrotruck.eu\/sklep\/wp-json\/wp\/v2\/media\/2921"}],"wp:attachment":[{"href":"https:\/\/www.hydrotruck.eu\/sklep\/wp-json\/wp\/v2\/media?parent=2923"}],"wp:term":[{"taxonomy":"product_cat","embeddable":true,"href":"https:\/\/www.hydrotruck.eu\/sklep\/wp-json\/wp\/v2\/product_cat?post=2923"},{"taxonomy":"product_tag","embeddable":true,"href":"https:\/\/www.hydrotruck.eu\/sklep\/wp-json\/wp\/v2\/product_tag?post=2923"}],"curies":[{"name":"wp","href":"https:\/\/api.w.org\/{rel}","templated":true}]}}