{"id":2884,"date":"2023-08-14T12:04:16","date_gmt":"2023-08-14T11:04:16","guid":{"rendered":"https:\/\/www.hydrotruck.eu\/sklep\/?post_type=product&#038;p=2884"},"modified":"2024-05-17T10:47:44","modified_gmt":"2024-05-17T09:47:44","slug":"bolec-i-klin-do-zlaczy-wloskich","status":"publish","type":"product","link":"https:\/\/www.hydrotruck.eu\/sklep\/produkt\/bolec-i-klin-do-zlaczy-wloskich\/","title":{"rendered":"Bolec i klin do z\u0142\u0105czy W\u0141OSKICH"},"content":{"rendered":"<p>Bolec i klin s\u0105 narz\u0119dziami specjalnie zaprojektowanymi do z\u0142\u0105czy w\u0142oskich. Bolec to wkr\u0119tak o odpowiednim kszta\u0142cie, umo\u017cliwiaj\u0105cy monta\u017c i demonta\u017c z\u0142\u0105czy. Jego precyzyjnie dopasowana ko\u0144c\u00f3wka pozwala na \u0142atwe i pewne dokr\u0119canie lub odkr\u0119canie element\u00f3w z\u0142\u0105cza. Klin natomiast to w\u0105ski, p\u0142aski przedmiot wykonany z twardego materia\u0142u, kt\u00f3ry jest u\u017cywany do roz\u0142\u0105czania z\u0142\u0105czy. Wk\u0142adaj\u0105c klin mi\u0119dzy elementy z\u0142\u0105cza, mo\u017cna je rozdzieli\u0107 i dokona\u0107 demonta\u017cu. Zar\u00f3wno bolec, jak i klin s\u0105 niezb\u0119dnymi narz\u0119dziami dla profesjonalist\u00f3w pracuj\u0105cych z z\u0142\u0105czami w\u0142oskimi, umo\u017cliwiaj\u0105cymi precyzyjne i skuteczne dzia\u0142ania przy monta\u017cu i demonta\u017cu tych z\u0142\u0105czy.<\/p>\n<p><a href=\"https:\/\/www.hydrotruck.eu\/sklep\/kategoria\/czesci-do-silonaczep\/zlacza-do-wezy\/wloskie\/\">Sprawd\u017a wi\u0119cej naszych z\u0142\u0105czy do w\u0119\u017cy w\u0142oskich.<\/a><\/p>\n","protected":false},"excerpt":{"rendered":"<p>Bolec i klin s\u0105 narz\u0119dziami specjalnie zaprojektowanymi do z\u0142\u0105czy w\u0142oskich. Bolec to wkr\u0119tak o odpowiednim kszta\u0142cie, umo\u017cliwiaj\u0105cy monta\u017c i demonta\u017c z\u0142\u0105czy.<\/p>\n","protected":false},"featured_media":2885,"template":"","meta":{"inline_featured_image":false},"product_cat":[98,84],"product_tag":[],"class_list":{"0":"post-2884","1":"product","2":"type-product","3":"status-publish","4":"has-post-thumbnail","6":"product_cat-wloskie","7":"product_cat-zlacza-do-wezy","9":"first","10":"instock","11":"shipping-taxable","12":"purchasable","13":"product-type-simple"},"yoast_head":"<!-- This site is optimized with the Yoast SEO plugin v26.9 - https:\/\/yoast.com\/product\/yoast-seo-wordpress\/ -->\n<title>Bolec i klin do z\u0142\u0105czy W\u0141OSKICH - Hydrotruck<\/title>\n<meta name=\"description\" content=\"Bolec i klin do z\u0142\u0105czy w\u0142oskich. Trwa\u0142e, niezawodne i \u0142atwe w monta\u017cu, zapewniaj\u0105 bezpieczne i stabilne po\u0142\u0105czenia w systemach przemys\u0142owych...\" \/>\n<meta name=\"robots\" content=\"index, follow, max-snippet:-1, max-image-preview:large, max-video-preview:-1\" \/>\n<link rel=\"canonical\" href=\"https:\/\/www.hydrotruck.eu\/sklep\/produkt\/bolec-i-klin-do-zlaczy-wloskich\/\" \/>\n<meta property=\"og:locale\" content=\"pl_PL\" \/>\n<meta property=\"og:type\" content=\"article\" \/>\n<meta property=\"og:title\" content=\"Bolec i klin do z\u0142\u0105czy W\u0141OSKICH - Hydrotruck\" \/>\n<meta property=\"og:description\" content=\"Bolec i klin do z\u0142\u0105czy w\u0142oskich. Trwa\u0142e, niezawodne i \u0142atwe w monta\u017cu, zapewniaj\u0105 bezpieczne i stabilne po\u0142\u0105czenia w systemach przemys\u0142owych...\" \/>\n<meta property=\"og:url\" content=\"https:\/\/www.hydrotruck.eu\/sklep\/produkt\/bolec-i-klin-do-zlaczy-wloskich\/\" \/>\n<meta property=\"og:site_name\" content=\"Hydrotruck\" \/>\n<meta property=\"article:modified_time\" content=\"2024-05-17T09:47:44+00:00\" \/>\n<meta property=\"og:image\" content=\"https:\/\/www.hydrotruck.eu\/sklep\/wp-content\/uploads\/2023\/08\/Projekt-bez-nazwy-1-1.jpg\" \/>\n\t<meta property=\"og:image:width\" content=\"1080\" \/>\n\t<meta property=\"og:image:height\" content=\"1080\" \/>\n\t<meta property=\"og:image:type\" content=\"image\/jpeg\" \/>\n<meta name=\"twitter:card\" content=\"summary_large_image\" \/>\n<meta name=\"twitter:label1\" content=\"Szacowany czas czytania\" \/>\n\t<meta name=\"twitter:data1\" content=\"1 minuta\" \/>\n<script type=\"application\/ld+json\" class=\"yoast-schema-graph\">{\"@context\":\"https:\/\/schema.org\",\"@graph\":[{\"@type\":\"WebPage\",\"@id\":\"https:\/\/www.hydrotruck.eu\/sklep\/produkt\/bolec-i-klin-do-zlaczy-wloskich\/\",\"url\":\"https:\/\/www.hydrotruck.eu\/sklep\/produkt\/bolec-i-klin-do-zlaczy-wloskich\/\",\"name\":\"Bolec i klin do z\u0142\u0105czy W\u0141OSKICH - Hydrotruck\",\"isPartOf\":{\"@id\":\"https:\/\/www.hydrotruck.eu\/sklep\/#website\"},\"primaryImageOfPage\":{\"@id\":\"https:\/\/www.hydrotruck.eu\/sklep\/produkt\/bolec-i-klin-do-zlaczy-wloskich\/#primaryimage\"},\"image\":{\"@id\":\"https:\/\/www.hydrotruck.eu\/sklep\/produkt\/bolec-i-klin-do-zlaczy-wloskich\/#primaryimage\"},\"thumbnailUrl\":\"https:\/\/www.hydrotruck.eu\/sklep\/wp-content\/uploads\/2023\/08\/Projekt-bez-nazwy-1-1.jpg\",\"datePublished\":\"2023-08-14T11:04:16+00:00\",\"dateModified\":\"2024-05-17T09:47:44+00:00\",\"description\":\"Bolec i klin do z\u0142\u0105czy w\u0142oskich. Trwa\u0142e, niezawodne i \u0142atwe w monta\u017cu, zapewniaj\u0105 bezpieczne i stabilne po\u0142\u0105czenia w systemach przemys\u0142owych...\",\"breadcrumb\":{\"@id\":\"https:\/\/www.hydrotruck.eu\/sklep\/produkt\/bolec-i-klin-do-zlaczy-wloskich\/#breadcrumb\"},\"inLanguage\":\"pl-PL\",\"potentialAction\":[{\"@type\":\"ReadAction\",\"target\":[\"https:\/\/www.hydrotruck.eu\/sklep\/produkt\/bolec-i-klin-do-zlaczy-wloskich\/\"]}]},{\"@type\":\"ImageObject\",\"inLanguage\":\"pl-PL\",\"@id\":\"https:\/\/www.hydrotruck.eu\/sklep\/produkt\/bolec-i-klin-do-zlaczy-wloskich\/#primaryimage\",\"url\":\"https:\/\/www.hydrotruck.eu\/sklep\/wp-content\/uploads\/2023\/08\/Projekt-bez-nazwy-1-1.jpg\",\"contentUrl\":\"https:\/\/www.hydrotruck.eu\/sklep\/wp-content\/uploads\/2023\/08\/Projekt-bez-nazwy-1-1.jpg\",\"width\":1080,\"height\":1080,\"caption\":\"Bolec i klin do z\u0142\u0105czy W\u0141OSKICH\"},{\"@type\":\"BreadcrumbList\",\"@id\":\"https:\/\/www.hydrotruck.eu\/sklep\/produkt\/bolec-i-klin-do-zlaczy-wloskich\/#breadcrumb\",\"itemListElement\":[{\"@type\":\"ListItem\",\"position\":1,\"name\":\"Strona g\u0142\u00f3wna\",\"item\":\"https:\/\/www.hydrotruck.eu\/sklep\/\"},{\"@type\":\"ListItem\",\"position\":2,\"name\":\"Sklep\",\"item\":\"https:\/\/www.hydrotruck.eu\/sklep\/sklep\/\"},{\"@type\":\"ListItem\",\"position\":3,\"name\":\"Bolec i klin do z\u0142\u0105czy W\u0141OSKICH\"}]},{\"@type\":\"WebSite\",\"@id\":\"https:\/\/www.hydrotruck.eu\/sklep\/#website\",\"url\":\"https:\/\/www.hydrotruck.eu\/sklep\/\",\"name\":\"R\u0119czniki bawe\u0142niane, kapielowe do domu i do hoteli spa\",\"description\":\"Hydrotruck\",\"publisher\":{\"@id\":\"https:\/\/www.hydrotruck.eu\/sklep\/#organization\"},\"potentialAction\":[{\"@type\":\"SearchAction\",\"target\":{\"@type\":\"EntryPoint\",\"urlTemplate\":\"https:\/\/www.hydrotruck.eu\/sklep\/?s={search_term_string}\"},\"query-input\":{\"@type\":\"PropertyValueSpecification\",\"valueRequired\":true,\"valueName\":\"search_term_string\"}}],\"inLanguage\":\"pl-PL\"},{\"@type\":\"Organization\",\"@id\":\"https:\/\/www.hydrotruck.eu\/sklep\/#organization\",\"name\":\"R\u0119czniki bawe\u0142niane, kapielowe do domu i do hoteli spa\",\"url\":\"https:\/\/www.hydrotruck.eu\/sklep\/\",\"logo\":{\"@type\":\"ImageObject\",\"inLanguage\":\"pl-PL\",\"@id\":\"https:\/\/www.hydrotruck.eu\/sklep\/#\/schema\/logo\/image\/\",\"url\":\"https:\/\/www.hydrotruck.eu\/sklep\/wp-content\/uploads\/2023\/08\/logo_200.png\",\"contentUrl\":\"https:\/\/www.hydrotruck.eu\/sklep\/wp-content\/uploads\/2023\/08\/logo_200.png\",\"width\":200,\"height\":84,\"caption\":\"R\u0119czniki bawe\u0142niane, kapielowe do domu i do hoteli spa\"},\"image\":{\"@id\":\"https:\/\/www.hydrotruck.eu\/sklep\/#\/schema\/logo\/image\/\"}}]}<\/script>\n<!-- \/ Yoast SEO plugin. -->","yoast_head_json":{"title":"Bolec i klin do z\u0142\u0105czy W\u0141OSKICH - Hydrotruck","description":"Bolec i klin do z\u0142\u0105czy w\u0142oskich. Trwa\u0142e, niezawodne i \u0142atwe w monta\u017cu, zapewniaj\u0105 bezpieczne i stabilne po\u0142\u0105czenia w systemach przemys\u0142owych...","robots":{"index":"index","follow":"follow","max-snippet":"max-snippet:-1","max-image-preview":"max-image-preview:large","max-video-preview":"max-video-preview:-1"},"canonical":"https:\/\/www.hydrotruck.eu\/sklep\/produkt\/bolec-i-klin-do-zlaczy-wloskich\/","og_locale":"pl_PL","og_type":"article","og_title":"Bolec i klin do z\u0142\u0105czy W\u0141OSKICH - Hydrotruck","og_description":"Bolec i klin do z\u0142\u0105czy w\u0142oskich. Trwa\u0142e, niezawodne i \u0142atwe w monta\u017cu, zapewniaj\u0105 bezpieczne i stabilne po\u0142\u0105czenia w systemach przemys\u0142owych...","og_url":"https:\/\/www.hydrotruck.eu\/sklep\/produkt\/bolec-i-klin-do-zlaczy-wloskich\/","og_site_name":"Hydrotruck","article_modified_time":"2024-05-17T09:47:44+00:00","og_image":[{"width":1080,"height":1080,"url":"https:\/\/www.hydrotruck.eu\/sklep\/wp-content\/uploads\/2023\/08\/Projekt-bez-nazwy-1-1.jpg","type":"image\/jpeg"}],"twitter_card":"summary_large_image","twitter_misc":{"Szacowany czas czytania":"1 minuta"},"schema":{"@context":"https:\/\/schema.org","@graph":[{"@type":"WebPage","@id":"https:\/\/www.hydrotruck.eu\/sklep\/produkt\/bolec-i-klin-do-zlaczy-wloskich\/","url":"https:\/\/www.hydrotruck.eu\/sklep\/produkt\/bolec-i-klin-do-zlaczy-wloskich\/","name":"Bolec i klin do z\u0142\u0105czy W\u0141OSKICH - Hydrotruck","isPartOf":{"@id":"https:\/\/www.hydrotruck.eu\/sklep\/#website"},"primaryImageOfPage":{"@id":"https:\/\/www.hydrotruck.eu\/sklep\/produkt\/bolec-i-klin-do-zlaczy-wloskich\/#primaryimage"},"image":{"@id":"https:\/\/www.hydrotruck.eu\/sklep\/produkt\/bolec-i-klin-do-zlaczy-wloskich\/#primaryimage"},"thumbnailUrl":"https:\/\/www.hydrotruck.eu\/sklep\/wp-content\/uploads\/2023\/08\/Projekt-bez-nazwy-1-1.jpg","datePublished":"2023-08-14T11:04:16+00:00","dateModified":"2024-05-17T09:47:44+00:00","description":"Bolec i klin do z\u0142\u0105czy w\u0142oskich. Trwa\u0142e, niezawodne i \u0142atwe w monta\u017cu, zapewniaj\u0105 bezpieczne i stabilne po\u0142\u0105czenia w systemach przemys\u0142owych...","breadcrumb":{"@id":"https:\/\/www.hydrotruck.eu\/sklep\/produkt\/bolec-i-klin-do-zlaczy-wloskich\/#breadcrumb"},"inLanguage":"pl-PL","potentialAction":[{"@type":"ReadAction","target":["https:\/\/www.hydrotruck.eu\/sklep\/produkt\/bolec-i-klin-do-zlaczy-wloskich\/"]}]},{"@type":"ImageObject","inLanguage":"pl-PL","@id":"https:\/\/www.hydrotruck.eu\/sklep\/produkt\/bolec-i-klin-do-zlaczy-wloskich\/#primaryimage","url":"https:\/\/www.hydrotruck.eu\/sklep\/wp-content\/uploads\/2023\/08\/Projekt-bez-nazwy-1-1.jpg","contentUrl":"https:\/\/www.hydrotruck.eu\/sklep\/wp-content\/uploads\/2023\/08\/Projekt-bez-nazwy-1-1.jpg","width":1080,"height":1080,"caption":"Bolec i klin do z\u0142\u0105czy W\u0141OSKICH"},{"@type":"BreadcrumbList","@id":"https:\/\/www.hydrotruck.eu\/sklep\/produkt\/bolec-i-klin-do-zlaczy-wloskich\/#breadcrumb","itemListElement":[{"@type":"ListItem","position":1,"name":"Strona g\u0142\u00f3wna","item":"https:\/\/www.hydrotruck.eu\/sklep\/"},{"@type":"ListItem","position":2,"name":"Sklep","item":"https:\/\/www.hydrotruck.eu\/sklep\/sklep\/"},{"@type":"ListItem","position":3,"name":"Bolec i klin do z\u0142\u0105czy W\u0141OSKICH"}]},{"@type":"WebSite","@id":"https:\/\/www.hydrotruck.eu\/sklep\/#website","url":"https:\/\/www.hydrotruck.eu\/sklep\/","name":"R\u0119czniki bawe\u0142niane, kapielowe do domu i do hoteli spa","description":"Hydrotruck","publisher":{"@id":"https:\/\/www.hydrotruck.eu\/sklep\/#organization"},"potentialAction":[{"@type":"SearchAction","target":{"@type":"EntryPoint","urlTemplate":"https:\/\/www.hydrotruck.eu\/sklep\/?s={search_term_string}"},"query-input":{"@type":"PropertyValueSpecification","valueRequired":true,"valueName":"search_term_string"}}],"inLanguage":"pl-PL"},{"@type":"Organization","@id":"https:\/\/www.hydrotruck.eu\/sklep\/#organization","name":"R\u0119czniki bawe\u0142niane, kapielowe do domu i do hoteli spa","url":"https:\/\/www.hydrotruck.eu\/sklep\/","logo":{"@type":"ImageObject","inLanguage":"pl-PL","@id":"https:\/\/www.hydrotruck.eu\/sklep\/#\/schema\/logo\/image\/","url":"https:\/\/www.hydrotruck.eu\/sklep\/wp-content\/uploads\/2023\/08\/logo_200.png","contentUrl":"https:\/\/www.hydrotruck.eu\/sklep\/wp-content\/uploads\/2023\/08\/logo_200.png","width":200,"height":84,"caption":"R\u0119czniki bawe\u0142niane, kapielowe do domu i do hoteli spa"},"image":{"@id":"https:\/\/www.hydrotruck.eu\/sklep\/#\/schema\/logo\/image\/"}}]}},"acf":[],"_links":{"self":[{"href":"https:\/\/www.hydrotruck.eu\/sklep\/wp-json\/wp\/v2\/product\/2884","targetHints":{"allow":["GET"]}}],"collection":[{"href":"https:\/\/www.hydrotruck.eu\/sklep\/wp-json\/wp\/v2\/product"}],"about":[{"href":"https:\/\/www.hydrotruck.eu\/sklep\/wp-json\/wp\/v2\/types\/product"}],"wp:featuredmedia":[{"embeddable":true,"href":"https:\/\/www.hydrotruck.eu\/sklep\/wp-json\/wp\/v2\/media\/2885"}],"wp:attachment":[{"href":"https:\/\/www.hydrotruck.eu\/sklep\/wp-json\/wp\/v2\/media?parent=2884"}],"wp:term":[{"taxonomy":"product_cat","embeddable":true,"href":"https:\/\/www.hydrotruck.eu\/sklep\/wp-json\/wp\/v2\/product_cat?post=2884"},{"taxonomy":"product_tag","embeddable":true,"href":"https:\/\/www.hydrotruck.eu\/sklep\/wp-json\/wp\/v2\/product_tag?post=2884"}],"curies":[{"name":"wp","href":"https:\/\/api.w.org\/{rel}","templated":true}]}}