{"id":2878,"date":"2023-08-14T11:40:22","date_gmt":"2023-08-14T10:40:22","guid":{"rendered":"https:\/\/www.hydrotruck.eu\/sklep\/?post_type=product&#038;p=2878"},"modified":"2024-04-24T11:11:48","modified_gmt":"2024-04-24T10:11:48","slug":"zlacza-storz-z-gwintem-obrotowym","status":"publish","type":"product","link":"https:\/\/www.hydrotruck.eu\/sklep\/produkt\/zlacza-storz-z-gwintem-obrotowym\/","title":{"rendered":"Z\u0142\u0105cza STORZ z gwintem obrotowym"},"content":{"rendered":"<p>Z\u0142\u0105cza Storz z gwintem obrotowym to innowacyjne rozwi\u0105zanie stosowane w przemy\u015ble, s\u0142u\u017c\u0105ce do \u0142\u0105czenia elastycznych w\u0119\u017cy lub rur. Charakteryzuj\u0105 si\u0119 mo\u017cliwo\u015bci\u0105 obracania gwintu, co umo\u017cliwia wygodne i \u0142atwe \u0142\u0105czenie i roz\u0142\u0105czanie z\u0142\u0105czy. Z\u0142\u0105cza Storz s\u0105 powszechnie u\u017cywane w sektorze stra\u017cy po\u017carnej oraz w przemy\u015ble petrochemicznym i przemys\u0142owym, gdzie niezawodno\u015b\u0107 i szybko\u015b\u0107 dzia\u0142ania s\u0105 kluczowe. Dzi\u0119ki swojej solidnej konstrukcji i precyzyjnemu wykonaniu, z\u0142\u0105cza Storz zapewniaj\u0105 trwa\u0142e i szczelne po\u0142\u0105czenia, eliminuj\u0105c ryzyko wyciek\u00f3w. S\u0105 one r\u00f3wnie\u017c \u0142atwe w obs\u0142udze i wymagaj\u0105 minimalnego wysi\u0142ku, co przek\u0142ada si\u0119 na oszcz\u0119dno\u015b\u0107 czasu i efektywno\u015b\u0107 pracy. Z\u0142\u0105cza Storz z gwintem obrotowym s\u0105 niezast\u0105pionym narz\u0119dziem dla profesjonalist\u00f3w, kt\u00f3rzy potrzebuj\u0105 niezawodnych i wygodnych rozwi\u0105za\u0144 \u0142\u0105czeniowych.<\/p>\n<p><a href=\"https:\/\/www.hydrotruck.eu\/sklep\/kategoria\/czesci-do-silonaczep\/zlacza-do-wezy\/\">Sprawd\u017a wi\u0119cej naszych z\u0142\u0105czy do w\u0119\u017cy.<\/a><\/p>\n","protected":false},"excerpt":{"rendered":"<p>Z\u0142\u0105cza Storz z gwintem obrotowym to innowacyjne rozwi\u0105zanie stosowane w przemy\u015ble, s\u0142u\u017c\u0105ce do \u0142\u0105czenia elastycznych w\u0119\u017cy lub rur. Charakteryzuj\u0105 si\u0119 mo\u017cliwo\u015bci\u0105 obracania gwintu, co umo\u017cliwia wygodne i \u0142atwe \u0142\u0105czenie i roz\u0142\u0105czanie z\u0142\u0105czy. Z\u0142\u0105cza Storz s\u0105 powszechnie u\u017cywane w sektorze stra\u017cy po\u017carnej oraz w przemy\u015ble petrochemicznym i przemys\u0142owym, gdzie niezawodno\u015b\u0107 i szybko\u015b\u0107 dzia\u0142ania s\u0105 kluczowe. Dzi\u0119ki [&hellip;]<\/p>\n","protected":false},"featured_media":2882,"template":"","meta":{"inline_featured_image":false},"product_cat":[92,84],"product_tag":[],"class_list":{"0":"post-2878","1":"product","2":"type-product","3":"status-publish","4":"has-post-thumbnail","6":"product_cat-storz","7":"product_cat-zlacza-do-wezy","9":"first","10":"instock","11":"shipping-taxable","12":"product-type-simple"},"yoast_head":"<!-- This site is optimized with the Yoast SEO plugin v26.9 - https:\/\/yoast.com\/product\/yoast-seo-wordpress\/ -->\n<title>Z\u0142\u0105cza STORZ z gwintem obrotowym - Hydrotruck<\/title>\n<meta name=\"description\" content=\"Z\u0142\u0105cza STORZ z gwintem obrotowym to innowacyjne rozwi\u0105zanie stosowane w przemy\u015ble, s\u0142u\u017c\u0105ce do \u0142\u0105czenia elastycznych w\u0119\u017cy lub rur.\" \/>\n<meta name=\"robots\" content=\"index, follow, max-snippet:-1, max-image-preview:large, max-video-preview:-1\" \/>\n<link rel=\"canonical\" href=\"https:\/\/www.hydrotruck.eu\/sklep\/produkt\/zlacza-storz-z-gwintem-obrotowym\/\" \/>\n<meta property=\"og:locale\" content=\"pl_PL\" \/>\n<meta property=\"og:type\" content=\"article\" \/>\n<meta property=\"og:title\" content=\"Z\u0142\u0105cza STORZ z gwintem obrotowym - Hydrotruck\" \/>\n<meta property=\"og:description\" content=\"Z\u0142\u0105cza STORZ z gwintem obrotowym to innowacyjne rozwi\u0105zanie stosowane w przemy\u015ble, s\u0142u\u017c\u0105ce do \u0142\u0105czenia elastycznych w\u0119\u017cy lub rur.\" \/>\n<meta property=\"og:url\" content=\"https:\/\/www.hydrotruck.eu\/sklep\/produkt\/zlacza-storz-z-gwintem-obrotowym\/\" \/>\n<meta property=\"og:site_name\" content=\"Hydrotruck\" \/>\n<meta property=\"article:modified_time\" content=\"2024-04-24T10:11:48+00:00\" \/>\n<meta property=\"og:image\" content=\"https:\/\/www.hydrotruck.eu\/sklep\/wp-content\/uploads\/2023\/08\/Projekt-bez-nazwy-11.jpg\" \/>\n\t<meta property=\"og:image:width\" content=\"1080\" \/>\n\t<meta property=\"og:image:height\" content=\"1080\" \/>\n\t<meta property=\"og:image:type\" content=\"image\/jpeg\" \/>\n<meta name=\"twitter:card\" content=\"summary_large_image\" \/>\n<meta name=\"twitter:label1\" content=\"Szacowany czas czytania\" \/>\n\t<meta name=\"twitter:data1\" content=\"1 minuta\" \/>\n<script type=\"application\/ld+json\" class=\"yoast-schema-graph\">{\"@context\":\"https:\/\/schema.org\",\"@graph\":[{\"@type\":\"WebPage\",\"@id\":\"https:\/\/www.hydrotruck.eu\/sklep\/produkt\/zlacza-storz-z-gwintem-obrotowym\/\",\"url\":\"https:\/\/www.hydrotruck.eu\/sklep\/produkt\/zlacza-storz-z-gwintem-obrotowym\/\",\"name\":\"Z\u0142\u0105cza STORZ z gwintem obrotowym - Hydrotruck\",\"isPartOf\":{\"@id\":\"https:\/\/www.hydrotruck.eu\/sklep\/#website\"},\"primaryImageOfPage\":{\"@id\":\"https:\/\/www.hydrotruck.eu\/sklep\/produkt\/zlacza-storz-z-gwintem-obrotowym\/#primaryimage\"},\"image\":{\"@id\":\"https:\/\/www.hydrotruck.eu\/sklep\/produkt\/zlacza-storz-z-gwintem-obrotowym\/#primaryimage\"},\"thumbnailUrl\":\"https:\/\/www.hydrotruck.eu\/sklep\/wp-content\/uploads\/2023\/08\/Projekt-bez-nazwy-11.jpg\",\"datePublished\":\"2023-08-14T10:40:22+00:00\",\"dateModified\":\"2024-04-24T10:11:48+00:00\",\"description\":\"Z\u0142\u0105cza STORZ z gwintem obrotowym to innowacyjne rozwi\u0105zanie stosowane w przemy\u015ble, s\u0142u\u017c\u0105ce do \u0142\u0105czenia elastycznych w\u0119\u017cy lub rur.\",\"breadcrumb\":{\"@id\":\"https:\/\/www.hydrotruck.eu\/sklep\/produkt\/zlacza-storz-z-gwintem-obrotowym\/#breadcrumb\"},\"inLanguage\":\"pl-PL\",\"potentialAction\":[{\"@type\":\"ReadAction\",\"target\":[\"https:\/\/www.hydrotruck.eu\/sklep\/produkt\/zlacza-storz-z-gwintem-obrotowym\/\"]}]},{\"@type\":\"ImageObject\",\"inLanguage\":\"pl-PL\",\"@id\":\"https:\/\/www.hydrotruck.eu\/sklep\/produkt\/zlacza-storz-z-gwintem-obrotowym\/#primaryimage\",\"url\":\"https:\/\/www.hydrotruck.eu\/sklep\/wp-content\/uploads\/2023\/08\/Projekt-bez-nazwy-11.jpg\",\"contentUrl\":\"https:\/\/www.hydrotruck.eu\/sklep\/wp-content\/uploads\/2023\/08\/Projekt-bez-nazwy-11.jpg\",\"width\":1080,\"height\":1080,\"caption\":\"Z\u0142\u0105cza STORZ z gwintem obrotowym\"},{\"@type\":\"BreadcrumbList\",\"@id\":\"https:\/\/www.hydrotruck.eu\/sklep\/produkt\/zlacza-storz-z-gwintem-obrotowym\/#breadcrumb\",\"itemListElement\":[{\"@type\":\"ListItem\",\"position\":1,\"name\":\"Strona g\u0142\u00f3wna\",\"item\":\"https:\/\/www.hydrotruck.eu\/sklep\/\"},{\"@type\":\"ListItem\",\"position\":2,\"name\":\"Sklep\",\"item\":\"https:\/\/www.hydrotruck.eu\/sklep\/sklep\/\"},{\"@type\":\"ListItem\",\"position\":3,\"name\":\"Z\u0142\u0105cza STORZ z gwintem obrotowym\"}]},{\"@type\":\"WebSite\",\"@id\":\"https:\/\/www.hydrotruck.eu\/sklep\/#website\",\"url\":\"https:\/\/www.hydrotruck.eu\/sklep\/\",\"name\":\"R\u0119czniki bawe\u0142niane, kapielowe do domu i do hoteli spa\",\"description\":\"Hydrotruck\",\"publisher\":{\"@id\":\"https:\/\/www.hydrotruck.eu\/sklep\/#organization\"},\"potentialAction\":[{\"@type\":\"SearchAction\",\"target\":{\"@type\":\"EntryPoint\",\"urlTemplate\":\"https:\/\/www.hydrotruck.eu\/sklep\/?s={search_term_string}\"},\"query-input\":{\"@type\":\"PropertyValueSpecification\",\"valueRequired\":true,\"valueName\":\"search_term_string\"}}],\"inLanguage\":\"pl-PL\"},{\"@type\":\"Organization\",\"@id\":\"https:\/\/www.hydrotruck.eu\/sklep\/#organization\",\"name\":\"R\u0119czniki bawe\u0142niane, kapielowe do domu i do hoteli spa\",\"url\":\"https:\/\/www.hydrotruck.eu\/sklep\/\",\"logo\":{\"@type\":\"ImageObject\",\"inLanguage\":\"pl-PL\",\"@id\":\"https:\/\/www.hydrotruck.eu\/sklep\/#\/schema\/logo\/image\/\",\"url\":\"https:\/\/www.hydrotruck.eu\/sklep\/wp-content\/uploads\/2023\/08\/logo_200.png\",\"contentUrl\":\"https:\/\/www.hydrotruck.eu\/sklep\/wp-content\/uploads\/2023\/08\/logo_200.png\",\"width\":200,\"height\":84,\"caption\":\"R\u0119czniki bawe\u0142niane, kapielowe do domu i do hoteli spa\"},\"image\":{\"@id\":\"https:\/\/www.hydrotruck.eu\/sklep\/#\/schema\/logo\/image\/\"}}]}<\/script>\n<!-- \/ Yoast SEO plugin. -->","yoast_head_json":{"title":"Z\u0142\u0105cza STORZ z gwintem obrotowym - Hydrotruck","description":"Z\u0142\u0105cza STORZ z gwintem obrotowym to innowacyjne rozwi\u0105zanie stosowane w przemy\u015ble, s\u0142u\u017c\u0105ce do \u0142\u0105czenia elastycznych w\u0119\u017cy lub rur.","robots":{"index":"index","follow":"follow","max-snippet":"max-snippet:-1","max-image-preview":"max-image-preview:large","max-video-preview":"max-video-preview:-1"},"canonical":"https:\/\/www.hydrotruck.eu\/sklep\/produkt\/zlacza-storz-z-gwintem-obrotowym\/","og_locale":"pl_PL","og_type":"article","og_title":"Z\u0142\u0105cza STORZ z gwintem obrotowym - Hydrotruck","og_description":"Z\u0142\u0105cza STORZ z gwintem obrotowym to innowacyjne rozwi\u0105zanie stosowane w przemy\u015ble, s\u0142u\u017c\u0105ce do \u0142\u0105czenia elastycznych w\u0119\u017cy lub rur.","og_url":"https:\/\/www.hydrotruck.eu\/sklep\/produkt\/zlacza-storz-z-gwintem-obrotowym\/","og_site_name":"Hydrotruck","article_modified_time":"2024-04-24T10:11:48+00:00","og_image":[{"width":1080,"height":1080,"url":"https:\/\/www.hydrotruck.eu\/sklep\/wp-content\/uploads\/2023\/08\/Projekt-bez-nazwy-11.jpg","type":"image\/jpeg"}],"twitter_card":"summary_large_image","twitter_misc":{"Szacowany czas czytania":"1 minuta"},"schema":{"@context":"https:\/\/schema.org","@graph":[{"@type":"WebPage","@id":"https:\/\/www.hydrotruck.eu\/sklep\/produkt\/zlacza-storz-z-gwintem-obrotowym\/","url":"https:\/\/www.hydrotruck.eu\/sklep\/produkt\/zlacza-storz-z-gwintem-obrotowym\/","name":"Z\u0142\u0105cza STORZ z gwintem obrotowym - Hydrotruck","isPartOf":{"@id":"https:\/\/www.hydrotruck.eu\/sklep\/#website"},"primaryImageOfPage":{"@id":"https:\/\/www.hydrotruck.eu\/sklep\/produkt\/zlacza-storz-z-gwintem-obrotowym\/#primaryimage"},"image":{"@id":"https:\/\/www.hydrotruck.eu\/sklep\/produkt\/zlacza-storz-z-gwintem-obrotowym\/#primaryimage"},"thumbnailUrl":"https:\/\/www.hydrotruck.eu\/sklep\/wp-content\/uploads\/2023\/08\/Projekt-bez-nazwy-11.jpg","datePublished":"2023-08-14T10:40:22+00:00","dateModified":"2024-04-24T10:11:48+00:00","description":"Z\u0142\u0105cza STORZ z gwintem obrotowym to innowacyjne rozwi\u0105zanie stosowane w przemy\u015ble, s\u0142u\u017c\u0105ce do \u0142\u0105czenia elastycznych w\u0119\u017cy lub rur.","breadcrumb":{"@id":"https:\/\/www.hydrotruck.eu\/sklep\/produkt\/zlacza-storz-z-gwintem-obrotowym\/#breadcrumb"},"inLanguage":"pl-PL","potentialAction":[{"@type":"ReadAction","target":["https:\/\/www.hydrotruck.eu\/sklep\/produkt\/zlacza-storz-z-gwintem-obrotowym\/"]}]},{"@type":"ImageObject","inLanguage":"pl-PL","@id":"https:\/\/www.hydrotruck.eu\/sklep\/produkt\/zlacza-storz-z-gwintem-obrotowym\/#primaryimage","url":"https:\/\/www.hydrotruck.eu\/sklep\/wp-content\/uploads\/2023\/08\/Projekt-bez-nazwy-11.jpg","contentUrl":"https:\/\/www.hydrotruck.eu\/sklep\/wp-content\/uploads\/2023\/08\/Projekt-bez-nazwy-11.jpg","width":1080,"height":1080,"caption":"Z\u0142\u0105cza STORZ z gwintem obrotowym"},{"@type":"BreadcrumbList","@id":"https:\/\/www.hydrotruck.eu\/sklep\/produkt\/zlacza-storz-z-gwintem-obrotowym\/#breadcrumb","itemListElement":[{"@type":"ListItem","position":1,"name":"Strona g\u0142\u00f3wna","item":"https:\/\/www.hydrotruck.eu\/sklep\/"},{"@type":"ListItem","position":2,"name":"Sklep","item":"https:\/\/www.hydrotruck.eu\/sklep\/sklep\/"},{"@type":"ListItem","position":3,"name":"Z\u0142\u0105cza STORZ z gwintem obrotowym"}]},{"@type":"WebSite","@id":"https:\/\/www.hydrotruck.eu\/sklep\/#website","url":"https:\/\/www.hydrotruck.eu\/sklep\/","name":"R\u0119czniki bawe\u0142niane, kapielowe do domu i do hoteli spa","description":"Hydrotruck","publisher":{"@id":"https:\/\/www.hydrotruck.eu\/sklep\/#organization"},"potentialAction":[{"@type":"SearchAction","target":{"@type":"EntryPoint","urlTemplate":"https:\/\/www.hydrotruck.eu\/sklep\/?s={search_term_string}"},"query-input":{"@type":"PropertyValueSpecification","valueRequired":true,"valueName":"search_term_string"}}],"inLanguage":"pl-PL"},{"@type":"Organization","@id":"https:\/\/www.hydrotruck.eu\/sklep\/#organization","name":"R\u0119czniki bawe\u0142niane, kapielowe do domu i do hoteli spa","url":"https:\/\/www.hydrotruck.eu\/sklep\/","logo":{"@type":"ImageObject","inLanguage":"pl-PL","@id":"https:\/\/www.hydrotruck.eu\/sklep\/#\/schema\/logo\/image\/","url":"https:\/\/www.hydrotruck.eu\/sklep\/wp-content\/uploads\/2023\/08\/logo_200.png","contentUrl":"https:\/\/www.hydrotruck.eu\/sklep\/wp-content\/uploads\/2023\/08\/logo_200.png","width":200,"height":84,"caption":"R\u0119czniki bawe\u0142niane, kapielowe do domu i do hoteli spa"},"image":{"@id":"https:\/\/www.hydrotruck.eu\/sklep\/#\/schema\/logo\/image\/"}}]}},"acf":[],"_links":{"self":[{"href":"https:\/\/www.hydrotruck.eu\/sklep\/wp-json\/wp\/v2\/product\/2878","targetHints":{"allow":["GET"]}}],"collection":[{"href":"https:\/\/www.hydrotruck.eu\/sklep\/wp-json\/wp\/v2\/product"}],"about":[{"href":"https:\/\/www.hydrotruck.eu\/sklep\/wp-json\/wp\/v2\/types\/product"}],"wp:featuredmedia":[{"embeddable":true,"href":"https:\/\/www.hydrotruck.eu\/sklep\/wp-json\/wp\/v2\/media\/2882"}],"wp:attachment":[{"href":"https:\/\/www.hydrotruck.eu\/sklep\/wp-json\/wp\/v2\/media?parent=2878"}],"wp:term":[{"taxonomy":"product_cat","embeddable":true,"href":"https:\/\/www.hydrotruck.eu\/sklep\/wp-json\/wp\/v2\/product_cat?post=2878"},{"taxonomy":"product_tag","embeddable":true,"href":"https:\/\/www.hydrotruck.eu\/sklep\/wp-json\/wp\/v2\/product_tag?post=2878"}],"curies":[{"name":"wp","href":"https:\/\/api.w.org\/{rel}","templated":true}]}}