{"id":2875,"date":"2023-08-14T10:34:01","date_gmt":"2023-08-14T09:34:01","guid":{"rendered":"https:\/\/www.hydrotruck.eu\/sklep\/?post_type=product&#038;p=2875"},"modified":"2024-05-17T10:53:59","modified_gmt":"2024-05-17T09:53:59","slug":"uszczelnienia-zlaczy-wloskich-2","status":"publish","type":"product","link":"https:\/\/www.hydrotruck.eu\/sklep\/produkt\/uszczelnienia-zlaczy-wloskich-2\/","title":{"rendered":"Uszczelnienia z\u0142\u0105czy W\u0141OSKICH 4 &#8221;"},"content":{"rendered":"<p><strong>Uszczelnienia z\u0142\u0105czy W\u0141OSKICH Rozmiar Gwintu: 4 &#8221; , Materia\u0142: Bia\u0142a guma<\/strong><\/p>\n<p>W\u0142oskie uszczelnienia z\u0142\u0105czy charakteryzuj\u0105 si\u0119 wysok\u0105 jako\u015bci\u0105 i precyzj\u0105 wykonania.<\/p>\n<p>S\u0105 idealnym rozwi\u0105zaniem dla r\u00f3\u017cnych aplikacji, takich jak przemys\u0142 maszynowy, motoryzacyjny czy hydraulika. Uszczelnienia te zapewniaj\u0105 skuteczn\u0105 ochron\u0119 przed wyciekami p\u0142yn\u00f3w i gaz\u00f3w, dzi\u0119ki czemu z\u0142\u0105cza s\u0105 trwa\u0142e i niezawodne. Ich innowacyjna konstrukcja i materia\u0142y gwarantuj\u0105 doskona\u0142e dopasowanie i d\u0142ugotrwa\u0142\u0105 wydajno\u015b\u0107. W\u0142oskie uszczelnienia z\u0142\u0105czy s\u0105 powszechnie uznawane za produkty najwy\u017cszej jako\u015bci, dostosowane do wymagaj\u0105cych warunk\u00f3w pracy.<\/p>\n<p><a href=\"https:\/\/www.hydrotruck.eu\/sklep\/kategoria\/czesci-do-silonaczep\/zlacza-do-wezy\/wloskie\/\">Sprawd\u017a wi\u0119cej naszych z\u0142\u0105czy do w\u0119\u017cy w\u0142oskich.<\/a><\/p>\n","protected":false},"excerpt":{"rendered":"<p>Uszczelnienia z\u0142\u0105czy W\u0141OSKICH Rozmiar Gwintu: 4 &#8221; , Materia\u0142: Bia\u0142a guma W\u0142oskie uszczelnienia z\u0142\u0105czy charakteryzuj\u0105 si\u0119 wysok\u0105 jako\u015bci\u0105 i precyzj\u0105 wykonania. S\u0105 idealnym rozwi\u0105zaniem dla r\u00f3\u017cnych aplikacji, takich jak przemys\u0142 maszynowy, motoryzacyjny czy hydraulika. Uszczelnienia te zapewniaj\u0105 skuteczn\u0105 ochron\u0119 przed wyciekami p\u0142yn\u00f3w i gaz\u00f3w, dzi\u0119ki czemu z\u0142\u0105cza s\u0105 trwa\u0142e i niezawodne. Ich innowacyjna konstrukcja i [&hellip;]<\/p>\n","protected":false},"featured_media":2873,"template":"","meta":{"inline_featured_image":false},"product_cat":[98,84],"product_tag":[],"class_list":{"0":"post-2875","1":"product","2":"type-product","3":"status-publish","4":"has-post-thumbnail","6":"product_cat-wloskie","7":"product_cat-zlacza-do-wezy","9":"first","10":"instock","11":"shipping-taxable","12":"purchasable","13":"product-type-simple"},"yoast_head":"<!-- This site is optimized with the Yoast SEO plugin v26.9 - https:\/\/yoast.com\/product\/yoast-seo-wordpress\/ -->\n<title>Uszczelnienia z\u0142\u0105czy W\u0141OSKICH 4 &#039;&#039; - Hydrotruck<\/title>\n<meta name=\"description\" content=\"Uszczelnienia z\u0142\u0105czy w\u0142oskich 4 &#039;&#039;. Trwa\u0142e, niezawodne i \u0142atwe w monta\u017cu, zapewniaj\u0105 doskona\u0142\u0105 szczelno\u015b\u0107 w systemach przemys\u0142owych i wodoci\u0105gowych.\" \/>\n<meta name=\"robots\" content=\"index, follow, max-snippet:-1, max-image-preview:large, max-video-preview:-1\" \/>\n<link rel=\"canonical\" href=\"https:\/\/www.hydrotruck.eu\/sklep\/produkt\/uszczelnienia-zlaczy-wloskich-2\/\" \/>\n<meta property=\"og:locale\" content=\"pl_PL\" \/>\n<meta property=\"og:type\" content=\"article\" \/>\n<meta property=\"og:title\" content=\"Uszczelnienia z\u0142\u0105czy W\u0141OSKICH 4 &#039;&#039; - Hydrotruck\" \/>\n<meta property=\"og:description\" content=\"Uszczelnienia z\u0142\u0105czy w\u0142oskich 4 &#039;&#039;. Trwa\u0142e, niezawodne i \u0142atwe w monta\u017cu, zapewniaj\u0105 doskona\u0142\u0105 szczelno\u015b\u0107 w systemach przemys\u0142owych i wodoci\u0105gowych.\" \/>\n<meta property=\"og:url\" content=\"https:\/\/www.hydrotruck.eu\/sklep\/produkt\/uszczelnienia-zlaczy-wloskich-2\/\" \/>\n<meta property=\"og:site_name\" content=\"Hydrotruck\" \/>\n<meta property=\"article:modified_time\" content=\"2024-05-17T09:53:59+00:00\" \/>\n<meta property=\"og:image\" content=\"https:\/\/www.hydrotruck.eu\/sklep\/wp-content\/uploads\/2023\/08\/Projekt-bez-nazwy-9.jpg\" \/>\n\t<meta property=\"og:image:width\" content=\"1080\" \/>\n\t<meta property=\"og:image:height\" content=\"1080\" \/>\n\t<meta property=\"og:image:type\" content=\"image\/jpeg\" \/>\n<meta name=\"twitter:card\" content=\"summary_large_image\" \/>\n<meta name=\"twitter:label1\" content=\"Szacowany czas czytania\" \/>\n\t<meta name=\"twitter:data1\" content=\"1 minuta\" \/>\n<script type=\"application\/ld+json\" class=\"yoast-schema-graph\">{\"@context\":\"https:\/\/schema.org\",\"@graph\":[{\"@type\":\"WebPage\",\"@id\":\"https:\/\/www.hydrotruck.eu\/sklep\/produkt\/uszczelnienia-zlaczy-wloskich-2\/\",\"url\":\"https:\/\/www.hydrotruck.eu\/sklep\/produkt\/uszczelnienia-zlaczy-wloskich-2\/\",\"name\":\"Uszczelnienia z\u0142\u0105czy W\u0141OSKICH 4 '' - Hydrotruck\",\"isPartOf\":{\"@id\":\"https:\/\/www.hydrotruck.eu\/sklep\/#website\"},\"primaryImageOfPage\":{\"@id\":\"https:\/\/www.hydrotruck.eu\/sklep\/produkt\/uszczelnienia-zlaczy-wloskich-2\/#primaryimage\"},\"image\":{\"@id\":\"https:\/\/www.hydrotruck.eu\/sklep\/produkt\/uszczelnienia-zlaczy-wloskich-2\/#primaryimage\"},\"thumbnailUrl\":\"https:\/\/www.hydrotruck.eu\/sklep\/wp-content\/uploads\/2023\/08\/Projekt-bez-nazwy-9.jpg\",\"datePublished\":\"2023-08-14T09:34:01+00:00\",\"dateModified\":\"2024-05-17T09:53:59+00:00\",\"description\":\"Uszczelnienia z\u0142\u0105czy w\u0142oskich 4 ''. Trwa\u0142e, niezawodne i \u0142atwe w monta\u017cu, zapewniaj\u0105 doskona\u0142\u0105 szczelno\u015b\u0107 w systemach przemys\u0142owych i wodoci\u0105gowych.\",\"breadcrumb\":{\"@id\":\"https:\/\/www.hydrotruck.eu\/sklep\/produkt\/uszczelnienia-zlaczy-wloskich-2\/#breadcrumb\"},\"inLanguage\":\"pl-PL\",\"potentialAction\":[{\"@type\":\"ReadAction\",\"target\":[\"https:\/\/www.hydrotruck.eu\/sklep\/produkt\/uszczelnienia-zlaczy-wloskich-2\/\"]}]},{\"@type\":\"ImageObject\",\"inLanguage\":\"pl-PL\",\"@id\":\"https:\/\/www.hydrotruck.eu\/sklep\/produkt\/uszczelnienia-zlaczy-wloskich-2\/#primaryimage\",\"url\":\"https:\/\/www.hydrotruck.eu\/sklep\/wp-content\/uploads\/2023\/08\/Projekt-bez-nazwy-9.jpg\",\"contentUrl\":\"https:\/\/www.hydrotruck.eu\/sklep\/wp-content\/uploads\/2023\/08\/Projekt-bez-nazwy-9.jpg\",\"width\":1080,\"height\":1080,\"caption\":\"Uszczelnienia z\u0142\u0105czy W\u0141OSKICH 4 ''\"},{\"@type\":\"BreadcrumbList\",\"@id\":\"https:\/\/www.hydrotruck.eu\/sklep\/produkt\/uszczelnienia-zlaczy-wloskich-2\/#breadcrumb\",\"itemListElement\":[{\"@type\":\"ListItem\",\"position\":1,\"name\":\"Strona g\u0142\u00f3wna\",\"item\":\"https:\/\/www.hydrotruck.eu\/sklep\/\"},{\"@type\":\"ListItem\",\"position\":2,\"name\":\"Sklep\",\"item\":\"https:\/\/www.hydrotruck.eu\/sklep\/sklep\/\"},{\"@type\":\"ListItem\",\"position\":3,\"name\":\"Uszczelnienia z\u0142\u0105czy W\u0141OSKICH 4 &#8221;\"}]},{\"@type\":\"WebSite\",\"@id\":\"https:\/\/www.hydrotruck.eu\/sklep\/#website\",\"url\":\"https:\/\/www.hydrotruck.eu\/sklep\/\",\"name\":\"R\u0119czniki bawe\u0142niane, kapielowe do domu i do hoteli spa\",\"description\":\"Hydrotruck\",\"publisher\":{\"@id\":\"https:\/\/www.hydrotruck.eu\/sklep\/#organization\"},\"potentialAction\":[{\"@type\":\"SearchAction\",\"target\":{\"@type\":\"EntryPoint\",\"urlTemplate\":\"https:\/\/www.hydrotruck.eu\/sklep\/?s={search_term_string}\"},\"query-input\":{\"@type\":\"PropertyValueSpecification\",\"valueRequired\":true,\"valueName\":\"search_term_string\"}}],\"inLanguage\":\"pl-PL\"},{\"@type\":\"Organization\",\"@id\":\"https:\/\/www.hydrotruck.eu\/sklep\/#organization\",\"name\":\"R\u0119czniki bawe\u0142niane, kapielowe do domu i do hoteli spa\",\"url\":\"https:\/\/www.hydrotruck.eu\/sklep\/\",\"logo\":{\"@type\":\"ImageObject\",\"inLanguage\":\"pl-PL\",\"@id\":\"https:\/\/www.hydrotruck.eu\/sklep\/#\/schema\/logo\/image\/\",\"url\":\"https:\/\/www.hydrotruck.eu\/sklep\/wp-content\/uploads\/2023\/08\/logo_200.png\",\"contentUrl\":\"https:\/\/www.hydrotruck.eu\/sklep\/wp-content\/uploads\/2023\/08\/logo_200.png\",\"width\":200,\"height\":84,\"caption\":\"R\u0119czniki bawe\u0142niane, kapielowe do domu i do hoteli spa\"},\"image\":{\"@id\":\"https:\/\/www.hydrotruck.eu\/sklep\/#\/schema\/logo\/image\/\"}}]}<\/script>\n<!-- \/ Yoast SEO plugin. -->","yoast_head_json":{"title":"Uszczelnienia z\u0142\u0105czy W\u0141OSKICH 4 '' - Hydrotruck","description":"Uszczelnienia z\u0142\u0105czy w\u0142oskich 4 ''. Trwa\u0142e, niezawodne i \u0142atwe w monta\u017cu, zapewniaj\u0105 doskona\u0142\u0105 szczelno\u015b\u0107 w systemach przemys\u0142owych i wodoci\u0105gowych.","robots":{"index":"index","follow":"follow","max-snippet":"max-snippet:-1","max-image-preview":"max-image-preview:large","max-video-preview":"max-video-preview:-1"},"canonical":"https:\/\/www.hydrotruck.eu\/sklep\/produkt\/uszczelnienia-zlaczy-wloskich-2\/","og_locale":"pl_PL","og_type":"article","og_title":"Uszczelnienia z\u0142\u0105czy W\u0141OSKICH 4 '' - Hydrotruck","og_description":"Uszczelnienia z\u0142\u0105czy w\u0142oskich 4 ''. Trwa\u0142e, niezawodne i \u0142atwe w monta\u017cu, zapewniaj\u0105 doskona\u0142\u0105 szczelno\u015b\u0107 w systemach przemys\u0142owych i wodoci\u0105gowych.","og_url":"https:\/\/www.hydrotruck.eu\/sklep\/produkt\/uszczelnienia-zlaczy-wloskich-2\/","og_site_name":"Hydrotruck","article_modified_time":"2024-05-17T09:53:59+00:00","og_image":[{"width":1080,"height":1080,"url":"https:\/\/www.hydrotruck.eu\/sklep\/wp-content\/uploads\/2023\/08\/Projekt-bez-nazwy-9.jpg","type":"image\/jpeg"}],"twitter_card":"summary_large_image","twitter_misc":{"Szacowany czas czytania":"1 minuta"},"schema":{"@context":"https:\/\/schema.org","@graph":[{"@type":"WebPage","@id":"https:\/\/www.hydrotruck.eu\/sklep\/produkt\/uszczelnienia-zlaczy-wloskich-2\/","url":"https:\/\/www.hydrotruck.eu\/sklep\/produkt\/uszczelnienia-zlaczy-wloskich-2\/","name":"Uszczelnienia z\u0142\u0105czy W\u0141OSKICH 4 '' - Hydrotruck","isPartOf":{"@id":"https:\/\/www.hydrotruck.eu\/sklep\/#website"},"primaryImageOfPage":{"@id":"https:\/\/www.hydrotruck.eu\/sklep\/produkt\/uszczelnienia-zlaczy-wloskich-2\/#primaryimage"},"image":{"@id":"https:\/\/www.hydrotruck.eu\/sklep\/produkt\/uszczelnienia-zlaczy-wloskich-2\/#primaryimage"},"thumbnailUrl":"https:\/\/www.hydrotruck.eu\/sklep\/wp-content\/uploads\/2023\/08\/Projekt-bez-nazwy-9.jpg","datePublished":"2023-08-14T09:34:01+00:00","dateModified":"2024-05-17T09:53:59+00:00","description":"Uszczelnienia z\u0142\u0105czy w\u0142oskich 4 ''. Trwa\u0142e, niezawodne i \u0142atwe w monta\u017cu, zapewniaj\u0105 doskona\u0142\u0105 szczelno\u015b\u0107 w systemach przemys\u0142owych i wodoci\u0105gowych.","breadcrumb":{"@id":"https:\/\/www.hydrotruck.eu\/sklep\/produkt\/uszczelnienia-zlaczy-wloskich-2\/#breadcrumb"},"inLanguage":"pl-PL","potentialAction":[{"@type":"ReadAction","target":["https:\/\/www.hydrotruck.eu\/sklep\/produkt\/uszczelnienia-zlaczy-wloskich-2\/"]}]},{"@type":"ImageObject","inLanguage":"pl-PL","@id":"https:\/\/www.hydrotruck.eu\/sklep\/produkt\/uszczelnienia-zlaczy-wloskich-2\/#primaryimage","url":"https:\/\/www.hydrotruck.eu\/sklep\/wp-content\/uploads\/2023\/08\/Projekt-bez-nazwy-9.jpg","contentUrl":"https:\/\/www.hydrotruck.eu\/sklep\/wp-content\/uploads\/2023\/08\/Projekt-bez-nazwy-9.jpg","width":1080,"height":1080,"caption":"Uszczelnienia z\u0142\u0105czy W\u0141OSKICH 4 ''"},{"@type":"BreadcrumbList","@id":"https:\/\/www.hydrotruck.eu\/sklep\/produkt\/uszczelnienia-zlaczy-wloskich-2\/#breadcrumb","itemListElement":[{"@type":"ListItem","position":1,"name":"Strona g\u0142\u00f3wna","item":"https:\/\/www.hydrotruck.eu\/sklep\/"},{"@type":"ListItem","position":2,"name":"Sklep","item":"https:\/\/www.hydrotruck.eu\/sklep\/sklep\/"},{"@type":"ListItem","position":3,"name":"Uszczelnienia z\u0142\u0105czy W\u0141OSKICH 4 &#8221;"}]},{"@type":"WebSite","@id":"https:\/\/www.hydrotruck.eu\/sklep\/#website","url":"https:\/\/www.hydrotruck.eu\/sklep\/","name":"R\u0119czniki bawe\u0142niane, kapielowe do domu i do hoteli spa","description":"Hydrotruck","publisher":{"@id":"https:\/\/www.hydrotruck.eu\/sklep\/#organization"},"potentialAction":[{"@type":"SearchAction","target":{"@type":"EntryPoint","urlTemplate":"https:\/\/www.hydrotruck.eu\/sklep\/?s={search_term_string}"},"query-input":{"@type":"PropertyValueSpecification","valueRequired":true,"valueName":"search_term_string"}}],"inLanguage":"pl-PL"},{"@type":"Organization","@id":"https:\/\/www.hydrotruck.eu\/sklep\/#organization","name":"R\u0119czniki bawe\u0142niane, kapielowe do domu i do hoteli spa","url":"https:\/\/www.hydrotruck.eu\/sklep\/","logo":{"@type":"ImageObject","inLanguage":"pl-PL","@id":"https:\/\/www.hydrotruck.eu\/sklep\/#\/schema\/logo\/image\/","url":"https:\/\/www.hydrotruck.eu\/sklep\/wp-content\/uploads\/2023\/08\/logo_200.png","contentUrl":"https:\/\/www.hydrotruck.eu\/sklep\/wp-content\/uploads\/2023\/08\/logo_200.png","width":200,"height":84,"caption":"R\u0119czniki bawe\u0142niane, kapielowe do domu i do hoteli spa"},"image":{"@id":"https:\/\/www.hydrotruck.eu\/sklep\/#\/schema\/logo\/image\/"}}]}},"acf":[],"_links":{"self":[{"href":"https:\/\/www.hydrotruck.eu\/sklep\/wp-json\/wp\/v2\/product\/2875","targetHints":{"allow":["GET"]}}],"collection":[{"href":"https:\/\/www.hydrotruck.eu\/sklep\/wp-json\/wp\/v2\/product"}],"about":[{"href":"https:\/\/www.hydrotruck.eu\/sklep\/wp-json\/wp\/v2\/types\/product"}],"wp:featuredmedia":[{"embeddable":true,"href":"https:\/\/www.hydrotruck.eu\/sklep\/wp-json\/wp\/v2\/media\/2873"}],"wp:attachment":[{"href":"https:\/\/www.hydrotruck.eu\/sklep\/wp-json\/wp\/v2\/media?parent=2875"}],"wp:term":[{"taxonomy":"product_cat","embeddable":true,"href":"https:\/\/www.hydrotruck.eu\/sklep\/wp-json\/wp\/v2\/product_cat?post=2875"},{"taxonomy":"product_tag","embeddable":true,"href":"https:\/\/www.hydrotruck.eu\/sklep\/wp-json\/wp\/v2\/product_tag?post=2875"}],"curies":[{"name":"wp","href":"https:\/\/api.w.org\/{rel}","templated":true}]}}