{"id":2847,"date":"2023-08-14T09:36:07","date_gmt":"2023-08-14T08:36:07","guid":{"rendered":"https:\/\/www.hydrotruck.eu\/sklep\/?post_type=product&#038;p=2847"},"modified":"2024-05-17T11:20:22","modified_gmt":"2024-05-17T10:20:22","slug":"zlacze-europejskie-tankwagen-zenskie-zapinajace-dn-50-temperaturowe-2","status":"publish","type":"product","link":"https:\/\/www.hydrotruck.eu\/sklep\/produkt\/zlacze-europejskie-tankwagen-zenskie-zapinajace-dn-50-temperaturowe-2\/","title":{"rendered":"Z\u0142\u0105cze Europejskie TANKWAGEN(DN50) temperaturowe \u017ce\u0144skie zapinaj\u0105ce"},"content":{"rendered":"<p><strong>Z\u0142\u0105cze Europejskie TANKWAGEN(DN50) temperaturowe &#8211; \u017ce\u0144skie zapinaj\u0105ce<\/strong><strong>, Gwint wewn\u0119trzny 2&#8221; , Materia\u0142: Stal Nierdzewna<\/strong><br \/>\nStandardowe z\u0142\u0105cze stosowane g\u0142\u00f3wnie w przemy\u015ble transportu i dystrybucji p\u0142yn\u00f3w, takich jak paliwa, oleje czy chemikalia. Jest to typ z\u0142\u0105cza, kt\u00f3re umo\u017cliwia bezpieczne i skuteczne po\u0142\u0105czenie przewod\u00f3w oraz nape\u0142nianie lub opr\u00f3\u017cnianie zbiornik\u00f3w.<\/p>\n<p>Z\u0142\u0105cze Europejskie (TANKWAGEN) &#8211; \u017ce\u0144skie zapinaj\u0105ce ma specyficzny kszta\u0142t i rozmiar, kt\u00f3ry pasuje do odpowiednich z\u0142\u0105czy m\u0119skich. Zazwyczaj wykonane jest z wysokiej jako\u015bci materia\u0142\u00f3w, takich jak aluminium lub stal nierdzewna, aby zapewni\u0107 trwa\u0142o\u015b\u0107 i odporno\u015b\u0107 na korozj\u0119.<\/p>\n<p>Podczas po\u0142\u0105czenia, \u017ce\u0144skie z\u0142\u0105cze Europejskie (TANKWAGEN) jest umieszczane na z\u0142\u0105czu m\u0119skim, a nast\u0119pnie zapinane za pomoc\u0105 mechanizmu blokuj\u0105cego. Ten mechanizm gwarantuje pewne i szczelne po\u0142\u0105czenie, eliminuj\u0105c ryzyko wycieku p\u0142yn\u00f3w.<\/p>\n<p>Z\u0142\u0105cze Europejskie TANKWAGEN(DN50) temperaturowe &#8211; \u017ce\u0144skie zapinaj\u0105ce jest szeroko stosowane w bran\u017cy logistycznej i transportowej, umo\u017cliwiaj\u0105c skuteczne i bezpieczne przep\u0142ywanie p\u0142yn\u00f3w mi\u0119dzy zbiornikami i pojazdami cysternowymi.<\/p>\n<p><a href=\"https:\/\/www.hydrotruck.eu\/sklep\/kategoria\/czesci-do-silonaczep\/zlacza-do-wezy\/europejskie-tw\/\">Sprawd\u017a wi\u0119cej naszych z\u0142\u0105czy do w\u0119\u017cy europejskich TW.<\/a><\/p>\n","protected":false},"excerpt":{"rendered":"<p>Z\u0142\u0105cze Europejskie (TANKWAGEN) &#8211; \u017ce\u0144skie zapinaj\u0105ce<br \/>\nRozmiar DN 50 , Gwint wewn\u0119trzny 2&#8221; , Materia\u0142: Stal Nierdzewna<br \/>\nStandardowe z\u0142\u0105cze stosowane g\u0142\u00f3wnie w przemy\u015ble transportu i dystrybucji p\u0142yn\u00f3w, takich jak paliwa, oleje czy chemikalia. Jest to typ z\u0142\u0105cza, kt\u00f3re umo\u017cliwia bezpieczne i skuteczne po\u0142\u0105czenie przewod\u00f3w oraz nape\u0142nianie lub opr\u00f3\u017cnianie zbiornik\u00f3w.<\/p>\n","protected":false},"featured_media":2843,"template":"","meta":{"inline_featured_image":false},"product_cat":[94,84],"product_tag":[],"class_list":{"0":"post-2847","1":"product","2":"type-product","3":"status-publish","4":"has-post-thumbnail","6":"product_cat-europejskie-tw","7":"product_cat-zlacza-do-wezy","9":"first","10":"instock","11":"shipping-taxable","12":"purchasable","13":"product-type-simple"},"yoast_head":"<!-- This site is optimized with the Yoast SEO plugin v26.9 - https:\/\/yoast.com\/product\/yoast-seo-wordpress\/ -->\n<title>Z\u0142\u0105cze Europejskie TANKWAGEN(DN50) temperaturowe \u017ce\u0144skie - Hydrotruck<\/title>\n<meta name=\"description\" content=\"Z\u0142\u0105cze europejskie TANKWAGEN(DN50) temperaturowe, \u017ce\u0144skie zapinaj\u0105ce. Wytrzyma\u0142e, odporne na wysokie temperatury i niezawodne, idealne do bezpiecznych...\" \/>\n<meta name=\"robots\" content=\"index, follow, max-snippet:-1, max-image-preview:large, max-video-preview:-1\" \/>\n<link rel=\"canonical\" href=\"https:\/\/www.hydrotruck.eu\/sklep\/produkt\/zlacze-europejskie-tankwagen-zenskie-zapinajace-dn-50-temperaturowe-2\/\" \/>\n<meta property=\"og:locale\" content=\"pl_PL\" \/>\n<meta property=\"og:type\" content=\"article\" \/>\n<meta property=\"og:title\" content=\"Z\u0142\u0105cze Europejskie TANKWAGEN(DN50) temperaturowe \u017ce\u0144skie - Hydrotruck\" \/>\n<meta property=\"og:description\" content=\"Z\u0142\u0105cze europejskie TANKWAGEN(DN50) temperaturowe, \u017ce\u0144skie zapinaj\u0105ce. Wytrzyma\u0142e, odporne na wysokie temperatury i niezawodne, idealne do bezpiecznych...\" \/>\n<meta property=\"og:url\" content=\"https:\/\/www.hydrotruck.eu\/sklep\/produkt\/zlacze-europejskie-tankwagen-zenskie-zapinajace-dn-50-temperaturowe-2\/\" \/>\n<meta property=\"og:site_name\" content=\"Hydrotruck\" \/>\n<meta property=\"article:modified_time\" content=\"2024-05-17T10:20:22+00:00\" \/>\n<meta property=\"og:image\" content=\"https:\/\/www.hydrotruck.eu\/sklep\/wp-content\/uploads\/2023\/08\/Projekt-bez-nazwy-18.jpg\" \/>\n\t<meta property=\"og:image:width\" content=\"1080\" \/>\n\t<meta property=\"og:image:height\" content=\"1080\" \/>\n\t<meta property=\"og:image:type\" content=\"image\/jpeg\" \/>\n<meta name=\"twitter:card\" content=\"summary_large_image\" \/>\n<meta name=\"twitter:label1\" content=\"Szacowany czas czytania\" \/>\n\t<meta name=\"twitter:data1\" content=\"1 minuta\" \/>\n<script type=\"application\/ld+json\" class=\"yoast-schema-graph\">{\"@context\":\"https:\/\/schema.org\",\"@graph\":[{\"@type\":\"WebPage\",\"@id\":\"https:\/\/www.hydrotruck.eu\/sklep\/produkt\/zlacze-europejskie-tankwagen-zenskie-zapinajace-dn-50-temperaturowe-2\/\",\"url\":\"https:\/\/www.hydrotruck.eu\/sklep\/produkt\/zlacze-europejskie-tankwagen-zenskie-zapinajace-dn-50-temperaturowe-2\/\",\"name\":\"Z\u0142\u0105cze Europejskie TANKWAGEN(DN50) temperaturowe \u017ce\u0144skie - Hydrotruck\",\"isPartOf\":{\"@id\":\"https:\/\/www.hydrotruck.eu\/sklep\/#website\"},\"primaryImageOfPage\":{\"@id\":\"https:\/\/www.hydrotruck.eu\/sklep\/produkt\/zlacze-europejskie-tankwagen-zenskie-zapinajace-dn-50-temperaturowe-2\/#primaryimage\"},\"image\":{\"@id\":\"https:\/\/www.hydrotruck.eu\/sklep\/produkt\/zlacze-europejskie-tankwagen-zenskie-zapinajace-dn-50-temperaturowe-2\/#primaryimage\"},\"thumbnailUrl\":\"https:\/\/www.hydrotruck.eu\/sklep\/wp-content\/uploads\/2023\/08\/Projekt-bez-nazwy-18.jpg\",\"datePublished\":\"2023-08-14T08:36:07+00:00\",\"dateModified\":\"2024-05-17T10:20:22+00:00\",\"description\":\"Z\u0142\u0105cze europejskie TANKWAGEN(DN50) temperaturowe, \u017ce\u0144skie zapinaj\u0105ce. Wytrzyma\u0142e, odporne na wysokie temperatury i niezawodne, idealne do bezpiecznych...\",\"breadcrumb\":{\"@id\":\"https:\/\/www.hydrotruck.eu\/sklep\/produkt\/zlacze-europejskie-tankwagen-zenskie-zapinajace-dn-50-temperaturowe-2\/#breadcrumb\"},\"inLanguage\":\"pl-PL\",\"potentialAction\":[{\"@type\":\"ReadAction\",\"target\":[\"https:\/\/www.hydrotruck.eu\/sklep\/produkt\/zlacze-europejskie-tankwagen-zenskie-zapinajace-dn-50-temperaturowe-2\/\"]}]},{\"@type\":\"ImageObject\",\"inLanguage\":\"pl-PL\",\"@id\":\"https:\/\/www.hydrotruck.eu\/sklep\/produkt\/zlacze-europejskie-tankwagen-zenskie-zapinajace-dn-50-temperaturowe-2\/#primaryimage\",\"url\":\"https:\/\/www.hydrotruck.eu\/sklep\/wp-content\/uploads\/2023\/08\/Projekt-bez-nazwy-18.jpg\",\"contentUrl\":\"https:\/\/www.hydrotruck.eu\/sklep\/wp-content\/uploads\/2023\/08\/Projekt-bez-nazwy-18.jpg\",\"width\":1080,\"height\":1080,\"caption\":\"Z\u0142\u0105cze Europejskie TANKWAGEN(DN100) temperaturowe \u017ce\u0144skie zapinaj\u0105ce\"},{\"@type\":\"BreadcrumbList\",\"@id\":\"https:\/\/www.hydrotruck.eu\/sklep\/produkt\/zlacze-europejskie-tankwagen-zenskie-zapinajace-dn-50-temperaturowe-2\/#breadcrumb\",\"itemListElement\":[{\"@type\":\"ListItem\",\"position\":1,\"name\":\"Strona g\u0142\u00f3wna\",\"item\":\"https:\/\/www.hydrotruck.eu\/sklep\/\"},{\"@type\":\"ListItem\",\"position\":2,\"name\":\"Sklep\",\"item\":\"https:\/\/www.hydrotruck.eu\/sklep\/sklep\/\"},{\"@type\":\"ListItem\",\"position\":3,\"name\":\"Z\u0142\u0105cze Europejskie TANKWAGEN(DN50) temperaturowe \u017ce\u0144skie zapinaj\u0105ce\"}]},{\"@type\":\"WebSite\",\"@id\":\"https:\/\/www.hydrotruck.eu\/sklep\/#website\",\"url\":\"https:\/\/www.hydrotruck.eu\/sklep\/\",\"name\":\"R\u0119czniki bawe\u0142niane, kapielowe do domu i do hoteli spa\",\"description\":\"Hydrotruck\",\"publisher\":{\"@id\":\"https:\/\/www.hydrotruck.eu\/sklep\/#organization\"},\"potentialAction\":[{\"@type\":\"SearchAction\",\"target\":{\"@type\":\"EntryPoint\",\"urlTemplate\":\"https:\/\/www.hydrotruck.eu\/sklep\/?s={search_term_string}\"},\"query-input\":{\"@type\":\"PropertyValueSpecification\",\"valueRequired\":true,\"valueName\":\"search_term_string\"}}],\"inLanguage\":\"pl-PL\"},{\"@type\":\"Organization\",\"@id\":\"https:\/\/www.hydrotruck.eu\/sklep\/#organization\",\"name\":\"R\u0119czniki bawe\u0142niane, kapielowe do domu i do hoteli spa\",\"url\":\"https:\/\/www.hydrotruck.eu\/sklep\/\",\"logo\":{\"@type\":\"ImageObject\",\"inLanguage\":\"pl-PL\",\"@id\":\"https:\/\/www.hydrotruck.eu\/sklep\/#\/schema\/logo\/image\/\",\"url\":\"https:\/\/www.hydrotruck.eu\/sklep\/wp-content\/uploads\/2023\/08\/logo_200.png\",\"contentUrl\":\"https:\/\/www.hydrotruck.eu\/sklep\/wp-content\/uploads\/2023\/08\/logo_200.png\",\"width\":200,\"height\":84,\"caption\":\"R\u0119czniki bawe\u0142niane, kapielowe do domu i do hoteli spa\"},\"image\":{\"@id\":\"https:\/\/www.hydrotruck.eu\/sklep\/#\/schema\/logo\/image\/\"}}]}<\/script>\n<!-- \/ Yoast SEO plugin. -->","yoast_head_json":{"title":"Z\u0142\u0105cze Europejskie TANKWAGEN(DN50) temperaturowe \u017ce\u0144skie - Hydrotruck","description":"Z\u0142\u0105cze europejskie TANKWAGEN(DN50) temperaturowe, \u017ce\u0144skie zapinaj\u0105ce. Wytrzyma\u0142e, odporne na wysokie temperatury i niezawodne, idealne do bezpiecznych...","robots":{"index":"index","follow":"follow","max-snippet":"max-snippet:-1","max-image-preview":"max-image-preview:large","max-video-preview":"max-video-preview:-1"},"canonical":"https:\/\/www.hydrotruck.eu\/sklep\/produkt\/zlacze-europejskie-tankwagen-zenskie-zapinajace-dn-50-temperaturowe-2\/","og_locale":"pl_PL","og_type":"article","og_title":"Z\u0142\u0105cze Europejskie TANKWAGEN(DN50) temperaturowe \u017ce\u0144skie - Hydrotruck","og_description":"Z\u0142\u0105cze europejskie TANKWAGEN(DN50) temperaturowe, \u017ce\u0144skie zapinaj\u0105ce. Wytrzyma\u0142e, odporne na wysokie temperatury i niezawodne, idealne do bezpiecznych...","og_url":"https:\/\/www.hydrotruck.eu\/sklep\/produkt\/zlacze-europejskie-tankwagen-zenskie-zapinajace-dn-50-temperaturowe-2\/","og_site_name":"Hydrotruck","article_modified_time":"2024-05-17T10:20:22+00:00","og_image":[{"width":1080,"height":1080,"url":"https:\/\/www.hydrotruck.eu\/sklep\/wp-content\/uploads\/2023\/08\/Projekt-bez-nazwy-18.jpg","type":"image\/jpeg"}],"twitter_card":"summary_large_image","twitter_misc":{"Szacowany czas czytania":"1 minuta"},"schema":{"@context":"https:\/\/schema.org","@graph":[{"@type":"WebPage","@id":"https:\/\/www.hydrotruck.eu\/sklep\/produkt\/zlacze-europejskie-tankwagen-zenskie-zapinajace-dn-50-temperaturowe-2\/","url":"https:\/\/www.hydrotruck.eu\/sklep\/produkt\/zlacze-europejskie-tankwagen-zenskie-zapinajace-dn-50-temperaturowe-2\/","name":"Z\u0142\u0105cze Europejskie TANKWAGEN(DN50) temperaturowe \u017ce\u0144skie - Hydrotruck","isPartOf":{"@id":"https:\/\/www.hydrotruck.eu\/sklep\/#website"},"primaryImageOfPage":{"@id":"https:\/\/www.hydrotruck.eu\/sklep\/produkt\/zlacze-europejskie-tankwagen-zenskie-zapinajace-dn-50-temperaturowe-2\/#primaryimage"},"image":{"@id":"https:\/\/www.hydrotruck.eu\/sklep\/produkt\/zlacze-europejskie-tankwagen-zenskie-zapinajace-dn-50-temperaturowe-2\/#primaryimage"},"thumbnailUrl":"https:\/\/www.hydrotruck.eu\/sklep\/wp-content\/uploads\/2023\/08\/Projekt-bez-nazwy-18.jpg","datePublished":"2023-08-14T08:36:07+00:00","dateModified":"2024-05-17T10:20:22+00:00","description":"Z\u0142\u0105cze europejskie TANKWAGEN(DN50) temperaturowe, \u017ce\u0144skie zapinaj\u0105ce. Wytrzyma\u0142e, odporne na wysokie temperatury i niezawodne, idealne do bezpiecznych...","breadcrumb":{"@id":"https:\/\/www.hydrotruck.eu\/sklep\/produkt\/zlacze-europejskie-tankwagen-zenskie-zapinajace-dn-50-temperaturowe-2\/#breadcrumb"},"inLanguage":"pl-PL","potentialAction":[{"@type":"ReadAction","target":["https:\/\/www.hydrotruck.eu\/sklep\/produkt\/zlacze-europejskie-tankwagen-zenskie-zapinajace-dn-50-temperaturowe-2\/"]}]},{"@type":"ImageObject","inLanguage":"pl-PL","@id":"https:\/\/www.hydrotruck.eu\/sklep\/produkt\/zlacze-europejskie-tankwagen-zenskie-zapinajace-dn-50-temperaturowe-2\/#primaryimage","url":"https:\/\/www.hydrotruck.eu\/sklep\/wp-content\/uploads\/2023\/08\/Projekt-bez-nazwy-18.jpg","contentUrl":"https:\/\/www.hydrotruck.eu\/sklep\/wp-content\/uploads\/2023\/08\/Projekt-bez-nazwy-18.jpg","width":1080,"height":1080,"caption":"Z\u0142\u0105cze Europejskie TANKWAGEN(DN100) temperaturowe \u017ce\u0144skie zapinaj\u0105ce"},{"@type":"BreadcrumbList","@id":"https:\/\/www.hydrotruck.eu\/sklep\/produkt\/zlacze-europejskie-tankwagen-zenskie-zapinajace-dn-50-temperaturowe-2\/#breadcrumb","itemListElement":[{"@type":"ListItem","position":1,"name":"Strona g\u0142\u00f3wna","item":"https:\/\/www.hydrotruck.eu\/sklep\/"},{"@type":"ListItem","position":2,"name":"Sklep","item":"https:\/\/www.hydrotruck.eu\/sklep\/sklep\/"},{"@type":"ListItem","position":3,"name":"Z\u0142\u0105cze Europejskie TANKWAGEN(DN50) temperaturowe \u017ce\u0144skie zapinaj\u0105ce"}]},{"@type":"WebSite","@id":"https:\/\/www.hydrotruck.eu\/sklep\/#website","url":"https:\/\/www.hydrotruck.eu\/sklep\/","name":"R\u0119czniki bawe\u0142niane, kapielowe do domu i do hoteli spa","description":"Hydrotruck","publisher":{"@id":"https:\/\/www.hydrotruck.eu\/sklep\/#organization"},"potentialAction":[{"@type":"SearchAction","target":{"@type":"EntryPoint","urlTemplate":"https:\/\/www.hydrotruck.eu\/sklep\/?s={search_term_string}"},"query-input":{"@type":"PropertyValueSpecification","valueRequired":true,"valueName":"search_term_string"}}],"inLanguage":"pl-PL"},{"@type":"Organization","@id":"https:\/\/www.hydrotruck.eu\/sklep\/#organization","name":"R\u0119czniki bawe\u0142niane, kapielowe do domu i do hoteli spa","url":"https:\/\/www.hydrotruck.eu\/sklep\/","logo":{"@type":"ImageObject","inLanguage":"pl-PL","@id":"https:\/\/www.hydrotruck.eu\/sklep\/#\/schema\/logo\/image\/","url":"https:\/\/www.hydrotruck.eu\/sklep\/wp-content\/uploads\/2023\/08\/logo_200.png","contentUrl":"https:\/\/www.hydrotruck.eu\/sklep\/wp-content\/uploads\/2023\/08\/logo_200.png","width":200,"height":84,"caption":"R\u0119czniki bawe\u0142niane, kapielowe do domu i do hoteli spa"},"image":{"@id":"https:\/\/www.hydrotruck.eu\/sklep\/#\/schema\/logo\/image\/"}}]}},"acf":[],"_links":{"self":[{"href":"https:\/\/www.hydrotruck.eu\/sklep\/wp-json\/wp\/v2\/product\/2847","targetHints":{"allow":["GET"]}}],"collection":[{"href":"https:\/\/www.hydrotruck.eu\/sklep\/wp-json\/wp\/v2\/product"}],"about":[{"href":"https:\/\/www.hydrotruck.eu\/sklep\/wp-json\/wp\/v2\/types\/product"}],"wp:featuredmedia":[{"embeddable":true,"href":"https:\/\/www.hydrotruck.eu\/sklep\/wp-json\/wp\/v2\/media\/2843"}],"wp:attachment":[{"href":"https:\/\/www.hydrotruck.eu\/sklep\/wp-json\/wp\/v2\/media?parent=2847"}],"wp:term":[{"taxonomy":"product_cat","embeddable":true,"href":"https:\/\/www.hydrotruck.eu\/sklep\/wp-json\/wp\/v2\/product_cat?post=2847"},{"taxonomy":"product_tag","embeddable":true,"href":"https:\/\/www.hydrotruck.eu\/sklep\/wp-json\/wp\/v2\/product_tag?post=2847"}],"curies":[{"name":"wp","href":"https:\/\/api.w.org\/{rel}","templated":true}]}}