{"id":2833,"date":"2023-08-14T08:46:04","date_gmt":"2023-08-14T07:46:04","guid":{"rendered":"https:\/\/www.hydrotruck.eu\/sklep\/?post_type=product&#038;p=2833"},"modified":"2024-05-17T22:29:11","modified_gmt":"2024-05-17T21:29:11","slug":"zlacze-francuskie-guillemin-do-montazu-przy-pomocy-opasek-dn-80","status":"publish","type":"product","link":"https:\/\/www.hydrotruck.eu\/sklep\/produkt\/zlacze-francuskie-guillemin-do-montazu-przy-pomocy-opasek-dn-80\/","title":{"rendered":"Z\u0142\u0105cze francuskie GUILLEMIN(DN80) do monta\u017cu przy pomocy opasek"},"content":{"rendered":"<p><strong>Z\u0142\u0105cze francuskie GUILLEMIN(DN80) do monta\u017cu przy pomocy opasek <\/strong><\/p>\n<p>Z\u0142\u0105cza zaczepowe symetryczne GUILLEMIN przeznaczone s\u0105 do przemys\u0142owych instalacji przesy\u0142owych i prze\u0142adunkowych substancji p\u0142ynnych i sypkich zgodnie z norm\u0105 EN 14420-8 \/ NF E 29-572. Z\u0142\u0105cza te popularno\u015b\u0107 zawdzi\u0119czaj\u0105 prostemu i \u0142atwemu \u0142\u0105czeniu. Identyczne po\u0142\u00f3wki z\u0142\u0105cza z dwoma zaczepami s\u0105 \u0142\u0105czone poprzez ich przy\u0142o\u017cenie uszczelkami do siebie a nast\u0119pnie obr\u00f3t obu pier\u015bcieni rygluj\u0105cych tak, aby zaczepi\u0142y o zaczepy. Do doci\u0105gni\u0119cia po\u0142\u0105czenia nale\u017cy u\u017cy\u0107 klucza hakowego do z\u0142\u0105czy, przekr\u0119caj\u0105c pier\u015bcienie rygluj\u0105ce o 1\/4 obrotu.<\/p>\n<p><strong>Z\u0142\u0105cza Guillemin<\/strong>\u00a0stosowane s\u0105 do zastosowa\u0144 t\u0142ocznych i ssawno-t\u0142ocznych do wody, cieczy, w\u0119glowodor\u00f3w (w\u0142\u0105czaj\u0105c substancje bitumiczne), chemikali\u00f3w (wersja ze stali nierdzewnej) i materia\u0142\u00f3w sypkich (proszki, granulaty). Nie nadaj\u0105 si\u0119 do pary wodnej i p\u0142ynnych gaz\u00f3w. U\u017cywane s\u0105 w instalacjach przemys\u0142owych, nawadniaj\u0105cych, prze\u0142adunkowych, wyposa\u017ceniu cystern drogowych i kolejowych.<\/p>\n<p>Rozmiar z\u0142\u0105cza okre\u015blony jest poprzez \u015brednic\u0119 nominaln\u0105 DN (od DN20 do DN150) i zwi\u0105zany z ni\u0105 rozstaw zaczep\u00f3w. Wykonane s\u0105 standardowo z aluminium z uszczelnieniem bia\u0142\u0105 gum\u0105 NBR (temperatura pracy: od -10\u00b0C do +80\u00b0C) lub ze stali nierdzewnej AISI 316 z uszczelnieniem z czarnej gumy FKM \u2013 vitonu (temperatura pracy: od -10\u00b0C do +180\u00b0C). Maksymalne ci\u015bnienie robocze z\u0142\u0105czy Guillemin wynosi 16 bar.<\/p>\n<p>Dost\u0119pne z\u0142\u0105cza z ko\u0144c\u00f3wk\u0105 do w\u0119\u017cy, z\u0142\u0105cza z gwintem zewn\u0119trznym i wewn\u0119trznym BSP, za\u015blepki.<\/p>\n<p><strong>Z\u0142\u0105cze francuskie GUILLEMIN(DN80)<\/strong>\u00a0mo\u017ce wyst\u0119powa\u0107 r\u00f3wnie\u017c w wykonaniu z mosi\u0105dzu oraz polipropylenu. Na instalacjach sta\u0142ych stosowane jest cz\u0119sto z\u0142\u0105cze bez pier\u015bcienia rygluj\u0105cego (tylko jeden pier\u015bcie\u0144 rygluj\u0105cy przy\u0142\u0105czanego z\u0142\u0105cza jest potrzebny do po\u0142\u0105czenia z\u0142\u0105czy). Podobnie do pod\u0142\u0105czenia w\u0119\u017ca u\u017cywane jest cz\u0119sto z\u0142\u0105cze Guillemin z pier\u015bcieniem rygluj\u0105cym, ale bez zaczep\u00f3w.<br \/>\nBardzo podobne w kszta\u0142cie do z\u0142\u0105czy Guillemin s\u0105 francuskie z\u0142\u0105cza DSP\/AR w rozmiarach DN40, DN65 i DN100 wg norm NF S61-704 i 705, u\u017cywane przede wszystkim w po\u017carnictwie. Posiadaj\u0105 karby na zaczepach, karbowany pier\u015bcie\u0144 rygluj\u0105cy, uszczelk\u0119 profilowan\u0105 i daj\u0105 si\u0119 \u0142atwiej po\u0142\u0105czy\u0107 bez u\u017cycia klucza. Z\u0142\u0105cza DSP\/AR mog\u0105 da\u0107 si\u0119 po\u0142\u0105czy\u0107 ze z\u0142\u0105czami Guillemin, ale generalnie nie s\u0105 ze sob\u0105 kompatybilne.<\/p>\n<p><a href=\"https:\/\/www.hydrotruck.eu\/sklep\/kategoria\/czesci-do-silonaczep\/zlacza-do-wezy\/guillemin\/\">Sprawd\u017a wi\u0119cej naszych z\u0142\u0105czy do w\u0119\u017cy GUILLEMIN.<\/a><\/p>\n","protected":false},"excerpt":{"rendered":"<p>Z\u0142\u0105cza zaczepowe symetryczne GUILLEMIN\u00a0 (DN 80) przeznaczone s\u0105 do przemys\u0142owych instalacji przesy\u0142owych i prze\u0142adunkowych substancji p\u0142ynnych i sypkich zgodnie z norm\u0105 EN 14420-8 \/ NF E 29-572.<\/p>\n","protected":false},"featured_media":2634,"template":"","meta":{"inline_featured_image":false},"product_cat":[93,84],"product_tag":[],"class_list":{"0":"post-2833","1":"product","2":"type-product","3":"status-publish","4":"has-post-thumbnail","6":"product_cat-guillemin","7":"product_cat-zlacza-do-wezy","9":"first","10":"instock","11":"virtual","12":"product-type-simple"},"yoast_head":"<!-- This site is optimized with the Yoast SEO plugin v26.9 - https:\/\/yoast.com\/product\/yoast-seo-wordpress\/ -->\n<title>Z\u0142\u0105cze francuskie GUILLEMIN(DN80) do monta\u017cu - Hydrotruck<\/title>\n<meta name=\"description\" content=\"Z\u0142\u0105cze francuskie GUILLEMIN(DN80) do monta\u017cu przy pomocy opasek. Solidne, niezawodne i \u0142atwe w instalacji, zapewnia bezpieczne po\u0142\u0105czenia w systemach...\" \/>\n<meta name=\"robots\" content=\"index, follow, max-snippet:-1, max-image-preview:large, max-video-preview:-1\" \/>\n<link rel=\"canonical\" href=\"https:\/\/www.hydrotruck.eu\/sklep\/produkt\/zlacze-francuskie-guillemin-do-montazu-przy-pomocy-opasek-dn-80\/\" \/>\n<meta property=\"og:locale\" content=\"pl_PL\" \/>\n<meta property=\"og:type\" content=\"article\" \/>\n<meta property=\"og:title\" content=\"Z\u0142\u0105cze francuskie GUILLEMIN(DN80) do monta\u017cu - Hydrotruck\" \/>\n<meta property=\"og:description\" content=\"Z\u0142\u0105cze francuskie GUILLEMIN(DN80) do monta\u017cu przy pomocy opasek. Solidne, niezawodne i \u0142atwe w instalacji, zapewnia bezpieczne po\u0142\u0105czenia w systemach...\" \/>\n<meta property=\"og:url\" content=\"https:\/\/www.hydrotruck.eu\/sklep\/produkt\/zlacze-francuskie-guillemin-do-montazu-przy-pomocy-opasek-dn-80\/\" \/>\n<meta property=\"og:site_name\" content=\"Hydrotruck\" \/>\n<meta property=\"article:modified_time\" content=\"2024-05-17T21:29:11+00:00\" \/>\n<meta property=\"og:image\" content=\"https:\/\/www.hydrotruck.eu\/sklep\/wp-content\/uploads\/2023\/07\/produkt-testowy4.jpg\" \/>\n\t<meta property=\"og:image:width\" content=\"400\" \/>\n\t<meta property=\"og:image:height\" content=\"400\" \/>\n\t<meta property=\"og:image:type\" content=\"image\/jpeg\" \/>\n<meta name=\"twitter:card\" content=\"summary_large_image\" \/>\n<meta name=\"twitter:label1\" content=\"Szacowany czas czytania\" \/>\n\t<meta name=\"twitter:data1\" content=\"2 minuty\" \/>\n<script type=\"application\/ld+json\" class=\"yoast-schema-graph\">{\"@context\":\"https:\/\/schema.org\",\"@graph\":[{\"@type\":\"WebPage\",\"@id\":\"https:\/\/www.hydrotruck.eu\/sklep\/produkt\/zlacze-francuskie-guillemin-do-montazu-przy-pomocy-opasek-dn-80\/\",\"url\":\"https:\/\/www.hydrotruck.eu\/sklep\/produkt\/zlacze-francuskie-guillemin-do-montazu-przy-pomocy-opasek-dn-80\/\",\"name\":\"Z\u0142\u0105cze francuskie GUILLEMIN(DN80) do monta\u017cu - Hydrotruck\",\"isPartOf\":{\"@id\":\"https:\/\/www.hydrotruck.eu\/sklep\/#website\"},\"primaryImageOfPage\":{\"@id\":\"https:\/\/www.hydrotruck.eu\/sklep\/produkt\/zlacze-francuskie-guillemin-do-montazu-przy-pomocy-opasek-dn-80\/#primaryimage\"},\"image\":{\"@id\":\"https:\/\/www.hydrotruck.eu\/sklep\/produkt\/zlacze-francuskie-guillemin-do-montazu-przy-pomocy-opasek-dn-80\/#primaryimage\"},\"thumbnailUrl\":\"https:\/\/www.hydrotruck.eu\/sklep\/wp-content\/uploads\/2023\/07\/produkt-testowy4.jpg\",\"datePublished\":\"2023-08-14T07:46:04+00:00\",\"dateModified\":\"2024-05-17T21:29:11+00:00\",\"description\":\"Z\u0142\u0105cze francuskie GUILLEMIN(DN80) do monta\u017cu przy pomocy opasek. Solidne, niezawodne i \u0142atwe w instalacji, zapewnia bezpieczne po\u0142\u0105czenia w systemach...\",\"breadcrumb\":{\"@id\":\"https:\/\/www.hydrotruck.eu\/sklep\/produkt\/zlacze-francuskie-guillemin-do-montazu-przy-pomocy-opasek-dn-80\/#breadcrumb\"},\"inLanguage\":\"pl-PL\",\"potentialAction\":[{\"@type\":\"ReadAction\",\"target\":[\"https:\/\/www.hydrotruck.eu\/sklep\/produkt\/zlacze-francuskie-guillemin-do-montazu-przy-pomocy-opasek-dn-80\/\"]}]},{\"@type\":\"ImageObject\",\"inLanguage\":\"pl-PL\",\"@id\":\"https:\/\/www.hydrotruck.eu\/sklep\/produkt\/zlacze-francuskie-guillemin-do-montazu-przy-pomocy-opasek-dn-80\/#primaryimage\",\"url\":\"https:\/\/www.hydrotruck.eu\/sklep\/wp-content\/uploads\/2023\/07\/produkt-testowy4.jpg\",\"contentUrl\":\"https:\/\/www.hydrotruck.eu\/sklep\/wp-content\/uploads\/2023\/07\/produkt-testowy4.jpg\",\"width\":400,\"height\":400,\"caption\":\"Z\u0142\u0105cze francuskie GUILLEMIN DN100 do monta\u017cu przy pomocy opasek\"},{\"@type\":\"BreadcrumbList\",\"@id\":\"https:\/\/www.hydrotruck.eu\/sklep\/produkt\/zlacze-francuskie-guillemin-do-montazu-przy-pomocy-opasek-dn-80\/#breadcrumb\",\"itemListElement\":[{\"@type\":\"ListItem\",\"position\":1,\"name\":\"Strona g\u0142\u00f3wna\",\"item\":\"https:\/\/www.hydrotruck.eu\/sklep\/\"},{\"@type\":\"ListItem\",\"position\":2,\"name\":\"Sklep\",\"item\":\"https:\/\/www.hydrotruck.eu\/sklep\/sklep\/\"},{\"@type\":\"ListItem\",\"position\":3,\"name\":\"Z\u0142\u0105cze francuskie GUILLEMIN(DN80) do monta\u017cu przy pomocy opasek\"}]},{\"@type\":\"WebSite\",\"@id\":\"https:\/\/www.hydrotruck.eu\/sklep\/#website\",\"url\":\"https:\/\/www.hydrotruck.eu\/sklep\/\",\"name\":\"R\u0119czniki bawe\u0142niane, kapielowe do domu i do hoteli spa\",\"description\":\"Hydrotruck\",\"publisher\":{\"@id\":\"https:\/\/www.hydrotruck.eu\/sklep\/#organization\"},\"potentialAction\":[{\"@type\":\"SearchAction\",\"target\":{\"@type\":\"EntryPoint\",\"urlTemplate\":\"https:\/\/www.hydrotruck.eu\/sklep\/?s={search_term_string}\"},\"query-input\":{\"@type\":\"PropertyValueSpecification\",\"valueRequired\":true,\"valueName\":\"search_term_string\"}}],\"inLanguage\":\"pl-PL\"},{\"@type\":\"Organization\",\"@id\":\"https:\/\/www.hydrotruck.eu\/sklep\/#organization\",\"name\":\"R\u0119czniki bawe\u0142niane, kapielowe do domu i do hoteli spa\",\"url\":\"https:\/\/www.hydrotruck.eu\/sklep\/\",\"logo\":{\"@type\":\"ImageObject\",\"inLanguage\":\"pl-PL\",\"@id\":\"https:\/\/www.hydrotruck.eu\/sklep\/#\/schema\/logo\/image\/\",\"url\":\"https:\/\/www.hydrotruck.eu\/sklep\/wp-content\/uploads\/2023\/08\/logo_200.png\",\"contentUrl\":\"https:\/\/www.hydrotruck.eu\/sklep\/wp-content\/uploads\/2023\/08\/logo_200.png\",\"width\":200,\"height\":84,\"caption\":\"R\u0119czniki bawe\u0142niane, kapielowe do domu i do hoteli spa\"},\"image\":{\"@id\":\"https:\/\/www.hydrotruck.eu\/sklep\/#\/schema\/logo\/image\/\"}}]}<\/script>\n<!-- \/ Yoast SEO plugin. -->","yoast_head_json":{"title":"Z\u0142\u0105cze francuskie GUILLEMIN(DN80) do monta\u017cu - Hydrotruck","description":"Z\u0142\u0105cze francuskie GUILLEMIN(DN80) do monta\u017cu przy pomocy opasek. Solidne, niezawodne i \u0142atwe w instalacji, zapewnia bezpieczne po\u0142\u0105czenia w systemach...","robots":{"index":"index","follow":"follow","max-snippet":"max-snippet:-1","max-image-preview":"max-image-preview:large","max-video-preview":"max-video-preview:-1"},"canonical":"https:\/\/www.hydrotruck.eu\/sklep\/produkt\/zlacze-francuskie-guillemin-do-montazu-przy-pomocy-opasek-dn-80\/","og_locale":"pl_PL","og_type":"article","og_title":"Z\u0142\u0105cze francuskie GUILLEMIN(DN80) do monta\u017cu - Hydrotruck","og_description":"Z\u0142\u0105cze francuskie GUILLEMIN(DN80) do monta\u017cu przy pomocy opasek. Solidne, niezawodne i \u0142atwe w instalacji, zapewnia bezpieczne po\u0142\u0105czenia w systemach...","og_url":"https:\/\/www.hydrotruck.eu\/sklep\/produkt\/zlacze-francuskie-guillemin-do-montazu-przy-pomocy-opasek-dn-80\/","og_site_name":"Hydrotruck","article_modified_time":"2024-05-17T21:29:11+00:00","og_image":[{"width":400,"height":400,"url":"https:\/\/www.hydrotruck.eu\/sklep\/wp-content\/uploads\/2023\/07\/produkt-testowy4.jpg","type":"image\/jpeg"}],"twitter_card":"summary_large_image","twitter_misc":{"Szacowany czas czytania":"2 minuty"},"schema":{"@context":"https:\/\/schema.org","@graph":[{"@type":"WebPage","@id":"https:\/\/www.hydrotruck.eu\/sklep\/produkt\/zlacze-francuskie-guillemin-do-montazu-przy-pomocy-opasek-dn-80\/","url":"https:\/\/www.hydrotruck.eu\/sklep\/produkt\/zlacze-francuskie-guillemin-do-montazu-przy-pomocy-opasek-dn-80\/","name":"Z\u0142\u0105cze francuskie GUILLEMIN(DN80) do monta\u017cu - Hydrotruck","isPartOf":{"@id":"https:\/\/www.hydrotruck.eu\/sklep\/#website"},"primaryImageOfPage":{"@id":"https:\/\/www.hydrotruck.eu\/sklep\/produkt\/zlacze-francuskie-guillemin-do-montazu-przy-pomocy-opasek-dn-80\/#primaryimage"},"image":{"@id":"https:\/\/www.hydrotruck.eu\/sklep\/produkt\/zlacze-francuskie-guillemin-do-montazu-przy-pomocy-opasek-dn-80\/#primaryimage"},"thumbnailUrl":"https:\/\/www.hydrotruck.eu\/sklep\/wp-content\/uploads\/2023\/07\/produkt-testowy4.jpg","datePublished":"2023-08-14T07:46:04+00:00","dateModified":"2024-05-17T21:29:11+00:00","description":"Z\u0142\u0105cze francuskie GUILLEMIN(DN80) do monta\u017cu przy pomocy opasek. Solidne, niezawodne i \u0142atwe w instalacji, zapewnia bezpieczne po\u0142\u0105czenia w systemach...","breadcrumb":{"@id":"https:\/\/www.hydrotruck.eu\/sklep\/produkt\/zlacze-francuskie-guillemin-do-montazu-przy-pomocy-opasek-dn-80\/#breadcrumb"},"inLanguage":"pl-PL","potentialAction":[{"@type":"ReadAction","target":["https:\/\/www.hydrotruck.eu\/sklep\/produkt\/zlacze-francuskie-guillemin-do-montazu-przy-pomocy-opasek-dn-80\/"]}]},{"@type":"ImageObject","inLanguage":"pl-PL","@id":"https:\/\/www.hydrotruck.eu\/sklep\/produkt\/zlacze-francuskie-guillemin-do-montazu-przy-pomocy-opasek-dn-80\/#primaryimage","url":"https:\/\/www.hydrotruck.eu\/sklep\/wp-content\/uploads\/2023\/07\/produkt-testowy4.jpg","contentUrl":"https:\/\/www.hydrotruck.eu\/sklep\/wp-content\/uploads\/2023\/07\/produkt-testowy4.jpg","width":400,"height":400,"caption":"Z\u0142\u0105cze francuskie GUILLEMIN DN100 do monta\u017cu przy pomocy opasek"},{"@type":"BreadcrumbList","@id":"https:\/\/www.hydrotruck.eu\/sklep\/produkt\/zlacze-francuskie-guillemin-do-montazu-przy-pomocy-opasek-dn-80\/#breadcrumb","itemListElement":[{"@type":"ListItem","position":1,"name":"Strona g\u0142\u00f3wna","item":"https:\/\/www.hydrotruck.eu\/sklep\/"},{"@type":"ListItem","position":2,"name":"Sklep","item":"https:\/\/www.hydrotruck.eu\/sklep\/sklep\/"},{"@type":"ListItem","position":3,"name":"Z\u0142\u0105cze francuskie GUILLEMIN(DN80) do monta\u017cu przy pomocy opasek"}]},{"@type":"WebSite","@id":"https:\/\/www.hydrotruck.eu\/sklep\/#website","url":"https:\/\/www.hydrotruck.eu\/sklep\/","name":"R\u0119czniki bawe\u0142niane, kapielowe do domu i do hoteli spa","description":"Hydrotruck","publisher":{"@id":"https:\/\/www.hydrotruck.eu\/sklep\/#organization"},"potentialAction":[{"@type":"SearchAction","target":{"@type":"EntryPoint","urlTemplate":"https:\/\/www.hydrotruck.eu\/sklep\/?s={search_term_string}"},"query-input":{"@type":"PropertyValueSpecification","valueRequired":true,"valueName":"search_term_string"}}],"inLanguage":"pl-PL"},{"@type":"Organization","@id":"https:\/\/www.hydrotruck.eu\/sklep\/#organization","name":"R\u0119czniki bawe\u0142niane, kapielowe do domu i do hoteli spa","url":"https:\/\/www.hydrotruck.eu\/sklep\/","logo":{"@type":"ImageObject","inLanguage":"pl-PL","@id":"https:\/\/www.hydrotruck.eu\/sklep\/#\/schema\/logo\/image\/","url":"https:\/\/www.hydrotruck.eu\/sklep\/wp-content\/uploads\/2023\/08\/logo_200.png","contentUrl":"https:\/\/www.hydrotruck.eu\/sklep\/wp-content\/uploads\/2023\/08\/logo_200.png","width":200,"height":84,"caption":"R\u0119czniki bawe\u0142niane, kapielowe do domu i do hoteli spa"},"image":{"@id":"https:\/\/www.hydrotruck.eu\/sklep\/#\/schema\/logo\/image\/"}}]}},"acf":[],"_links":{"self":[{"href":"https:\/\/www.hydrotruck.eu\/sklep\/wp-json\/wp\/v2\/product\/2833","targetHints":{"allow":["GET"]}}],"collection":[{"href":"https:\/\/www.hydrotruck.eu\/sklep\/wp-json\/wp\/v2\/product"}],"about":[{"href":"https:\/\/www.hydrotruck.eu\/sklep\/wp-json\/wp\/v2\/types\/product"}],"wp:featuredmedia":[{"embeddable":true,"href":"https:\/\/www.hydrotruck.eu\/sklep\/wp-json\/wp\/v2\/media\/2634"}],"wp:attachment":[{"href":"https:\/\/www.hydrotruck.eu\/sklep\/wp-json\/wp\/v2\/media?parent=2833"}],"wp:term":[{"taxonomy":"product_cat","embeddable":true,"href":"https:\/\/www.hydrotruck.eu\/sklep\/wp-json\/wp\/v2\/product_cat?post=2833"},{"taxonomy":"product_tag","embeddable":true,"href":"https:\/\/www.hydrotruck.eu\/sklep\/wp-json\/wp\/v2\/product_tag?post=2833"}],"curies":[{"name":"wp","href":"https:\/\/api.w.org\/{rel}","templated":true}]}}